{"id":4252,"date":"2019-09-19T10:36:30","date_gmt":"2019-09-19T08:36:30","guid":{"rendered":"http:\/\/smartwebmo.cloud:74\/sertam2020\/prodotto\/supreme-airless\/"},"modified":"2019-09-19T10:36:30","modified_gmt":"2019-09-19T08:36:30","slug":"supreme-airless","status":"publish","type":"product","link":"https:\/\/www.sertam.it\/es\/prodotto\/supreme-airless\/","title":{"rendered":"SUPREME AIRLESS"},"content":{"rendered":"<div class=\"vgblk-rw-wrapper limit-wrapper\">\n<p class=\"p1\">Gracias a su gran experiencia en el movimiento lineal y en esmaltaci\u00f3n, SERTAM introduce \u00abSUPREME AIRLESS\u00bb, la estaci\u00f3n para la aplicaci\u00f3n de esmalte en los grandes formatos de hasta 2000 mm.<\/p>\n<p class=\"p1\">La maquina es totalmente de acero inoxidable y tiene un controlador de altas prestaciones, simple y intuitivo<\/p>\n<p class=\"p1\">El movimiento lineal es manejado por medio de un motor Brushless, esto representa la verdadera fuerza de la m\u00e1quina que permiten alcanzar altas velocidades, ausencia de vibraciones, garantizando la perfecta aplicaci\u00f3n del producto.<\/p>\n<p class=\"p1\">L&#8217;aplicaci\u00f3n de esmaltes se efect\u00faa mediante la Bomba Autom\u00e1tica Airless, el producto inisgnia de SERTAM.<\/p>\n<p class=\"p1\">Disponible en versiones con 1 motor y 4 o 6 boquillas.<\/p>\n<p>&nbsp;<\/p>\n<table style=\"height: 500px;\" width=\"500\">\n<tbody>\n<tr>\n<th style=\"text-align: center;\">MAX GREEN SIZE<\/th>\n<th style=\"text-align: center;\" width=\"300\">CABIN OPENING<\/th>\n<\/tr>\n<tr>\n<td width=\"110\">\n<p style=\"text-align: center;\">700 mm<\/p>\n<\/td>\n<td width=\"284\">\n<p style=\"text-align: center;\">900 mm<\/p>\n<\/td>\n<\/tr>\n<tr>\n<td width=\"110\">\n<p style=\"text-align: center;\">800 mm<\/p>\n<\/td>\n<td width=\"284\">\n<p style=\"text-align: center;\">1000 mm<\/p>\n<\/td>\n<\/tr>\n<tr>\n<td width=\"110\">\n<p style=\"text-align: center;\">1000 mm<\/p>\n<\/td>\n<td width=\"284\">\n<p style=\"text-align: center;\">1200 mm<\/p>\n<\/td>\n<\/tr>\n<tr>\n<td style=\"text-align: center;\" width=\"110\">1350 mm<\/td>\n<td width=\"284\">\n<p style=\"text-align: center;\">1500 mm<\/p>\n<\/td>\n<\/tr>\n<tr>\n<td style=\"text-align: center;\" width=\"110\">1450 mm<\/td>\n<td width=\"284\">\n<p style=\"text-align: center;\">1600 mm<\/p>\n<\/td>\n<\/tr>\n<tr>\n<td style=\"text-align: center;\" width=\"110\">1800 mm<\/td>\n<td width=\"284\">\n<p style=\"text-align: center;\">2000 mm<\/p>\n<\/td>\n<\/tr>\n<tr>\n<td style=\"text-align: center;\" width=\"110\">2000 mm<\/td>\n<td style=\"text-align: center;\" width=\"284\">2200 mm<\/td>\n<\/tr>\n<\/tbody>\n<\/table>\n<\/div>\n<p><!-- .vgblk-rw-wrapper --><\/p>\n","protected":false},"excerpt":{"rendered":"<p>Gracias a su gran experiencia en el movimiento lineal y en esmaltaci\u00f3n, SERTAM introduce \u00abSUPREME AIRLESS\u00bb, la estaci\u00f3n para la aplicaci\u00f3n de esmalte en los grandes formatos de hasta 2000 mm. La maquina es totalmente de acero inoxidable y tiene un controlador de altas prestaciones, simple y intuitivo El movimiento lineal es manejado por medio&#8230;<\/p>\n","protected":false},"featured_media":4253,"template":"","meta":[],"product_brand":[],"product_cat":[105],"product_tag":[],"class_list":{"0":"post-4252","1":"product","2":"type-product","3":"status-publish","4":"has-post-thumbnail","6":"product_cat-accesorios-para-la-linea-de-esmaltado","8":"first","9":"instock","10":"shipping-taxable","11":"product-type-simple"},"_links":{"self":[{"href":"https:\/\/www.sertam.it\/es\/wp-json\/wp\/v2\/product\/4252","targetHints":{"allow":["GET"]}}],"collection":[{"href":"https:\/\/www.sertam.it\/es\/wp-json\/wp\/v2\/product"}],"about":[{"href":"https:\/\/www.sertam.it\/es\/wp-json\/wp\/v2\/types\/product"}],"wp:featuredmedia":[{"embeddable":true,"href":"https:\/\/www.sertam.it\/es\/wp-json\/wp\/v2\/media\/4253"}],"wp:attachment":[{"href":"https:\/\/www.sertam.it\/es\/wp-json\/wp\/v2\/media?parent=4252"}],"wp:term":[{"taxonomy":"product_brand","embeddable":true,"href":"https:\/\/www.sertam.it\/es\/wp-json\/wp\/v2\/product_brand?post=4252"},{"taxonomy":"product_cat","embeddable":true,"href":"https:\/\/www.sertam.it\/es\/wp-json\/wp\/v2\/product_cat?post=4252"},{"taxonomy":"product_tag","embeddable":true,"href":"https:\/\/www.sertam.it\/es\/wp-json\/wp\/v2\/product_tag?post=4252"}],"curies":[{"name":"wp","href":"https:\/\/api.w.org\/{rel}","templated":true}]}}