{"id":4548,"date":"2022-10-12T16:31:38","date_gmt":"2022-10-12T14:31:38","guid":{"rendered":"https:\/\/www.sertam.it\/?post_type=product&#038;p=4548"},"modified":"2022-10-12T18:36:17","modified_gmt":"2022-10-12T16:36:17","slug":"bomba-airless-automatica-s3-copia","status":"publish","type":"product","link":"https:\/\/www.sertam.it\/es\/prodotto\/bomba-airless-automatica-s3-copia\/","title":{"rendered":"NOZZLE CHECKER"},"content":{"rendered":"<div class=\"vgblk-rw-wrapper limit-wrapper\">\n<p class=\"p1\">M\u00e1quina para control de caudal autom\u00e1tico en boquilla simple.<\/p>\n<p class=\"p1\">El dispositivo se coloca entre cualquier tipo de bomba airless, de la que recibe el producto, y una cabina de aplicaci\u00f3n a la que lo env\u00eda.<\/p>\n<p class=\"p1\">El monitoreo constante entre el flujo de entrada y salida del producto permite que la m\u00e1quina se\u00f1alice el deterioro parcial o el bloqueo total de una o m\u00e1s boquillas.<\/p>\n<p class=\"p1\">Est\u00e1 disponible para el control de 4 \/ 6 \/ 8 boquillas.<\/p>\n<\/div>\n<p><!-- .vgblk-rw-wrapper --><\/p>\n","protected":false},"excerpt":{"rendered":"<p>M\u00e1quina para control de caudal autom\u00e1tico en boquilla simple. El dispositivo se coloca entre cualquier tipo de bomba airless, de la que recibe el producto, y una cabina de aplicaci\u00f3n a la que lo env\u00eda. El monitoreo constante entre el flujo de entrada y salida del producto permite que la m\u00e1quina se\u00f1alice el deterioro parcial&#8230;<\/p>\n","protected":false},"featured_media":4553,"template":"","meta":[],"product_brand":[],"product_cat":[105],"product_tag":[],"class_list":{"0":"post-4548","1":"product","2":"type-product","3":"status-publish","4":"has-post-thumbnail","6":"product_cat-accesorios-para-la-linea-de-esmaltado","8":"first","9":"instock","10":"shipping-taxable","11":"product-type-simple"},"_links":{"self":[{"href":"https:\/\/www.sertam.it\/es\/wp-json\/wp\/v2\/product\/4548","targetHints":{"allow":["GET"]}}],"collection":[{"href":"https:\/\/www.sertam.it\/es\/wp-json\/wp\/v2\/product"}],"about":[{"href":"https:\/\/www.sertam.it\/es\/wp-json\/wp\/v2\/types\/product"}],"wp:featuredmedia":[{"embeddable":true,"href":"https:\/\/www.sertam.it\/es\/wp-json\/wp\/v2\/media\/4553"}],"wp:attachment":[{"href":"https:\/\/www.sertam.it\/es\/wp-json\/wp\/v2\/media?parent=4548"}],"wp:term":[{"taxonomy":"product_brand","embeddable":true,"href":"https:\/\/www.sertam.it\/es\/wp-json\/wp\/v2\/product_brand?post=4548"},{"taxonomy":"product_cat","embeddable":true,"href":"https:\/\/www.sertam.it\/es\/wp-json\/wp\/v2\/product_cat?post=4548"},{"taxonomy":"product_tag","embeddable":true,"href":"https:\/\/www.sertam.it\/es\/wp-json\/wp\/v2\/product_tag?post=4548"}],"curies":[{"name":"wp","href":"https:\/\/api.w.org\/{rel}","templated":true}]}}