{"id":2423,"date":"2020-11-20T12:51:45","date_gmt":"2020-11-20T11:51:45","guid":{"rendered":"http:\/\/smartwebmo.cloud:74\/sertam2020\/societe\/"},"modified":"2020-11-20T12:51:47","modified_gmt":"2020-11-20T11:51:47","slug":"societe","status":"publish","type":"page","link":"https:\/\/www.sertam.it\/fr\/societe\/","title":{"rendered":"Soci\u00e9t\u00e9"},"content":{"rendered":"<div class=\"wpb-content-wrapper\"><div class=\"vgblk-rw-wrapper limit-wrapper\">[vc_row css=\u00a0\u00bb.vc_custom_1557225262975{margin-right: 10px !important;margin-left: 10px !important;}\u00a0\u00bb][vc_column width=\u00a0\u00bb1\/3&Prime;][vc_single_image image=\u00a0\u00bb1305&Prime; img_size=\u00a0\u00bblarge\u00a0\u00bb][\/vc_column][vc_column width=\u00a0\u00bb2\/3&Prime;][vc_column_text]SERTAM a toujours \u00e9t\u00e9 synonyme de machines \u00e0 s\u00e9rigraphier de qualit\u00e9. Connue dans le monde entier pour ses machines d\u00e9coratives planes et rotatives, elle peut vanter, dans sa riche gamme de produits, les meilleures solutions pour la d\u00e9coration des carreaux.<\/p>\n<div align=\"justify\">\n<div align=\"justify\">\n<p class=\"p1\"> SERTAM est n\u00e9e \u00e0 la fin des ann\u00e9es quatre-vingt, elle a \u00e9t\u00e9 acquise par B.P. Elettronica en Octobre 2011, apr\u00e8s vingt ans de coop\u00e9ration \u00e9troite. L&rsquo;acquisition a renforc\u00e9 la position de march\u00e9 de B.P. Elettronica et SERTAM aussi, elle a cr\u00e9\u00e9 une r\u00e9alit\u00e9 qui peut fournir la solution compl\u00e8te pour la d\u00e9coration c\u00e9ramique: machines d\u2019 haute qualit\u00e9, automatisations personnalis\u00e9es et assistance technique sp\u00e9cialis\u00e9e.<\/p>\n<\/div>\n<\/div>\n<p>[\/vc_column_text][\/vc_column][\/vc_row][vc_row css=\u00a0\u00bb.vc_custom_1557225366096{margin-right: 10px !important;margin-left: 10px !important;}\u00a0\u00bb][vc_column][vc_separator][\/vc_column][\/vc_row][vc_row css=\u00a0\u00bb.vc_custom_1557225279074{margin-right: 10px !important;margin-left: 10px !important;}\u00a0\u00bb][vc_column width=\u00a0\u00bb2\/3&Prime;][vc_column_text][\/vc_column_text][\/vc_column][vc_column width=\u00a0\u00bb1\/3&Prime;][\/vc_column][\/vc_row][vc_row css=\u00a0\u00bb.vc_custom_1557225376084{margin-right: 10px !important;margin-left: 10px !important;}\u00a0\u00bb][vc_column][\/vc_column][\/vc_row][vc_row css=\u00a0\u00bb.vc_custom_1557225289131{margin-right: 10px !important;margin-left: 10px !important;}\u00a0\u00bb][vc_column width=\u00a0\u00bb1\/3&Prime;][\/vc_column][vc_column width=\u00a0\u00bb2\/3&Prime;][vc_column_text][\/vc_column_text][\/vc_column][\/vc_row][vc_row css=\u00a0\u00bb.vc_custom_1557225387789{margin-right: 10px !important;margin-left: 10px !important;}\u00a0\u00bb][vc_column][\/vc_column][\/vc_row][vc_row css=\u00a0\u00bb.vc_custom_1557225299402{margin-right: 10px !important;margin-left: 10px !important;}\u00a0\u00bb][vc_column width=\u00a0\u00bb2\/3&Prime;][vc_column_text][\/vc_column_text][\/vc_column][vc_column width=\u00a0\u00bb1\/3&Prime;][\/vc_column][\/vc_row][vc_row css=\u00a0\u00bb.vc_custom_1557225396826{margin-right: 10px !important;margin-left: 10px !important;}\u00a0\u00bb][vc_column][\/vc_column][\/vc_row][vc_row css=\u00a0\u00bb.vc_custom_1557225309103{margin-right: 10px !important;margin-left: 10px !important;}\u00a0\u00bb][vc_column width=\u00a0\u00bb1\/3&Prime;][\/vc_column][vc_column width=\u00a0\u00bb2\/3&Prime;][vc_column_text][\/vc_column_text][\/vc_column][\/vc_row][vc_row css=\u00a0\u00bb.vc_custom_1557225406738{margin-right: 10px !important;margin-left: 10px !important;}\u00a0\u00bb][vc_column][\/vc_column][\/vc_row][vc_row css=\u00a0\u00bb.vc_custom_1557225320871{margin-right: 10px !important;margin-left: 10px !important;}\u00a0\u00bb][vc_column width=\u00a0\u00bb2\/3&Prime;][vc_column_text][\/vc_column_text][\/vc_column][vc_column width=\u00a0\u00bb1\/3&Prime;][\/vc_column][\/vc_row][vc_row css=\u00a0\u00bb.vc_custom_1557225416009{margin-right: 10px !important;margin-left: 10px !important;}\u00a0\u00bb][vc_column][\/vc_column][\/vc_row][vc_row css=\u00a0\u00bb.vc_custom_1557225330742{margin-right: 10px !important;margin-left: 10px !important;}\u00a0\u00bb][vc_column width=\u00a0\u00bb1\/3&Prime;][\/vc_column][vc_column width=\u00a0\u00bb2\/3&Prime;][vc_column_text][\/vc_column_text][\/vc_column][\/vc_row][vc_row css=\u00a0\u00bb.vc_custom_1557225425488{margin-right: 10px !important;margin-left: 10px !important;}\u00a0\u00bb][vc_column][\/vc_column][\/vc_row][vc_row css=\u00a0\u00bb.vc_custom_1557225341340{margin-right: 10px !important;margin-left: 10px !important;}\u00a0\u00bb][vc_column width=\u00a0\u00bb2\/3&Prime;][vc_column_text][\/vc_column_text][\/vc_column][vc_column width=\u00a0\u00bb1\/3&Prime;][\/vc_column][\/vc_row]<\/p><\/div>\n<p><!-- .vgblk-rw-wrapper --><\/p>\n<\/div>","protected":false},"excerpt":{"rendered":"<p>[vc_row css=\u00a0\u00bb.vc_custom_1557225262975{margin-right: 10px !important;margin-left: 10px !important;}\u00a0\u00bb][vc_column width=\u00a0\u00bb1\/3&Prime;][vc_single_image image=\u00a0\u00bb1305&Prime; img_size=\u00a0\u00bblarge\u00a0\u00bb][\/vc_column][vc_column width=\u00a0\u00bb2\/3&Prime;][vc_column_text]SERTAM a toujours \u00e9t\u00e9 synonyme de machines \u00e0 s\u00e9rigraphier de qualit\u00e9. Connue dans le monde entier pour ses machines d\u00e9coratives planes et rotatives, elle peut vanter, dans sa riche gamme de produits, les meilleures solutions pour la d\u00e9coration des carreaux. SERTAM est n\u00e9e \u00e0 la fin&#8230;<\/p>\n","protected":false},"author":3,"featured_media":0,"parent":0,"menu_order":0,"comment_status":"closed","ping_status":"closed","template":"","meta":{"footnotes":""},"class_list":["post-2423","page","type-page","status-publish","hentry"],"_links":{"self":[{"href":"https:\/\/www.sertam.it\/fr\/wp-json\/wp\/v2\/pages\/2423","targetHints":{"allow":["GET"]}}],"collection":[{"href":"https:\/\/www.sertam.it\/fr\/wp-json\/wp\/v2\/pages"}],"about":[{"href":"https:\/\/www.sertam.it\/fr\/wp-json\/wp\/v2\/types\/page"}],"author":[{"embeddable":true,"href":"https:\/\/www.sertam.it\/fr\/wp-json\/wp\/v2\/users\/3"}],"replies":[{"embeddable":true,"href":"https:\/\/www.sertam.it\/fr\/wp-json\/wp\/v2\/comments?post=2423"}],"version-history":[{"count":0,"href":"https:\/\/www.sertam.it\/fr\/wp-json\/wp\/v2\/pages\/2423\/revisions"}],"wp:attachment":[{"href":"https:\/\/www.sertam.it\/fr\/wp-json\/wp\/v2\/media?parent=2423"}],"curies":[{"name":"wp","href":"https:\/\/api.w.org\/{rel}","templated":true}]}}