{"id":2606,"date":"2020-09-28T16:44:57","date_gmt":"2020-09-28T14:44:57","guid":{"rendered":"http:\/\/smartwebmo.cloud:74\/sertam2020\/prodotto\/calibre-digital\/"},"modified":"2020-09-28T16:44:57","modified_gmt":"2020-09-28T14:44:57","slug":"calibre-digital","status":"publish","type":"product","link":"https:\/\/www.sertam.it\/fr\/prodotto\/calibre-digital\/","title":{"rendered":"CALIBRE DIGITAL"},"content":{"rendered":"<div class=\"vgblk-rw-wrapper limit-wrapper\">\n<p>Le calibre digital est un instrument de mesure pour le un contr\u00f4le de la qualit\u00e9 par sondage.<br \/> Les op\u00e9rations de mesure sont simples et l&rsquo;\u00e9cran LCD fournit instantan\u00e9ment la mesure du carreau r\u00e9alis\u00e9.Par rapport aux instruments de mesure manuels traditionnels, le calibre digital offre un support angulaire particulier sur lequel positionner le bord de la carreaux afin de faire une mesure plus pr\u00e9cise de la diagonale.<br \/> Le calibre digital est \u00e9quip\u00e9 d&rsquo;un chariot \u00e0 roues pivotantes pour une manipulation plus facile.\n<\/p>\n<p>&nbsp;<\/p>\n<table>\n<tbody>\n<tr>\n<td width=\"300\">\n<p style=\"text-align: center;\">MAX TILE SIZE:<\/p>\n<\/td>\n<td style=\"text-align: center;\" width=\"300\">600&#215;1200 mm<\/td>\n<td style=\"text-align: center;\" width=\"300\">1200&#215;1800 mm<\/td>\n<td style=\"text-align: center;\" width=\"300\">1200&#215;1400 mm<\/td>\n<\/tr>\n<\/tbody>\n<\/table>\n<\/div>\n<p><!-- .vgblk-rw-wrapper --><\/p>\n","protected":false},"excerpt":{"rendered":"<p>Le calibre digital est un instrument de mesure pour le un contr\u00f4le de la qualit\u00e9 par sondage. Les op\u00e9rations de mesure sont simples et l&rsquo;\u00e9cran LCD fournit instantan\u00e9ment la mesure du carreau r\u00e9alis\u00e9.Par rapport aux instruments de mesure manuels traditionnels, le calibre digital offre un support angulaire particulier sur lequel positionner le bord de la&#8230;<\/p>\n","protected":false},"featured_media":2609,"template":"","meta":[],"product_brand":[],"product_cat":[107],"product_tag":[],"class_list":{"0":"post-2606","1":"product","2":"type-product","3":"status-publish","4":"has-post-thumbnail","6":"product_cat-lignes-de-tri","8":"first","9":"instock","10":"shipping-taxable","11":"product-type-simple"},"_links":{"self":[{"href":"https:\/\/www.sertam.it\/fr\/wp-json\/wp\/v2\/product\/2606","targetHints":{"allow":["GET"]}}],"collection":[{"href":"https:\/\/www.sertam.it\/fr\/wp-json\/wp\/v2\/product"}],"about":[{"href":"https:\/\/www.sertam.it\/fr\/wp-json\/wp\/v2\/types\/product"}],"wp:featuredmedia":[{"embeddable":true,"href":"https:\/\/www.sertam.it\/fr\/wp-json\/wp\/v2\/media\/2609"}],"wp:attachment":[{"href":"https:\/\/www.sertam.it\/fr\/wp-json\/wp\/v2\/media?parent=2606"}],"wp:term":[{"taxonomy":"product_brand","embeddable":true,"href":"https:\/\/www.sertam.it\/fr\/wp-json\/wp\/v2\/product_brand?post=2606"},{"taxonomy":"product_cat","embeddable":true,"href":"https:\/\/www.sertam.it\/fr\/wp-json\/wp\/v2\/product_cat?post=2606"},{"taxonomy":"product_tag","embeddable":true,"href":"https:\/\/www.sertam.it\/fr\/wp-json\/wp\/v2\/product_tag?post=2606"}],"curies":[{"name":"wp","href":"https:\/\/api.w.org\/{rel}","templated":true}]}}