{"id":2626,"date":"2020-09-01T11:12:31","date_gmt":"2020-09-01T09:12:31","guid":{"rendered":"http:\/\/smartwebmo.cloud:74\/sertam2020\/prodotto\/pompe-airless-automatique\/"},"modified":"2021-01-08T10:17:43","modified_gmt":"2021-01-08T09:17:43","slug":"pompe-airless-automatique","status":"publish","type":"product","link":"https:\/\/www.sertam.it\/fr\/prodotto\/pompe-airless-automatique\/","title":{"rendered":"POMPE AIRLESS AUTOMATIQUE 30-30"},"content":{"rendered":"<div class=\"vgblk-rw-wrapper limit-wrapper\">\n<p class=\"p1\">POMPE AIRLESS AUTOMATIQUE \u00e0 trois pistons pour la parfaite application d\u2019\u00e9maux, engobes, cristallines et grenailles m\u00eame relativement denses et abrasifs.<\/p>\n<p>Moteur \u00e9lectrique 1,5 kW ou 3 kW.<\/p>\n<table style=\"height: 150px;\" width=\"500\">\n<tbody>\n<tr>\n<td width=\"300\">\n<p style=\"text-align: center;\">MAX BAR:<\/p>\n<\/td>\n<td style=\"text-align: center;\" width=\"300\">20<\/td>\n<td style=\"text-align: center;\" width=\"300\">25<\/td>\n<td style=\"text-align: center;\" width=\"300\">30<\/td>\n<\/tr>\n<tr>\n<td width=\"300\">\n<p style=\"text-align: center;\">MAX L\/MIN:<\/p>\n<\/td>\n<td style=\"text-align: center;\" width=\"300\">30<\/td>\n<\/tr>\n<\/tbody>\n<\/table>\n<\/div>\n<p><!-- .vgblk-rw-wrapper --><\/p>\n","protected":false},"excerpt":{"rendered":"<p>POMPE AIRLESS AUTOMATIQUE \u00e0 trois pistons pour la parfaite application d\u2019\u00e9maux, engobes, cristallines et grenailles m\u00eame relativement denses et abrasifs. Moteur \u00e9lectrique 1,5 kW ou 3 kW. MAX BAR: 20 25 30 MAX L\/MIN: 30<\/p>\n","protected":false},"featured_media":2627,"template":"","meta":[],"product_brand":[],"product_cat":[104],"product_tag":[],"class_list":{"0":"post-2626","1":"product","2":"type-product","3":"status-publish","4":"has-post-thumbnail","6":"product_cat-dispositifs-pour-lignes-demaillage","8":"first","9":"instock","10":"shipping-taxable","11":"product-type-simple"},"_links":{"self":[{"href":"https:\/\/www.sertam.it\/fr\/wp-json\/wp\/v2\/product\/2626","targetHints":{"allow":["GET"]}}],"collection":[{"href":"https:\/\/www.sertam.it\/fr\/wp-json\/wp\/v2\/product"}],"about":[{"href":"https:\/\/www.sertam.it\/fr\/wp-json\/wp\/v2\/types\/product"}],"wp:featuredmedia":[{"embeddable":true,"href":"https:\/\/www.sertam.it\/fr\/wp-json\/wp\/v2\/media\/2627"}],"wp:attachment":[{"href":"https:\/\/www.sertam.it\/fr\/wp-json\/wp\/v2\/media?parent=2626"}],"wp:term":[{"taxonomy":"product_brand","embeddable":true,"href":"https:\/\/www.sertam.it\/fr\/wp-json\/wp\/v2\/product_brand?post=2626"},{"taxonomy":"product_cat","embeddable":true,"href":"https:\/\/www.sertam.it\/fr\/wp-json\/wp\/v2\/product_cat?post=2626"},{"taxonomy":"product_tag","embeddable":true,"href":"https:\/\/www.sertam.it\/fr\/wp-json\/wp\/v2\/product_tag?post=2626"}],"curies":[{"name":"wp","href":"https:\/\/api.w.org\/{rel}","templated":true}]}}