{"id":2655,"date":"2020-08-07T19:05:30","date_gmt":"2020-08-07T17:05:30","guid":{"rendered":"http:\/\/smartwebmo.cloud:74\/sertam2020\/prodotto\/diffuseur-transversal-pour-green-blow\/"},"modified":"2020-08-07T19:05:30","modified_gmt":"2020-08-07T17:05:30","slug":"diffuseur-transversal-pour-green-blow","status":"publish","type":"product","link":"https:\/\/www.sertam.it\/fr\/prodotto\/diffuseur-transversal-pour-green-blow\/","title":{"rendered":"DIFFUSEUR TRANSVERSAL POUR GREEN BLOW"},"content":{"rendered":"<div class=\"vgblk-rw-wrapper limit-wrapper\">\n<p class=\"p1\"><span class=\"s1\">Le diffuseur transversal a \u00e9t\u00e9 cr\u00e9\u00e9 pour nettoyer \/ refroidir \/ s\u00e9cher les carreaux de grand format.<\/span><br \/>\n<span class=\"s1\">Connect\u00e9 \u00e0 Green Blow, il permet d&rsquo;obtenir une \u00ab\u00a0lame\u00a0\u00bb d&rsquo;air jusqu&rsquo;\u00e0 1930 mm de long.<\/span><br \/>\n<span class=\"s1\">L&rsquo;assemblage facile et la large plage de rotation du diffuseur permettent une utilisation polyvalente.<\/span><\/p>\n<p>&nbsp;<\/p>\n<table style=\"height: 403px;\" width=\"803\">\n<tbody>\n<tr>\n<th style=\"text-align: center;\" width=\"400\">MODEL<\/th>\n<th style=\"text-align: center;\" width=\"400\">AIRBLADE<\/th>\n<\/tr>\n<tr>\n<td style=\"text-align: center;\">800<\/td>\n<td style=\"text-align: center;\">730 mm<\/td>\n<\/tr>\n<tr>\n<td style=\"text-align: center;\">1000<\/td>\n<td style=\"text-align: center;\">930 mm<\/td>\n<\/tr>\n<tr>\n<td style=\"text-align: center;\">1200<\/td>\n<td style=\"text-align: center;\">1130 mm<\/td>\n<\/tr>\n<tr>\n<td style=\"text-align: center;\">1400<\/td>\n<td style=\"text-align: center;\">1330 mm<\/td>\n<\/tr>\n<tr>\n<td style=\"text-align: center;\">1600<\/td>\n<td style=\"text-align: center;\">1530 mm<\/td>\n<\/tr>\n<tr>\n<td style=\"text-align: center;\">1800<\/td>\n<td style=\"text-align: center;\">1730 mm<\/td>\n<\/tr>\n<tr>\n<td style=\"text-align: center;\">2000<\/td>\n<td style=\"text-align: center;\">1930 mm<\/td>\n<\/tr>\n<\/tbody>\n<\/table>\n<\/div>\n<p><!-- .vgblk-rw-wrapper --><\/p>\n","protected":false},"excerpt":{"rendered":"<p>Le diffuseur transversal a \u00e9t\u00e9 cr\u00e9\u00e9 pour nettoyer \/ refroidir \/ s\u00e9cher les carreaux de grand format. Connect\u00e9 \u00e0 Green Blow, il permet d&rsquo;obtenir une \u00ab\u00a0lame\u00a0\u00bb d&rsquo;air jusqu&rsquo;\u00e0 1930 mm de long. L&rsquo;assemblage facile et la large plage de rotation du diffuseur permettent une utilisation polyvalente. &nbsp; MODEL AIRBLADE 800 730 mm 1000 930 mm&#8230;<\/p>\n","protected":false},"featured_media":2656,"template":"","meta":[],"product_brand":[],"product_cat":[111,112],"product_tag":[],"class_list":{"0":"post-2655","1":"product","2":"type-product","3":"status-publish","4":"has-post-thumbnail","6":"product_cat-dispositifs-pour-le-troisieme-feu","7":"product_cat-dispositifs","9":"first","10":"instock","11":"shipping-taxable","12":"product-type-simple"},"_links":{"self":[{"href":"https:\/\/www.sertam.it\/fr\/wp-json\/wp\/v2\/product\/2655","targetHints":{"allow":["GET"]}}],"collection":[{"href":"https:\/\/www.sertam.it\/fr\/wp-json\/wp\/v2\/product"}],"about":[{"href":"https:\/\/www.sertam.it\/fr\/wp-json\/wp\/v2\/types\/product"}],"wp:featuredmedia":[{"embeddable":true,"href":"https:\/\/www.sertam.it\/fr\/wp-json\/wp\/v2\/media\/2656"}],"wp:attachment":[{"href":"https:\/\/www.sertam.it\/fr\/wp-json\/wp\/v2\/media?parent=2655"}],"wp:term":[{"taxonomy":"product_brand","embeddable":true,"href":"https:\/\/www.sertam.it\/fr\/wp-json\/wp\/v2\/product_brand?post=2655"},{"taxonomy":"product_cat","embeddable":true,"href":"https:\/\/www.sertam.it\/fr\/wp-json\/wp\/v2\/product_cat?post=2655"},{"taxonomy":"product_tag","embeddable":true,"href":"https:\/\/www.sertam.it\/fr\/wp-json\/wp\/v2\/product_tag?post=2655"}],"curies":[{"name":"wp","href":"https:\/\/api.w.org\/{rel}","templated":true}]}}