{"id":2716,"date":"2020-08-05T08:12:06","date_gmt":"2020-08-05T06:12:06","guid":{"rendered":"http:\/\/smartwebmo.cloud:74\/sertam2020\/prodotto\/supreme-f-tr-copia\/"},"modified":"2020-11-25T15:32:33","modified_gmt":"2020-11-25T14:32:33","slug":"supreme-f-tr-copia","status":"publish","type":"product","link":"https:\/\/www.sertam.it\/fr\/prodotto\/supreme-f-tr-copia\/","title":{"rendered":"SUPREME F-TR"},"content":{"rendered":"<div class=\"vgblk-rw-wrapper limit-wrapper\">\n<figure class=\"wp-block-embed wp-block-embed-youtube is-type-video is-provider-youtube epyt-figure\"><div class=\"wp-block-embed__wrapper\"><iframe loading=\"lazy\"  id=\"_ytid_30590\"  width=\"630\" height=\"300\"  data-origwidth=\"630\" data-origheight=\"300\" src=\"https:\/\/www.youtube.com\/embed\/2PiWUANu1gg?enablejsapi=1&autoplay=0&cc_load_policy=0&cc_lang_pref=&iv_load_policy=3&loop=1&playlist=2PiWUANu1gg&rel=1&fs=1&playsinline=0&autohide=2&theme=dark&color=red&controls=1&\" class=\"__youtube_prefs__  no-lazyload\" title=\"YouTube player\"  allow=\"fullscreen; accelerometer; autoplay; clipboard-write; encrypted-media; gyroscope; picture-in-picture\" allowfullscreen data-no-lazy=\"1\" data-skipgform_ajax_framebjll=\"\"><\/iframe><\/div><\/figure>\n<p>&nbsp;<\/p>\n<p>Machines a serigraphier pour la decoration des carreaux en monocuisson, bicuisson, cerame vitrifi\u00e9 et plaques de verre.<br \/>\nD\u00e9coration longitudinale par rapport au sens d\u2019avancement des carreaux avec mouvement sur des guides lin\u00e9aires.<br \/>\nUnit\u00e9 d&rsquo;entra\u00f3nement int\u00e9gr\u00e9e, avancement du mat\u00e9rial par courroies dent\u00e9es antid\u00e9rapantes, actionn\u00e9es par moteur \u00e9lectrique et inverter OMRON.<br \/>\nMachine \u00e9quip\u00e9e d&rsquo;une but\u00e9e m\u00e9canique.<br \/>\nGestion \u00e9lectronique en trois versions:<br \/>\navec PLC OMRON<br \/>\navec PLC SCHNEIDER<br \/>\navec PLC RENESAS 32 Bit<\/p>\n<table style=\"height: 403px;\" width=\"803\">\n<tbody>\n<tr>\n<th style=\"text-align: center;\" width=\"400\">MODEL<\/th>\n<th style=\"text-align: center;\" width=\"400\">MIN. SIZE<\/th>\n<th style=\"text-align: center;\" width=\"400\">MAX. SIZE<\/th>\n<\/tr>\n<tr>\n<td style=\"text-align: center;\">15\/45<\/td>\n<td style=\"text-align: center;\">100&#215;100 mm<\/td>\n<td style=\"text-align: center;\">450&#215;450 mm<\/td>\n<\/tr>\n<tr>\n<td style=\"text-align: center;\">20\/60<\/td>\n<td style=\"text-align: center;\">200&#215;200 mm<\/td>\n<td style=\"text-align: center;\">600&#215;600 mm<\/td>\n<\/tr>\n<tr>\n<td style=\"text-align: center;\">60\/70<\/td>\n<td style=\"text-align: center;\">100&#215;100 mm<\/td>\n<td style=\"text-align: center;\">600&#215;700 mm<\/td>\n<\/tr>\n<tr>\n<td style=\"text-align: center;\">45\/70<\/td>\n<td style=\"text-align: center;\">200&#215;200 mm<\/td>\n<td style=\"text-align: center;\">450&#215;700 mm<\/td>\n<\/tr>\n<tr>\n<td style=\"text-align: center;\">60\/90<\/td>\n<td style=\"text-align: center;\">200&#215;200 mm<\/td>\n<td style=\"text-align: center;\">600&#215;900 mm<\/td>\n<\/tr>\n<tr>\n<td style=\"text-align: center;\">90\/90<\/td>\n<td style=\"text-align: center;\">200&#215;200 mm<\/td>\n<td style=\"text-align: center;\">900&#215;900 mm<\/td>\n<\/tr>\n<tr>\n<td style=\"text-align: center;\">60\/120<\/td>\n<td style=\"text-align: center;\">200&#215;200 mm<\/td>\n<td style=\"text-align: center;\">600&#215;1200 mm<\/td>\n<\/tr>\n<tr>\n<td style=\"text-align: center;\">100\/100<\/td>\n<td style=\"text-align: center;\">200&#215;200 mm<\/td>\n<td style=\"text-align: center;\">1000&#215;1000 mm<\/td>\n<\/tr>\n<tr>\n<td style=\"text-align: center;\">100\/120<\/td>\n<td style=\"text-align: center;\">200&#215;200 mm<\/td>\n<td style=\"text-align: center;\">1000&#215;1200 mm<\/td>\n<\/tr>\n<tr>\n<td style=\"text-align: center;\">120\/120<\/td>\n<td style=\"text-align: center;\">200&#215;200 mm<\/td>\n<td style=\"text-align: center;\">1200&#215;1200 mm<\/td>\n<\/tr>\n<tr>\n<td style=\"text-align: center;\">60\/150<\/td>\n<td style=\"text-align: center;\">200&#215;200 mm<\/td>\n<td style=\"text-align: center;\">600&#215;1500 mm<\/td>\n<\/tr>\n<tr>\n<td style=\"text-align: center;\">150\/300<\/td>\n<td style=\"text-align: center;\">500&#215;500 mm<\/td>\n<td style=\"text-align: center;\">1500&#215;3000 mm<\/td>\n<\/tr>\n<\/tbody>\n<\/table>\n<\/div>\n<p><!-- .vgblk-rw-wrapper --><\/p>\n","protected":false},"excerpt":{"rendered":"<p>&nbsp; Machines a serigraphier pour la decoration des carreaux en monocuisson, bicuisson, cerame vitrifi\u00e9 et plaques de verre. D\u00e9coration longitudinale par rapport au sens d\u2019avancement des carreaux avec mouvement sur des guides lin\u00e9aires. Unit\u00e9 d&rsquo;entra\u00f3nement int\u00e9gr\u00e9e, avancement du mat\u00e9rial par courroies dent\u00e9es antid\u00e9rapantes, actionn\u00e9es par moteur \u00e9lectrique et inverter OMRON. Machine \u00e9quip\u00e9e d&rsquo;une but\u00e9e m\u00e9canique&#8230;.<\/p>\n","protected":false},"featured_media":2717,"template":"","meta":[],"product_brand":[],"product_cat":[117,122],"product_tag":[],"class_list":{"0":"post-2716","1":"product","2":"type-product","3":"status-publish","4":"has-post-thumbnail","6":"product_cat-machines-a-serigraphier-planes","7":"product_cat-machines-a-serigraphier-planes-supreme","9":"first","10":"instock","11":"shipping-taxable","12":"product-type-simple"},"_links":{"self":[{"href":"https:\/\/www.sertam.it\/fr\/wp-json\/wp\/v2\/product\/2716","targetHints":{"allow":["GET"]}}],"collection":[{"href":"https:\/\/www.sertam.it\/fr\/wp-json\/wp\/v2\/product"}],"about":[{"href":"https:\/\/www.sertam.it\/fr\/wp-json\/wp\/v2\/types\/product"}],"wp:featuredmedia":[{"embeddable":true,"href":"https:\/\/www.sertam.it\/fr\/wp-json\/wp\/v2\/media\/2717"}],"wp:attachment":[{"href":"https:\/\/www.sertam.it\/fr\/wp-json\/wp\/v2\/media?parent=2716"}],"wp:term":[{"taxonomy":"product_brand","embeddable":true,"href":"https:\/\/www.sertam.it\/fr\/wp-json\/wp\/v2\/product_brand?post=2716"},{"taxonomy":"product_cat","embeddable":true,"href":"https:\/\/www.sertam.it\/fr\/wp-json\/wp\/v2\/product_cat?post=2716"},{"taxonomy":"product_tag","embeddable":true,"href":"https:\/\/www.sertam.it\/fr\/wp-json\/wp\/v2\/product_tag?post=2716"}],"curies":[{"name":"wp","href":"https:\/\/api.w.org\/{rel}","templated":true}]}}