{"id":2725,"date":"2020-08-04T19:02:45","date_gmt":"2020-08-04T17:02:45","guid":{"rendered":"http:\/\/smartwebmo.cloud:74\/sertam2020\/prodotto\/tfg-12-copia\/"},"modified":"2020-08-04T19:02:45","modified_gmt":"2020-08-04T17:02:45","slug":"tfg-12-copia","status":"publish","type":"product","link":"https:\/\/www.sertam.it\/fr\/prodotto\/tfg-12-copia\/","title":{"rendered":"TFG-12"},"content":{"rendered":"<div class=\"vgblk-rw-wrapper limit-wrapper\">\n<p>Machines a serigraphier pour la decoration des carreaux en monocuisson, bicuisson, cerame vitrifi\u00e9 et plaques de verre.<br \/>\nMouvements de la spatule contr\u00f4l\u00e9s par les onduleurs OMRON.<br \/>\nMachine \u00e9quip\u00e9e d&rsquo;une but\u00e9e m\u00e9canique.<br \/>\nGestion \u00e9lectronique avec PLC RENESAS 32 Bit.<\/p>\n<table>\n<tbody>\n<tr>\n<th style=\"text-align: center;\" width=\"400\">MODEL<\/th>\n<th style=\"text-align: center;\" width=\"400\">MIN. SIZE<\/th>\n<th style=\"text-align: center;\" width=\"400\">MAX. SIZE<\/th>\n<\/tr>\n<tr>\n<td style=\"text-align: center;\">10\/45<\/td>\n<td style=\"text-align: center;\">100&#215;100 mm<\/td>\n<td style=\"text-align: center;\">450&#215;450 mm<\/td>\n<\/tr>\n<tr>\n<td style=\"text-align: center;\">15\/60<\/td>\n<td style=\"text-align: center;\">150&#215;150 mm<\/td>\n<td style=\"text-align: center;\">600&#215;600 mm<\/td>\n<\/tr>\n<\/tbody>\n<\/table>\n<\/div>\n<p><!-- .vgblk-rw-wrapper --><\/p>\n","protected":false},"excerpt":{"rendered":"<p>Machines a serigraphier pour la decoration des carreaux en monocuisson, bicuisson, cerame vitrifi\u00e9 et plaques de verre. Mouvements de la spatule contr\u00f4l\u00e9s par les onduleurs OMRON. Machine \u00e9quip\u00e9e d&rsquo;une but\u00e9e m\u00e9canique. Gestion \u00e9lectronique avec PLC RENESAS 32 Bit. MODEL MIN. SIZE MAX. SIZE 10\/45 100&#215;100 mm 450&#215;450 mm 15\/60 150&#215;150 mm 600&#215;600 mm<\/p>\n","protected":false},"featured_media":2726,"template":"","meta":[],"product_brand":[],"product_cat":[117,125],"product_tag":[],"class_list":{"0":"post-2725","1":"product","2":"type-product","3":"status-publish","4":"has-post-thumbnail","6":"product_cat-machines-a-serigraphier-planes","7":"product_cat-machienes-a-serigraphier-planes","9":"first","10":"instock","11":"shipping-taxable","12":"product-type-simple"},"_links":{"self":[{"href":"https:\/\/www.sertam.it\/fr\/wp-json\/wp\/v2\/product\/2725","targetHints":{"allow":["GET"]}}],"collection":[{"href":"https:\/\/www.sertam.it\/fr\/wp-json\/wp\/v2\/product"}],"about":[{"href":"https:\/\/www.sertam.it\/fr\/wp-json\/wp\/v2\/types\/product"}],"wp:featuredmedia":[{"embeddable":true,"href":"https:\/\/www.sertam.it\/fr\/wp-json\/wp\/v2\/media\/2726"}],"wp:attachment":[{"href":"https:\/\/www.sertam.it\/fr\/wp-json\/wp\/v2\/media?parent=2725"}],"wp:term":[{"taxonomy":"product_brand","embeddable":true,"href":"https:\/\/www.sertam.it\/fr\/wp-json\/wp\/v2\/product_brand?post=2725"},{"taxonomy":"product_cat","embeddable":true,"href":"https:\/\/www.sertam.it\/fr\/wp-json\/wp\/v2\/product_cat?post=2725"},{"taxonomy":"product_tag","embeddable":true,"href":"https:\/\/www.sertam.it\/fr\/wp-json\/wp\/v2\/product_tag?post=2725"}],"curies":[{"name":"wp","href":"https:\/\/api.w.org\/{rel}","templated":true}]}}