{"id":2779,"date":"2020-07-02T17:44:45","date_gmt":"2020-07-02T15:44:45","guid":{"rendered":"http:\/\/smartwebmo.cloud:74\/sertam2020\/prodotto\/cuve-agitateur-8-d-800mm\/"},"modified":"2021-01-14T18:16:02","modified_gmt":"2021-01-14T17:16:02","slug":"cuve-agitateur-8-d-800m","status":"publish","type":"product","link":"https:\/\/www.sertam.it\/fr\/prodotto\/cuve-agitateur-8-d-800m\/","title":{"rendered":"CUVE AGITATEUR 8 D.800m"},"content":{"rendered":"<div class=\"vgblk-rw-wrapper limit-wrapper\">\n<p>Convient pour l&rsquo;agitation de liquides de moyenne et haute densit\u00e9 et de viscosit\u00e9 o\u00f9 le produit est d\u00e9plac\u00e9 par une rotation lente des lames.<br \/>A la pr\u00e9disposition pour une pompe verticale.<\/p>\n<p><strong>Applications:<\/strong><\/p>\n<ul>\n<li>Coupl\u00e9 \u00e0 la pompe verticale le long des lignes de email, il est particuli\u00e8rement adapt\u00e9 pour l&rsquo;alimentation des cloches ou des vela.<\/li>\n<\/ul>\n<p><strong>Avantages:<\/strong><\/p>\n<ul>\n<li>Une agitation lente des lames emp\u00eache la formation de bulles d&rsquo;air<\/li>\n<li>Si la pompe n&rsquo;est pas utilis\u00e9e, elle peut \u00eatre extraite et le vernis est maintenu pr\u00eat par les pales de l&rsquo;agitateur (par exemple la nuit).<\/li>\n<li>Simplicit\u00e9 maximale.<\/li>\n<li>La construction \u00e0 roues facilite le mouvement.<\/li>\n<li>Bas prix.<\/li>\n<\/ul>\n<p><strong>Accessoires associ\u00e9s:<\/strong><\/p>\n<ul>\n<li>Pompes verticales.<\/li>\n<li>Tamis vibrants avec bord de cuve<\/li>\n<li>Extracteurs de fer \u00e0 immersion<\/li>\n<\/ul>\n<\/div>\n<p><!-- .vgblk-rw-wrapper --><\/p>\n","protected":false},"excerpt":{"rendered":"<p>Convient pour l&rsquo;agitation de liquides de moyenne et haute densit\u00e9 et de viscosit\u00e9 o\u00f9 le produit est d\u00e9plac\u00e9 par une rotation lente des lames.A la pr\u00e9disposition pour une pompe verticale. Applications: Coupl\u00e9 \u00e0 la pompe verticale le long des lignes de email, il est particuli\u00e8rement adapt\u00e9 pour l&rsquo;alimentation des cloches ou des vela. Avantages: Une&#8230;<\/p>\n","protected":false},"featured_media":2780,"template":"","meta":[],"product_brand":[],"product_cat":[104],"product_tag":[],"class_list":{"0":"post-2779","1":"product","2":"type-product","3":"status-publish","4":"has-post-thumbnail","6":"product_cat-dispositifs-pour-lignes-demaillage","8":"first","9":"instock","10":"shipping-taxable","11":"product-type-simple"},"_links":{"self":[{"href":"https:\/\/www.sertam.it\/fr\/wp-json\/wp\/v2\/product\/2779","targetHints":{"allow":["GET"]}}],"collection":[{"href":"https:\/\/www.sertam.it\/fr\/wp-json\/wp\/v2\/product"}],"about":[{"href":"https:\/\/www.sertam.it\/fr\/wp-json\/wp\/v2\/types\/product"}],"wp:featuredmedia":[{"embeddable":true,"href":"https:\/\/www.sertam.it\/fr\/wp-json\/wp\/v2\/media\/2780"}],"wp:attachment":[{"href":"https:\/\/www.sertam.it\/fr\/wp-json\/wp\/v2\/media?parent=2779"}],"wp:term":[{"taxonomy":"product_brand","embeddable":true,"href":"https:\/\/www.sertam.it\/fr\/wp-json\/wp\/v2\/product_brand?post=2779"},{"taxonomy":"product_cat","embeddable":true,"href":"https:\/\/www.sertam.it\/fr\/wp-json\/wp\/v2\/product_cat?post=2779"},{"taxonomy":"product_tag","embeddable":true,"href":"https:\/\/www.sertam.it\/fr\/wp-json\/wp\/v2\/product_tag?post=2779"}],"curies":[{"name":"wp","href":"https:\/\/api.w.org\/{rel}","templated":true}]}}