{"id":2807,"date":"2020-06-22T15:49:18","date_gmt":"2020-06-22T13:49:18","guid":{"rendered":"http:\/\/smartwebmo.cloud:74\/sertam2020\/prodotto\/vibrosetaccio-bordo-mastello-d-450mm\/"},"modified":"2020-06-22T15:49:18","modified_gmt":"2020-06-22T13:49:18","slug":"vibrosetaccio-bordo-mastello-d-450mm","status":"publish","type":"product","link":"https:\/\/www.sertam.it\/fr\/prodotto\/vibrosetaccio-bordo-mastello-d-450mm\/","title":{"rendered":"TAMIS VIBRANT D.450mm POUR CUVE"},"content":{"rendered":"<div class=\"vgblk-rw-wrapper limit-wrapper\">\n<p class=\"p1\">Tamis vibrand D.450mm pour \u00e9maux et engobes avec un filet de d\u00e9pistage compos\u00e9 de:<\/p>\n<p class=\"p1\">Couvercle sup\u00e9rieur en c\u00f4ne avec sortie des d\u00e9chets et fermeture \u00e0 bouton;<\/p>\n<p class=\"p1\">Anneau de tension avec anneaux de tension relatifs;<\/p>\n<p class=\"p1\">Embase porte-moteur \u00e0 4 ressorts avec bride de fixation moteur-vibrateur;<\/p>\n<p class=\"p1\">Motovibrateur 0,19 kW, 3000 rpm, 230\/400v, 50 Hz, IP65;<\/p>\n<p class=\"p1\">Support de fixation sur le bord de la baignoire en acier inoxydable AISI 304 avec pieds r\u00e9glables pour l&rsquo;adaptation.<\/p>\n<\/div>\n<p><!-- .vgblk-rw-wrapper --><\/p>\n","protected":false},"excerpt":{"rendered":"<p>Tamis vibrand D.450mm pour \u00e9maux et engobes avec un filet de d\u00e9pistage compos\u00e9 de: Couvercle sup\u00e9rieur en c\u00f4ne avec sortie des d\u00e9chets et fermeture \u00e0 bouton; Anneau de tension avec anneaux de tension relatifs; Embase porte-moteur \u00e0 4 ressorts avec bride de fixation moteur-vibrateur; Motovibrateur 0,19 kW, 3000 rpm, 230\/400v, 50 Hz, IP65; Support de&#8230;<\/p>\n","protected":false},"featured_media":2808,"template":"","meta":[],"product_brand":[],"product_cat":[104],"product_tag":[],"class_list":{"0":"post-2807","1":"product","2":"type-product","3":"status-publish","4":"has-post-thumbnail","6":"product_cat-dispositifs-pour-lignes-demaillage","8":"first","9":"instock","10":"shipping-taxable","11":"product-type-simple"},"_links":{"self":[{"href":"https:\/\/www.sertam.it\/fr\/wp-json\/wp\/v2\/product\/2807","targetHints":{"allow":["GET"]}}],"collection":[{"href":"https:\/\/www.sertam.it\/fr\/wp-json\/wp\/v2\/product"}],"about":[{"href":"https:\/\/www.sertam.it\/fr\/wp-json\/wp\/v2\/types\/product"}],"wp:featuredmedia":[{"embeddable":true,"href":"https:\/\/www.sertam.it\/fr\/wp-json\/wp\/v2\/media\/2808"}],"wp:attachment":[{"href":"https:\/\/www.sertam.it\/fr\/wp-json\/wp\/v2\/media?parent=2807"}],"wp:term":[{"taxonomy":"product_brand","embeddable":true,"href":"https:\/\/www.sertam.it\/fr\/wp-json\/wp\/v2\/product_brand?post=2807"},{"taxonomy":"product_cat","embeddable":true,"href":"https:\/\/www.sertam.it\/fr\/wp-json\/wp\/v2\/product_cat?post=2807"},{"taxonomy":"product_tag","embeddable":true,"href":"https:\/\/www.sertam.it\/fr\/wp-json\/wp\/v2\/product_tag?post=2807"}],"curies":[{"name":"wp","href":"https:\/\/api.w.org\/{rel}","templated":true}]}}