{"id":2834,"date":"2020-06-18T09:56:47","date_gmt":"2020-06-18T07:56:47","guid":{"rendered":"http:\/\/smartwebmo.cloud:74\/sertam2020\/prodotto\/vibrosetaccio-per-smalti-ed-engobbi-con-coperchio\/"},"modified":"2020-06-18T09:56:47","modified_gmt":"2020-06-18T07:56:47","slug":"vibrosetaccio-per-smalti-ed-engobbi-con-coperchio","status":"publish","type":"product","link":"https:\/\/www.sertam.it\/fr\/prodotto\/vibrosetaccio-per-smalti-ed-engobbi-con-coperchio\/","title":{"rendered":"TAMIS VIBRANT SUR ROUES D.450mm"},"content":{"rendered":"<div class=\"vgblk-rw-wrapper limit-wrapper\">\n<p class=\"p1\">Tamis vibrand D.450mm pour \u00e9maux et engobes avec un filet de d\u00e9pistage compos\u00e9 de:<\/p>\n<p class=\"p1\">Couvercle sup\u00e9rieur en acier inoxydable AISI 304 avec fermeture \u00e0 bouton;<\/p>\n<p class=\"p1\">Anneau de tension avec anneaux de tension relatifs;<\/p>\n<p class=\"p1\">Embase porte-moteur \u00e0 4 ressorts avec bride de fixation moteur-vibrateur;<\/p>\n<p class=\"p1\">Motovibrateur 0,24 kW, 3000 rpm, 230\/400V, 50 Hz, IP65;<\/p>\n<p class=\"p1\">Chariot avec bride de support de ressort relative avec 3 pieds r\u00e9glables en hauteur sur roues pour faciliter le mouvement.<\/p>\n<p class=\"p1\">Mat\u00e9riau de constructioN: acier inoxydable AISI 304 L.<\/p>\n<p class=\"p1\">Finition de surface externe \/ interne: d\u00e9capage passivant et micro grenaillage avec sph\u00e8res c\u00e9ramiques RA.1,6.<\/p>\n<\/div>\n<p><!-- .vgblk-rw-wrapper --><\/p>\n","protected":false},"excerpt":{"rendered":"<p>Tamis vibrand D.450mm pour \u00e9maux et engobes avec un filet de d\u00e9pistage compos\u00e9 de: Couvercle sup\u00e9rieur en acier inoxydable AISI 304 avec fermeture \u00e0 bouton; Anneau de tension avec anneaux de tension relatifs; Embase porte-moteur \u00e0 4 ressorts avec bride de fixation moteur-vibrateur; Motovibrateur 0,24 kW, 3000 rpm, 230\/400V, 50 Hz, IP65; Chariot avec bride&#8230;<\/p>\n","protected":false},"featured_media":2835,"template":"","meta":[],"product_brand":[],"product_cat":[104],"product_tag":[],"class_list":{"0":"post-2834","1":"product","2":"type-product","3":"status-publish","4":"has-post-thumbnail","6":"product_cat-dispositifs-pour-lignes-demaillage","8":"first","9":"instock","10":"shipping-taxable","11":"product-type-simple"},"_links":{"self":[{"href":"https:\/\/www.sertam.it\/fr\/wp-json\/wp\/v2\/product\/2834","targetHints":{"allow":["GET"]}}],"collection":[{"href":"https:\/\/www.sertam.it\/fr\/wp-json\/wp\/v2\/product"}],"about":[{"href":"https:\/\/www.sertam.it\/fr\/wp-json\/wp\/v2\/types\/product"}],"wp:featuredmedia":[{"embeddable":true,"href":"https:\/\/www.sertam.it\/fr\/wp-json\/wp\/v2\/media\/2835"}],"wp:attachment":[{"href":"https:\/\/www.sertam.it\/fr\/wp-json\/wp\/v2\/media?parent=2834"}],"wp:term":[{"taxonomy":"product_brand","embeddable":true,"href":"https:\/\/www.sertam.it\/fr\/wp-json\/wp\/v2\/product_brand?post=2834"},{"taxonomy":"product_cat","embeddable":true,"href":"https:\/\/www.sertam.it\/fr\/wp-json\/wp\/v2\/product_cat?post=2834"},{"taxonomy":"product_tag","embeddable":true,"href":"https:\/\/www.sertam.it\/fr\/wp-json\/wp\/v2\/product_tag?post=2834"}],"curies":[{"name":"wp","href":"https:\/\/api.w.org\/{rel}","templated":true}]}}