{"id":2859,"date":"2020-06-17T12:40:54","date_gmt":"2020-06-17T10:40:54","guid":{"rendered":"http:\/\/smartwebmo.cloud:74\/sertam2020\/prodotto\/groupe-de-scrapage-automatique-avec-disques-en-feutre\/"},"modified":"2020-06-17T12:40:54","modified_gmt":"2020-06-17T10:40:54","slug":"groupe-de-scrapage-automatique-avec-disques-en-feutre","status":"publish","type":"product","link":"https:\/\/www.sertam.it\/fr\/prodotto\/groupe-de-scrapage-automatique-avec-disques-en-feutre\/","title":{"rendered":"GROUPE DE SCRAPAGE AUTOMATIQUE AVEC DISQUES EN FEUTRE"},"content":{"rendered":"<div class=\"vgblk-rw-wrapper limit-wrapper\">\n<figure class=\"wp-block-embed wp-block-embed-youtube is-type-video is-provider-youtube epyt-figure\"><div class=\"wp-block-embed__wrapper\"><iframe loading=\"lazy\"  id=\"_ytid_25498\"  width=\"630\" height=\"300\"  data-origwidth=\"630\" data-origheight=\"300\" src=\"https:\/\/www.youtube.com\/embed\/A5orT-TBw54?enablejsapi=1&autoplay=0&cc_load_policy=0&cc_lang_pref=&iv_load_policy=3&loop=1&playlist=A5orT-TBw54&rel=1&fs=1&playsinline=0&autohide=2&theme=dark&color=red&controls=1&\" class=\"__youtube_prefs__  no-lazyload\" title=\"YouTube player\"  allow=\"fullscreen; accelerometer; autoplay; clipboard-write; encrypted-media; gyroscope; picture-in-picture\" allowfullscreen data-no-lazy=\"1\" data-skipgform_ajax_framebjll=\"\"><\/iframe><\/div><\/figure>\n<p>&nbsp;<\/p>\n<p class=\"p1\">Machine pour enlever l&rsquo;\u00e9mail ou les bavures sur les c\u00f4t\u00e9s des carreaux en monocuisson ou double cuisson avec syst\u00e8me de r\u00e9gulation et d&rsquo;ajustement AUTOMATIQUE de la consommation des disques en feutre \u00e9quip\u00e9 avec:<\/p>\n<p class=\"p1\">\u2022 Panneau \u00e9lectrique avec PLC et HMI;;<br \/>\n\u2022 N. 2 photocellules HD pour le contr\u00f4le des disques en feutre;<br \/>\n\u2022 N.2 Onduleur triphas\u00e9 400 V;<br \/>\n\u2022 2 motor\u00e9ducteurs de 0,25 Kw pour d\u00e9placer le bloc moteur et le disque;<br \/>\n\u2022 Photocellule de lecture carreaux et contr\u00f4le de colmatage d&rsquo;entr\u00e9e;<br \/>\n\u2022 Compteur de pi\u00e8ces pour les statistiques de consommation de disque;<br \/>\n\u2022 Relais de bloc de ligne;<br \/>\n\u2022 N.4 Interrupteurs de fin de course;<br \/>\n\u2022 Bouton d&rsquo;urgence;<br \/>\n\u2022 Gestion des param\u00e8tres et des alarmes depuis le contr\u00f4leur;<br \/>\n\u2022 Disques en feutre moyennement dur;<br \/>\n\u2022 Unit\u00e9s de motorisation \u00e0 disques en feutre de 0,37 Kw;<br \/>\n\u2022 Base de support avec barres coulissantes axiales chrom\u00e9es et vis de positionnement anti-blocage avec bo\u00eetier en acier inoxydable AISI 304;<\/p>\n<p class=\"p1\">\u2022 Possibilit\u00e9 d&rsquo;ajuster la hauteur et l&rsquo;angle des disques \u00e0 l&rsquo;aide des poign\u00e9e.<\/p>\n<p class=\"p1\">Les unit\u00e9s moteur et disque peuvent \u00eatre r\u00e9gl\u00e9es en ouverture et en fermeture ind\u00e9pendamment l&rsquo;une de l&rsquo;autre, le r\u00e9glage peut \u00eatre effectu\u00e9 des deux c\u00f4t\u00e9s de la machine, pouvant ainsi s&rsquo;adapter au format des carreaux et au niveau de consommation des disques. La machine est \u00e9quip\u00e9e de n. 2 moteurs 0,37 Kw, tension et fr\u00e9quence sur demande.<\/p>\n<p class=\"p1\">Optional:<\/p>\n<ul class=\"ul1\">\n<li class=\"li1\">N. 2 onduleurs pour r\u00e9gler la vitesse des disques en feutre;<\/li>\n<li class=\"li1\">Contr\u00f4le automatique de la rotation du disque avec signal d&rsquo;alarme et \/ ou bloc de ligne en cas d&rsquo;arr\u00eat de la rotation m\u00eame d&rsquo;un seul disque;<\/li>\n<li class=\"li1\">R\u00e9glage num\u00e9rique de la dimension des carreaux.<\/li>\n<\/ul>\n<p class=\"p1\">Avantages:<\/p>\n<ul class=\"ul1\">\n<li class=\"li1\">Maintien constant dans le temps du positionnement correct des disques;<\/li>\n<li class=\"li1\">Moins de consommation de disques;<\/li>\n<li class=\"li1\">R\u00e9duction du nombre d&rsquo;interventions de l&rsquo;op\u00e9rateur.<\/li>\n<\/ul>\n<p>&nbsp;<\/p>\n<table style=\"height: 403px;\" width=\"803\">\n<tbody>\n<tr>\n<th style=\"text-align: center;\" width=\"400\">MODEL<\/th>\n<th style=\"text-align: center;\" width=\"400\">MIN. SIZE<\/th>\n<th style=\"text-align: center;\" width=\"400\">MAX. ENTRY SIZE<\/th>\n<\/tr>\n<tr>\n<td style=\"text-align: center;\">450<\/td>\n<td style=\"text-align: center;\">100 mm<\/td>\n<td style=\"text-align: center;\">450 mm<\/td>\n<\/tr>\n<tr>\n<td style=\"text-align: center;\">660<\/td>\n<td style=\"text-align: center;\">100 mm<\/td>\n<td style=\"text-align: center;\">660 mm<\/td>\n<\/tr>\n<tr>\n<td style=\"text-align: center;\">900<\/td>\n<td style=\"text-align: center;\">100 mm<\/td>\n<td style=\"text-align: center;\">900 mm<\/td>\n<\/tr>\n<tr>\n<td style=\"text-align: center;\">1100<\/td>\n<td style=\"text-align: center;\">100 mm<\/td>\n<td style=\"text-align: center;\">1100 mm<\/td>\n<\/tr>\n<tr>\n<td style=\"text-align: center;\">1300<\/td>\n<td style=\"text-align: center;\">100 mm<\/td>\n<td style=\"text-align: center;\">1300 mm<\/td>\n<\/tr>\n<tr>\n<td style=\"text-align: center;\">1500<\/td>\n<td style=\"text-align: center;\">100 mm<\/td>\n<td style=\"text-align: center;\">1500 mm<\/td>\n<\/tr>\n<tr>\n<td style=\"text-align: center;\">1850<\/td>\n<td style=\"text-align: center;\">100 mm<\/td>\n<td style=\"text-align: center;\">1850 mm<\/td>\n<\/tr>\n<\/tbody>\n<\/table>\n<p>&nbsp;<\/p>\n<\/div>\n<p><!-- .vgblk-rw-wrapper --><\/p>\n","protected":false},"excerpt":{"rendered":"<p>&nbsp; Machine pour enlever l&rsquo;\u00e9mail ou les bavures sur les c\u00f4t\u00e9s des carreaux en monocuisson ou double cuisson avec syst\u00e8me de r\u00e9gulation et d&rsquo;ajustement AUTOMATIQUE de la consommation des disques en feutre \u00e9quip\u00e9 avec: \u2022 Panneau \u00e9lectrique avec PLC et HMI;; \u2022 N. 2 photocellules HD pour le contr\u00f4le des disques en feutre; \u2022 N.2&#8230;<\/p>\n","protected":false},"featured_media":2864,"template":"","meta":[],"product_brand":[],"product_cat":[104],"product_tag":[],"class_list":{"0":"post-2859","1":"product","2":"type-product","3":"status-publish","4":"has-post-thumbnail","6":"product_cat-dispositifs-pour-lignes-demaillage","8":"first","9":"instock","10":"shipping-taxable","11":"product-type-simple"},"_links":{"self":[{"href":"https:\/\/www.sertam.it\/fr\/wp-json\/wp\/v2\/product\/2859","targetHints":{"allow":["GET"]}}],"collection":[{"href":"https:\/\/www.sertam.it\/fr\/wp-json\/wp\/v2\/product"}],"about":[{"href":"https:\/\/www.sertam.it\/fr\/wp-json\/wp\/v2\/types\/product"}],"wp:featuredmedia":[{"embeddable":true,"href":"https:\/\/www.sertam.it\/fr\/wp-json\/wp\/v2\/media\/2864"}],"wp:attachment":[{"href":"https:\/\/www.sertam.it\/fr\/wp-json\/wp\/v2\/media?parent=2859"}],"wp:term":[{"taxonomy":"product_brand","embeddable":true,"href":"https:\/\/www.sertam.it\/fr\/wp-json\/wp\/v2\/product_brand?post=2859"},{"taxonomy":"product_cat","embeddable":true,"href":"https:\/\/www.sertam.it\/fr\/wp-json\/wp\/v2\/product_cat?post=2859"},{"taxonomy":"product_tag","embeddable":true,"href":"https:\/\/www.sertam.it\/fr\/wp-json\/wp\/v2\/product_tag?post=2859"}],"curies":[{"name":"wp","href":"https:\/\/api.w.org\/{rel}","templated":true}]}}