{"id":2885,"date":"2020-06-12T15:59:47","date_gmt":"2020-06-12T13:59:47","guid":{"rendered":"http:\/\/smartwebmo.cloud:74\/sertam2020\/prodotto\/fast-turner-xl-girello-pareggiatore-automatico-per-grandi-formati\/"},"modified":"2020-06-12T15:59:47","modified_gmt":"2020-06-12T13:59:47","slug":"fast-turner-xl-girello-pareggiatore-automatico-per-grandi-formati","status":"publish","type":"product","link":"https:\/\/www.sertam.it\/fr\/prodotto\/fast-turner-xl-girello-pareggiatore-automatico-per-grandi-formati\/","title":{"rendered":"AUTOMATIC FAST TURNER"},"content":{"rendered":"<div class=\"vgblk-rw-wrapper limit-wrapper\">\n<p><figure class=\"wp-block-embed wp-block-embed-youtube is-type-video is-provider-youtube epyt-figure\"><div class=\"wp-block-embed__wrapper\"><iframe loading=\"lazy\"  id=\"_ytid_98290\"  width=\"630\" height=\"300\"  data-origwidth=\"630\" data-origheight=\"300\" src=\"https:\/\/www.youtube.com\/embed\/e5fJp3O6zF4?enablejsapi=1&autoplay=0&cc_load_policy=0&cc_lang_pref=&iv_load_policy=3&loop=1&playlist=e5fJp3O6zF4&rel=1&fs=1&playsinline=0&autohide=2&theme=dark&color=red&controls=1&\" class=\"__youtube_prefs__  no-lazyload\" title=\"YouTube player\"  allow=\"fullscreen; accelerometer; autoplay; clipboard-write; encrypted-media; gyroscope; picture-in-picture\" allowfullscreen data-no-lazy=\"1\" data-skipgform_ajax_framebjll=\"\"><\/iframe><\/div><\/figure><br \/>\n<figure class=\"wp-block-embed wp-block-embed-youtube is-type-video is-provider-youtube epyt-figure\"><div class=\"wp-block-embed__wrapper\"><iframe loading=\"lazy\"  id=\"_ytid_50075\"  width=\"630\" height=\"300\"  data-origwidth=\"630\" data-origheight=\"300\" src=\"https:\/\/www.youtube.com\/embed\/eYo5nXiQ4QY?enablejsapi=1&autoplay=0&cc_load_policy=0&cc_lang_pref=&iv_load_policy=3&loop=1&playlist=eYo5nXiQ4QY&rel=1&fs=1&playsinline=0&autohide=2&theme=dark&color=red&controls=1&\" class=\"__youtube_prefs__  no-lazyload\" title=\"YouTube player\"  allow=\"fullscreen; accelerometer; autoplay; clipboard-write; encrypted-media; gyroscope; picture-in-picture\" allowfullscreen data-no-lazy=\"1\" data-skipgform_ajax_framebjll=\"\"><\/iframe><\/div><\/figure><\/p>\n<p>&nbsp;<\/p>\n<p>FAST TURNER est un dispositif pour la rotation et l\u2019alignement automatique des carreaux qui est extr\u00eamement compacte.<br \/>\nIl est complet avec no 2 motor\u00e9ducteurs e no 2 ou 4 remorquages ind\u00e9pendantes et ajustables avec courroies rev\u00eatues en Tenax poss\u00e9dant un haut coefficient de frottement. <br \/>\nLe cadre \u00e9lectrique est avec PLC et HMI, no 2 variateurs de fr\u00e9quence OMRON et no 3 cellules photo\u00e9lectriques pour l\u2019inversion et l\u2019alignement.<br \/>\nAvec un syst\u00e8me innovant de renversement, il rend possible la rotation rapide et l\u2019alignement pour obtenir des carreaux parfaitement align\u00e9s \u00e0 la sortie du dispositif. <br \/>\nLe ch\u00e2ssis et les supports pour l\u2019installation sur la ligne d\u2019\u00e9maillage sont inclus.<\/p>\n<p>&nbsp;<\/p>\n<table style=\"height: 166px;\" width=\"896\">\n<tbody>\n<tr>\n<td width=\"900\">\n<p style=\"text-align: center;\">MODEL<\/p>\n<\/td>\n<td style=\"text-align: center;\" width=\"900\">MIN. SIZE<\/td>\n<td style=\"text-align: center;\" width=\"900\">MAX. SIZE<\/td>\n<\/tr>\n<tr>\n<td width=\"110\">\n<p style=\"text-align: center;\">L=910<\/p>\n<\/td>\n<td width=\"284\">\n<p style=\"text-align: center;\">200&#215;200<\/p>\n<\/td>\n<td width=\"298\">\n<p style=\"text-align: center;\">1200&#215;1200<\/p>\n<\/td>\n<\/tr>\n<tr>\n<td width=\"110\">\n<p style=\"text-align: center;\">L=1100<\/p>\n<\/td>\n<td width=\"284\">\n<p style=\"text-align: center;\">250&#215;250<\/p>\n<\/td>\n<td width=\"298\">\n<p style=\"text-align: center;\">1500&#215;1500<\/p>\n<\/td>\n<\/tr>\n<\/tbody>\n<\/table>\n<\/div>\n<p><!-- .vgblk-rw-wrapper --><\/p>\n","protected":false},"excerpt":{"rendered":"<p>&nbsp; FAST TURNER est un dispositif pour la rotation et l\u2019alignement automatique des carreaux qui est extr\u00eamement compacte. Il est complet avec no 2 motor\u00e9ducteurs e no 2 ou 4 remorquages ind\u00e9pendantes et ajustables avec courroies rev\u00eatues en Tenax poss\u00e9dant un haut coefficient de frottement. Le cadre \u00e9lectrique est avec PLC et HMI, no 2&#8230;<\/p>\n","protected":false},"featured_media":2886,"template":"","meta":[],"product_brand":[],"product_cat":[104],"product_tag":[],"class_list":{"0":"post-2885","1":"product","2":"type-product","3":"status-publish","4":"has-post-thumbnail","6":"product_cat-dispositifs-pour-lignes-demaillage","8":"first","9":"instock","10":"shipping-taxable","11":"product-type-simple"},"_links":{"self":[{"href":"https:\/\/www.sertam.it\/fr\/wp-json\/wp\/v2\/product\/2885","targetHints":{"allow":["GET"]}}],"collection":[{"href":"https:\/\/www.sertam.it\/fr\/wp-json\/wp\/v2\/product"}],"about":[{"href":"https:\/\/www.sertam.it\/fr\/wp-json\/wp\/v2\/types\/product"}],"wp:featuredmedia":[{"embeddable":true,"href":"https:\/\/www.sertam.it\/fr\/wp-json\/wp\/v2\/media\/2886"}],"wp:attachment":[{"href":"https:\/\/www.sertam.it\/fr\/wp-json\/wp\/v2\/media?parent=2885"}],"wp:term":[{"taxonomy":"product_brand","embeddable":true,"href":"https:\/\/www.sertam.it\/fr\/wp-json\/wp\/v2\/product_brand?post=2885"},{"taxonomy":"product_cat","embeddable":true,"href":"https:\/\/www.sertam.it\/fr\/wp-json\/wp\/v2\/product_cat?post=2885"},{"taxonomy":"product_tag","embeddable":true,"href":"https:\/\/www.sertam.it\/fr\/wp-json\/wp\/v2\/product_tag?post=2885"}],"curies":[{"name":"wp","href":"https:\/\/api.w.org\/{rel}","templated":true}]}}