{"id":2897,"date":"2020-05-29T12:40:30","date_gmt":"2020-05-29T10:40:30","guid":{"rendered":"http:\/\/smartwebmo.cloud:74\/sertam2020\/prodotto\/cabina-airless-2\/"},"modified":"2020-05-29T12:40:30","modified_gmt":"2020-05-29T10:40:30","slug":"cabina-airless-2","status":"publish","type":"product","link":"https:\/\/www.sertam.it\/fr\/prodotto\/cabina-airless-2\/","title":{"rendered":"CABINES DE NEBULISATION PARABOLIQUE"},"content":{"rendered":"<div class=\"vgblk-rw-wrapper limit-wrapper\">\n<p>Cabine airless avec fermeture sup\u00e9rieure parabolique, avec fentes pour a\u00e9rographes avec positionnement r\u00e9glable.<br \/>\nCARACT\u00c9RISTIQUES TECHNIQUES:<\/p>\n<ul>\n<li>Structure en acier inoxydable AISI 304.<\/li>\n<li>R\u00e9seaux anti-rebond.<\/li>\n<li>No.4 supports pour le kit de pulv\u00e9risation.<\/li>\n<li>Possibilit\u00e9 d&rsquo;utiliser jusqu&rsquo;\u00e0 6 kit de n\u00e9bulisation.<\/li>\n<li>Possibilit\u00e9 de r\u00e9gler l&rsquo;angle des sprayguns.<\/li>\n<li>Double porte sur les deux c\u00f4t\u00e9s.<\/li>\n<li>Cuve de d\u00e9chargement.<\/li>\n<li>N\u00b0 4 buches d&rsquo;aspiration.<\/li>\n<li>Bornes pour le raccordement \u00e0 la ligne.<\/li>\n<li>Supports courroies en acier inoxydable.<\/li>\n<\/ul>\n<p>&nbsp;<\/p>\n<p>CABINE PESONALISEE:<\/p>\n<p>Les cabines airless peuvent \u00eatre personnalis\u00e9s pour r\u00e9pondre aux exigences des clients.<\/p>\n<p>DIMENSIONS LES PLUS UTILIS\u00c9S:<\/p>\n<ul>\n<li>Format maximum 450 mm<\/li>\n<li>Format maximum 660 mm<\/li>\n<li>Format maximum 900 mm<\/li>\n<li>Format maximum 1.000 mm<\/li>\n<li>Format maximum 1.200 mm<\/li>\n<\/ul>\n<\/div>\n<p><!-- .vgblk-rw-wrapper --><\/p>\n","protected":false},"excerpt":{"rendered":"<p>Cabine airless avec fermeture sup\u00e9rieure parabolique, avec fentes pour a\u00e9rographes avec positionnement r\u00e9glable. CARACT\u00c9RISTIQUES TECHNIQUES: Structure en acier inoxydable AISI 304. R\u00e9seaux anti-rebond. No.4 supports pour le kit de pulv\u00e9risation. Possibilit\u00e9 d&rsquo;utiliser jusqu&rsquo;\u00e0 6 kit de n\u00e9bulisation. Possibilit\u00e9 de r\u00e9gler l&rsquo;angle des sprayguns. Double porte sur les deux c\u00f4t\u00e9s. Cuve de d\u00e9chargement. N\u00b0 4 buches&#8230;<\/p>\n","protected":false},"featured_media":2898,"template":"","meta":[],"product_brand":[],"product_cat":[104],"product_tag":[],"class_list":{"0":"post-2897","1":"product","2":"type-product","3":"status-publish","4":"has-post-thumbnail","6":"product_cat-dispositifs-pour-lignes-demaillage","8":"first","9":"instock","10":"shipping-taxable","11":"product-type-simple"},"_links":{"self":[{"href":"https:\/\/www.sertam.it\/fr\/wp-json\/wp\/v2\/product\/2897","targetHints":{"allow":["GET"]}}],"collection":[{"href":"https:\/\/www.sertam.it\/fr\/wp-json\/wp\/v2\/product"}],"about":[{"href":"https:\/\/www.sertam.it\/fr\/wp-json\/wp\/v2\/types\/product"}],"wp:featuredmedia":[{"embeddable":true,"href":"https:\/\/www.sertam.it\/fr\/wp-json\/wp\/v2\/media\/2898"}],"wp:attachment":[{"href":"https:\/\/www.sertam.it\/fr\/wp-json\/wp\/v2\/media?parent=2897"}],"wp:term":[{"taxonomy":"product_brand","embeddable":true,"href":"https:\/\/www.sertam.it\/fr\/wp-json\/wp\/v2\/product_brand?post=2897"},{"taxonomy":"product_cat","embeddable":true,"href":"https:\/\/www.sertam.it\/fr\/wp-json\/wp\/v2\/product_cat?post=2897"},{"taxonomy":"product_tag","embeddable":true,"href":"https:\/\/www.sertam.it\/fr\/wp-json\/wp\/v2\/product_tag?post=2897"}],"curies":[{"name":"wp","href":"https:\/\/api.w.org\/{rel}","templated":true}]}}