{"id":2932,"date":"2020-05-27T12:35:05","date_gmt":"2020-05-27T10:35:05","guid":{"rendered":"http:\/\/smartwebmo.cloud:74\/sertam2020\/prodotto\/deferrizzatore-per-polveri\/"},"modified":"2020-05-27T12:35:05","modified_gmt":"2020-05-27T10:35:05","slug":"deferrizzatore-per-polveri","status":"publish","type":"product","link":"https:\/\/www.sertam.it\/fr\/prodotto\/deferrizzatore-per-polveri\/","title":{"rendered":"SEPARATEUR DE FER POUR LA POUSSI\u00c8RE"},"content":{"rendered":"<div class=\"vgblk-rw-wrapper limit-wrapper\">\n<p class=\"p1\">Convient pour l&rsquo;\u00e9limination du fer des poudres et granul\u00e9s atomis\u00e9s, micronis\u00e9s et lyophilis\u00e9s, o\u00f9 un nettoyage automatique du SEPARATEUR de fer est n\u00e9cessaire.<\/p>\n<p class=\"p1\">Disponible dans les mod\u00e8les: DPR 300, DPR 600, DPR 900 et DPR 1200.<\/p>\n<p class=\"p1\">Applications:<\/p>\n<p class=\"p1\">Au d\u00e9chargement des bandes transporteuses;<\/p>\n<p class=\"p1\">au d\u00e9chargement des \u00e9l\u00e9vateurs;<\/p>\n<p class=\"p1\">au d\u00e9chargement des tari\u00e8res;<\/p>\n<p class=\"p1\">\u00e0 la d\u00e9charge des tamis vibrants de poussi\u00e8re.<\/p>\n<p>&nbsp;<\/p>\n<p class=\"p1\">Avantages:<\/p>\n<p class=\"p1\">Le syst\u00e8me de nettoyage automatique des rouleaux maintient une efficacit\u00e9 constante de le separateur du fer;<\/p>\n<p class=\"p1\">Les aimants permanents en n\u00e9odyme, fer et bore utilis\u00e9s pour la construction du rouleau, permettent une grande efficacit\u00e9 d&rsquo;\u00e9limination du fer;<\/p>\n<p class=\"p1\">Faible consommation d&rsquo;\u00e9nergie;<\/p>\n<p class=\"p1\">Hautes capacit\u00e9s;<\/p>\n<p class=\"p1\">Alimentation et d\u00e9charge par gravit\u00e9;<\/p>\n<p class=\"p1\">Facilit\u00e9 d&rsquo;utilisation et d&rsquo;installation;<\/p>\n<p class=\"p1\">Pi\u00e8ces en contact avec le produit en acier inoxydable.<\/p>\n<p>&nbsp;<\/p>\n<p class=\"p1\">Optional:<\/p>\n<p class=\"p1\">Pi\u00e8ces en contact avec le produit en acier inoxydable AISI 316L;<\/p>\n<p class=\"p1\">Roue phon\u00e9tique pour signaler le mouvement du rouleau;<\/p>\n<p class=\"p1\">Dimensions diff\u00e9rentes de la norme;<\/p>\n<p class=\"p1\">Tr\u00e9mies de connexion;<\/p>\n<p class=\"p1\">Double alimentation.<\/p>\n<\/div>\n<p><!-- .vgblk-rw-wrapper --><\/p>\n","protected":false},"excerpt":{"rendered":"<p>Convient pour l&rsquo;\u00e9limination du fer des poudres et granul\u00e9s atomis\u00e9s, micronis\u00e9s et lyophilis\u00e9s, o\u00f9 un nettoyage automatique du SEPARATEUR de fer est n\u00e9cessaire. Disponible dans les mod\u00e8les: DPR 300, DPR 600, DPR 900 et DPR 1200. Applications: Au d\u00e9chargement des bandes transporteuses; au d\u00e9chargement des \u00e9l\u00e9vateurs; au d\u00e9chargement des tari\u00e8res; \u00e0 la d\u00e9charge des tamis&#8230;<\/p>\n","protected":false},"featured_media":2933,"template":"","meta":[],"product_brand":[],"product_cat":[104],"product_tag":[],"class_list":{"0":"post-2932","1":"product","2":"type-product","3":"status-publish","4":"has-post-thumbnail","6":"product_cat-dispositifs-pour-lignes-demaillage","8":"first","9":"instock","10":"shipping-taxable","11":"product-type-simple"},"_links":{"self":[{"href":"https:\/\/www.sertam.it\/fr\/wp-json\/wp\/v2\/product\/2932","targetHints":{"allow":["GET"]}}],"collection":[{"href":"https:\/\/www.sertam.it\/fr\/wp-json\/wp\/v2\/product"}],"about":[{"href":"https:\/\/www.sertam.it\/fr\/wp-json\/wp\/v2\/types\/product"}],"wp:featuredmedia":[{"embeddable":true,"href":"https:\/\/www.sertam.it\/fr\/wp-json\/wp\/v2\/media\/2933"}],"wp:attachment":[{"href":"https:\/\/www.sertam.it\/fr\/wp-json\/wp\/v2\/media?parent=2932"}],"wp:term":[{"taxonomy":"product_brand","embeddable":true,"href":"https:\/\/www.sertam.it\/fr\/wp-json\/wp\/v2\/product_brand?post=2932"},{"taxonomy":"product_cat","embeddable":true,"href":"https:\/\/www.sertam.it\/fr\/wp-json\/wp\/v2\/product_cat?post=2932"},{"taxonomy":"product_tag","embeddable":true,"href":"https:\/\/www.sertam.it\/fr\/wp-json\/wp\/v2\/product_tag?post=2932"}],"curies":[{"name":"wp","href":"https:\/\/api.w.org\/{rel}","templated":true}]}}