{"id":2955,"date":"2020-05-27T12:02:43","date_gmt":"2020-05-27T10:02:43","guid":{"rendered":"http:\/\/smartwebmo.cloud:74\/sertam2020\/prodotto\/grattoir-de-courroies-auto-reglable\/"},"modified":"2020-05-27T12:02:43","modified_gmt":"2020-05-27T10:02:43","slug":"grattoir-de-courroies-auto-reglable","status":"publish","type":"product","link":"https:\/\/www.sertam.it\/fr\/prodotto\/grattoir-de-courroies-auto-reglable\/","title":{"rendered":"GRATTOIR DE COURROIES AUTO-R\u00c9GLABLE"},"content":{"rendered":"<div class=\"vgblk-rw-wrapper limit-wrapper\">\n<p class=\"p1\">Grattoir auto-ajustable pour le nettoyage des courroies \u00e0 cr\u00eate B et C sous les applications d&rsquo;\u00e9mail.<br \/>\nDisponible pour 2\/4\/6\/8 courroies.<\/p>\n<p class=\"p1\">Blocs de polyur\u00e9thane ou de silicone de diff\u00e9rentes duret\u00e9s disponibles.<\/p>\n<p class=\"p1\">Optional:<\/p>\n<p class=\"p1\">Cuve de collecte d&rsquo;\u00e9mail en acier inoxydable AISI 304.<\/p>\n<table style=\"height: 100px;\" width=\"803\">\n<tbody>\n<tr>\n<th style=\"text-align: center;\" width=\"400\">MODEL<\/th>\n<\/tr>\n<tr>\n<td style=\"text-align: center;\">T500<\/td>\n<\/tr>\n<tr>\n<td style=\"text-align: center;\">T700<\/td>\n<\/tr>\n<tr>\n<td style=\"text-align: center;\">T800<\/td>\n<\/tr>\n<tr>\n<td style=\"text-align: center;\">T1000<\/td>\n<\/tr>\n<tr>\n<td style=\"text-align: center;\">T1200<\/td>\n<\/tr>\n<tr>\n<td style=\"text-align: center;\">T1500<\/td>\n<\/tr>\n<\/tbody>\n<\/table>\n<\/div>\n<p><!-- .vgblk-rw-wrapper --><\/p>\n","protected":false},"excerpt":{"rendered":"<p>Grattoir auto-ajustable pour le nettoyage des courroies \u00e0 cr\u00eate B et C sous les applications d&rsquo;\u00e9mail. Disponible pour 2\/4\/6\/8 courroies. Blocs de polyur\u00e9thane ou de silicone de diff\u00e9rentes duret\u00e9s disponibles. Optional: Cuve de collecte d&rsquo;\u00e9mail en acier inoxydable AISI 304. MODEL T500 T700 T800 T1000 T1200 T1500<\/p>\n","protected":false},"featured_media":2956,"template":"","meta":[],"product_brand":[],"product_cat":[104],"product_tag":[],"class_list":{"0":"post-2955","1":"product","2":"type-product","3":"status-publish","4":"has-post-thumbnail","6":"product_cat-dispositifs-pour-lignes-demaillage","8":"first","9":"instock","10":"shipping-taxable","11":"product-type-simple"},"_links":{"self":[{"href":"https:\/\/www.sertam.it\/fr\/wp-json\/wp\/v2\/product\/2955","targetHints":{"allow":["GET"]}}],"collection":[{"href":"https:\/\/www.sertam.it\/fr\/wp-json\/wp\/v2\/product"}],"about":[{"href":"https:\/\/www.sertam.it\/fr\/wp-json\/wp\/v2\/types\/product"}],"wp:featuredmedia":[{"embeddable":true,"href":"https:\/\/www.sertam.it\/fr\/wp-json\/wp\/v2\/media\/2956"}],"wp:attachment":[{"href":"https:\/\/www.sertam.it\/fr\/wp-json\/wp\/v2\/media?parent=2955"}],"wp:term":[{"taxonomy":"product_brand","embeddable":true,"href":"https:\/\/www.sertam.it\/fr\/wp-json\/wp\/v2\/product_brand?post=2955"},{"taxonomy":"product_cat","embeddable":true,"href":"https:\/\/www.sertam.it\/fr\/wp-json\/wp\/v2\/product_cat?post=2955"},{"taxonomy":"product_tag","embeddable":true,"href":"https:\/\/www.sertam.it\/fr\/wp-json\/wp\/v2\/product_tag?post=2955"}],"curies":[{"name":"wp","href":"https:\/\/api.w.org\/{rel}","templated":true}]}}