{"id":2983,"date":"2020-05-27T10:12:33","date_gmt":"2020-05-27T08:12:33","guid":{"rendered":"http:\/\/smartwebmo.cloud:74\/sertam2020\/prodotto\/brosse-double-horizontale\/"},"modified":"2020-05-27T10:12:33","modified_gmt":"2020-05-27T08:12:33","slug":"brosse-double-horizontale","status":"publish","type":"product","link":"https:\/\/www.sertam.it\/fr\/prodotto\/brosse-double-horizontale\/","title":{"rendered":"BROSSE DOUBLE HORIZONTALE"},"content":{"rendered":"<div class=\"vgblk-rw-wrapper limit-wrapper\">\n<p class=\"p1\">Brosse horizontale avec 2 moteurs.<\/p>\n<p class=\"p1\">Brosse en porte-\u00e0-faux horizontale, unique dans la partie sup\u00e9rieure et unique dans la partie inf\u00e9rieure, \u00e9quip\u00e9e de deux motor\u00e9ducteurs de 0,25 Kw, pour le nettoyage des deux c\u00f4t\u00e9s des carreaux.<\/p>\n<p class=\"p1\">Avec structure en t\u00f4le peinte, pour confinement de la poussi\u00e8re et prise d&rsquo;aspiration.<\/p>\n<p>&nbsp;<\/p>\n<table style=\"height: 403px;\" width=\"803\">\n<tbody>\n<tr>\n<th style=\"text-align: center;\" width=\"400\">MODEL<\/th>\n<th style=\"text-align: center;\" width=\"400\">MIN. SIZE<\/th>\n<th style=\"text-align: center;\" width=\"400\">MAX. ENTRY SIZE<\/th>\n<\/tr>\n<tr>\n<td style=\"text-align: center;\">450<\/td>\n<td style=\"text-align: center;\">100 mm<\/td>\n<td style=\"text-align: center;\">450 mm<\/td>\n<\/tr>\n<tr>\n<td style=\"text-align: center;\">660<\/td>\n<td style=\"text-align: center;\">100 mm<\/td>\n<td style=\"text-align: center;\">660 mm<\/td>\n<\/tr>\n<tr>\n<td style=\"text-align: center;\">900<\/td>\n<td style=\"text-align: center;\">100 mm<\/td>\n<td style=\"text-align: center;\">900 mm<\/td>\n<\/tr>\n<tr>\n<td style=\"text-align: center;\">1100<\/td>\n<td style=\"text-align: center;\">100 mm<\/td>\n<td style=\"text-align: center;\">1100 mm<\/td>\n<\/tr>\n<tr>\n<td style=\"text-align: center;\">1300<\/td>\n<td style=\"text-align: center;\">100 mm<\/td>\n<td style=\"text-align: center;\">1300 mm<\/td>\n<\/tr>\n<tr>\n<td style=\"text-align: center;\">1500<\/td>\n<td style=\"text-align: center;\">100 mm<\/td>\n<td style=\"text-align: center;\">1500 mm<\/td>\n<\/tr>\n<tr>\n<td style=\"text-align: center;\">1850<\/td>\n<td style=\"text-align: center;\">100 mm<\/td>\n<td style=\"text-align: center;\">1850 mm<\/td>\n<\/tr>\n<\/tbody>\n<\/table>\n<\/div>\n<p><!-- .vgblk-rw-wrapper --><\/p>\n","protected":false},"excerpt":{"rendered":"<p>Brosse horizontale avec 2 moteurs. Brosse en porte-\u00e0-faux horizontale, unique dans la partie sup\u00e9rieure et unique dans la partie inf\u00e9rieure, \u00e9quip\u00e9e de deux motor\u00e9ducteurs de 0,25 Kw, pour le nettoyage des deux c\u00f4t\u00e9s des carreaux. Avec structure en t\u00f4le peinte, pour confinement de la poussi\u00e8re et prise d&rsquo;aspiration. &nbsp; MODEL MIN. SIZE MAX. ENTRY SIZE&#8230;<\/p>\n","protected":false},"featured_media":2688,"template":"","meta":[],"product_brand":[],"product_cat":[104],"product_tag":[],"class_list":{"0":"post-2983","1":"product","2":"type-product","3":"status-publish","4":"has-post-thumbnail","6":"product_cat-dispositifs-pour-lignes-demaillage","8":"first","9":"instock","10":"shipping-taxable","11":"product-type-simple"},"_links":{"self":[{"href":"https:\/\/www.sertam.it\/fr\/wp-json\/wp\/v2\/product\/2983","targetHints":{"allow":["GET"]}}],"collection":[{"href":"https:\/\/www.sertam.it\/fr\/wp-json\/wp\/v2\/product"}],"about":[{"href":"https:\/\/www.sertam.it\/fr\/wp-json\/wp\/v2\/types\/product"}],"wp:featuredmedia":[{"embeddable":true,"href":"https:\/\/www.sertam.it\/fr\/wp-json\/wp\/v2\/media\/2688"}],"wp:attachment":[{"href":"https:\/\/www.sertam.it\/fr\/wp-json\/wp\/v2\/media?parent=2983"}],"wp:term":[{"taxonomy":"product_brand","embeddable":true,"href":"https:\/\/www.sertam.it\/fr\/wp-json\/wp\/v2\/product_brand?post=2983"},{"taxonomy":"product_cat","embeddable":true,"href":"https:\/\/www.sertam.it\/fr\/wp-json\/wp\/v2\/product_cat?post=2983"},{"taxonomy":"product_tag","embeddable":true,"href":"https:\/\/www.sertam.it\/fr\/wp-json\/wp\/v2\/product_tag?post=2983"}],"curies":[{"name":"wp","href":"https:\/\/api.w.org\/{rel}","templated":true}]}}