{"id":3053,"date":"2020-05-26T18:02:47","date_gmt":"2020-05-26T16:02:47","guid":{"rendered":"http:\/\/smartwebmo.cloud:74\/sertam2020\/prodotto\/tamis-vibrant-pour-poussiere\/"},"modified":"2020-05-26T18:02:47","modified_gmt":"2020-05-26T16:02:47","slug":"tamis-vibrant-pour-poussiere","status":"publish","type":"product","link":"https:\/\/www.sertam.it\/fr\/prodotto\/tamis-vibrant-pour-poussiere\/","title":{"rendered":"TAMIS VIBRANT POUR POUSSI\u00c8RE"},"content":{"rendered":"<div class=\"vgblk-rw-wrapper limit-wrapper\">\n<p>Tamis vibrant pour poudres compos\u00e9 de:<\/p>\n<p>Bande sup\u00e9rieure H.180 mm avec \u00e9vacuation ronde 160 mm.<\/p>\n<p>Bande m\u00e9diane H.130 mm avec \u00e9vacuation ronde 160 mm.<\/p>\n<p>Anneau de support de filet avec tendeur central, filet, anneaux de tension et joint relatif en epdm.<\/p>\n<p>Anneau de serrage en deux parties avec tirants.<\/p>\n<p>Fond avec drain central diam\u00e8tre 400 mm.<\/p>\n<p>Structure de support de vibrateur en acier au carbone peint \u00e9lectrostatiquement.<\/p>\n<p>N. 2 vibrateurs \u00e9lectriques de 0,42 kW chacun, 1400 tr \/ min, force centrifuge 700 kg chacun.<\/p>\n<p>Structure de support de ressort et support d&rsquo;\u00e9cran en fe tubulaire. 37 feu peint avec 6 ressorts.<\/p>\n<p>Mat\u00e9riau de construction en contact avec le produit: acier inoxydable AISI 304 L.<\/p>\n<p>Finition de surface: d\u00e9capage, passivation et micro grenaillage avec billes c\u00e9ramiques RA.1.6.<\/p>\n<p>N. deck 1\/2\/3.<\/p>\n<table style=\"height: 100px;\" width=\"803\">\n<tbody>\n<tr>\n<th style=\"text-align: center;\" width=\"400\">DIAMETER \u00d8<\/th>\n<\/tr>\n<tr>\n<td style=\"text-align: center;\">450 mm<\/td>\n<\/tr>\n<tr>\n<td style=\"text-align: center;\">600 mm<\/td>\n<\/tr>\n<tr>\n<td style=\"text-align: center;\">800 mm<\/td>\n<\/tr>\n<tr>\n<td style=\"text-align: center;\">900 mm<\/td>\n<\/tr>\n<tr>\n<td style=\"text-align: center;\">1200 mm<\/td>\n<\/tr>\n<tr>\n<td style=\"text-align: center;\">1500 mm<\/td>\n<\/tr>\n<tr>\n<td style=\"text-align: center;\">1800 mm<\/td>\n<\/tr>\n<tr>\n<td style=\"text-align: center;\">2200 mm<\/td>\n<\/tr>\n<\/tbody>\n<\/table>\n<\/div>\n<p><!-- .vgblk-rw-wrapper --><\/p>\n","protected":false},"excerpt":{"rendered":"<p>Tamis vibrant pour poudres compos\u00e9 de: Bande sup\u00e9rieure H.180 mm avec \u00e9vacuation ronde 160 mm. Bande m\u00e9diane H.130 mm avec \u00e9vacuation ronde 160 mm. Anneau de support de filet avec tendeur central, filet, anneaux de tension et joint relatif en epdm. Anneau de serrage en deux parties avec tirants. Fond avec drain central diam\u00e8tre 400&#8230;<\/p>\n","protected":false},"featured_media":3054,"template":"","meta":[],"product_brand":[],"product_cat":[104],"product_tag":[],"class_list":{"0":"post-3053","1":"product","2":"type-product","3":"status-publish","4":"has-post-thumbnail","6":"product_cat-dispositifs-pour-lignes-demaillage","8":"first","9":"instock","10":"shipping-taxable","11":"product-type-simple"},"_links":{"self":[{"href":"https:\/\/www.sertam.it\/fr\/wp-json\/wp\/v2\/product\/3053","targetHints":{"allow":["GET"]}}],"collection":[{"href":"https:\/\/www.sertam.it\/fr\/wp-json\/wp\/v2\/product"}],"about":[{"href":"https:\/\/www.sertam.it\/fr\/wp-json\/wp\/v2\/types\/product"}],"wp:featuredmedia":[{"embeddable":true,"href":"https:\/\/www.sertam.it\/fr\/wp-json\/wp\/v2\/media\/3054"}],"wp:attachment":[{"href":"https:\/\/www.sertam.it\/fr\/wp-json\/wp\/v2\/media?parent=3053"}],"wp:term":[{"taxonomy":"product_brand","embeddable":true,"href":"https:\/\/www.sertam.it\/fr\/wp-json\/wp\/v2\/product_brand?post=3053"},{"taxonomy":"product_cat","embeddable":true,"href":"https:\/\/www.sertam.it\/fr\/wp-json\/wp\/v2\/product_cat?post=3053"},{"taxonomy":"product_tag","embeddable":true,"href":"https:\/\/www.sertam.it\/fr\/wp-json\/wp\/v2\/product_tag?post=3053"}],"curies":[{"name":"wp","href":"https:\/\/api.w.org\/{rel}","templated":true}]}}