{"id":3059,"date":"2020-05-26T17:55:47","date_gmt":"2020-05-26T15:55:47","guid":{"rendered":"http:\/\/smartwebmo.cloud:74\/sertam2020\/prodotto\/tamis-vibrant-sur-roues-avec-deferrizer-pompe-et-reservoir-de-decantation\/"},"modified":"2020-05-26T17:55:47","modified_gmt":"2020-05-26T15:55:47","slug":"tamis-vibrant-sur-roues-avec-deferrizer-pompe-et-reservoir-de-decantation","status":"publish","type":"product","link":"https:\/\/www.sertam.it\/fr\/prodotto\/tamis-vibrant-sur-roues-avec-deferrizer-pompe-et-reservoir-de-decantation\/","title":{"rendered":"TAMIS VIBRANT SUR ROUES AVEC DEFERRIZER, POMPE ET RESERVOIR DE DECANTATION"},"content":{"rendered":"<div class=\"vgblk-rw-wrapper limit-wrapper\">\n<p>Unit\u00e9 \u00e0 roues pour le d\u00e9chargement des moulins et des citernes comprenant:<\/p>\n<p>Tamis vibrant<\/p>\n<p>Cuve rectangulaire en acier inoxydable AISI 304<\/p>\n<p>Pompe \u00e0 double membrane Sand Piper<\/p>\n<p>Groupe de filtre &#8211; r\u00e9ducteur de graissage avec manom\u00e8tre relatif.<\/p>\n<p>Interrupteur de d\u00e9marrage d&rsquo;arr\u00eat de l&rsquo;\u00e9cran vibrant avec magn\u00e9tothermie relative.<\/p>\n<p>Structure de chariot avec poign\u00e9e construite en acier inoxydable AISI 304 tubulaire avec:<\/p>\n<p>Roues fixes D. Support en nylon polyur\u00e9thane galvanis\u00e9 de 150 mm.<\/p>\n<p>Roulettes pivotantes avec frein D. Support nylon polyur\u00e9thane galvanis\u00e9 150 mm.<\/p>\n<p>Mat\u00e9riau de construction en contact avec le produit: acier inoxydable AISI 304 L.<\/p>\n<p>Finition de surface: d\u00e9capage, passivation et grenaillage avec des billes c\u00e9ramiques RA 1.5-2.5<\/p>\n<p>&nbsp;<\/p>\n<p>Optional:<\/p>\n<p>&nbsp;<\/p>\n<p>Syst\u00e8me d&rsquo;extraction de fer \u00e0 la source avec double puits d&rsquo;extraction de fer contenant 5 + 5 barres magn\u00e9tiques d.32 en ferrite (2500 gauss).<\/p>\n<p>&nbsp;<\/p>\n<p>Syst\u00e8me d&rsquo;extraction de fer \u00e0 la source avec double puits d&rsquo;extraction de fer contenant 5 + 5 barres magn\u00e9tiques d.25 en n\u00e9odyme (13500 gauss).<\/p>\n<p>&nbsp;<\/p>\n<table style=\"height: 100px;\" width=\"803\">\n<tbody>\n<tr>\n<th style=\"text-align: center;\" width=\"400\">\u00a0DIAMETER \u00d8<\/th>\n<\/tr>\n<tr>\n<td style=\"text-align: center;\">800 mm<\/td>\n<\/tr>\n<tr>\n<td style=\"text-align: center;\">900 mm<\/td>\n<\/tr>\n<tr>\n<td style=\"text-align: center;\">1200 mm<\/td>\n<\/tr>\n<tr>\n<td style=\"text-align: center;\">1500 mm<\/td>\n<\/tr>\n<tr>\n<td style=\"text-align: center;\">1800 mm<\/td>\n<\/tr>\n<\/tbody>\n<\/table>\n<\/div>\n<p><!-- .vgblk-rw-wrapper --><\/p>\n","protected":false},"excerpt":{"rendered":"<p>Unit\u00e9 \u00e0 roues pour le d\u00e9chargement des moulins et des citernes comprenant: Tamis vibrant Cuve rectangulaire en acier inoxydable AISI 304 Pompe \u00e0 double membrane Sand Piper Groupe de filtre &#8211; r\u00e9ducteur de graissage avec manom\u00e8tre relatif. Interrupteur de d\u00e9marrage d&rsquo;arr\u00eat de l&rsquo;\u00e9cran vibrant avec magn\u00e9tothermie relative. Structure de chariot avec poign\u00e9e construite en acier&#8230;<\/p>\n","protected":false},"featured_media":3060,"template":"","meta":[],"product_brand":[],"product_cat":[104],"product_tag":[],"class_list":{"0":"post-3059","1":"product","2":"type-product","3":"status-publish","4":"has-post-thumbnail","6":"product_cat-dispositifs-pour-lignes-demaillage","8":"first","9":"instock","10":"shipping-taxable","11":"product-type-simple"},"_links":{"self":[{"href":"https:\/\/www.sertam.it\/fr\/wp-json\/wp\/v2\/product\/3059","targetHints":{"allow":["GET"]}}],"collection":[{"href":"https:\/\/www.sertam.it\/fr\/wp-json\/wp\/v2\/product"}],"about":[{"href":"https:\/\/www.sertam.it\/fr\/wp-json\/wp\/v2\/types\/product"}],"wp:featuredmedia":[{"embeddable":true,"href":"https:\/\/www.sertam.it\/fr\/wp-json\/wp\/v2\/media\/3060"}],"wp:attachment":[{"href":"https:\/\/www.sertam.it\/fr\/wp-json\/wp\/v2\/media?parent=3059"}],"wp:term":[{"taxonomy":"product_brand","embeddable":true,"href":"https:\/\/www.sertam.it\/fr\/wp-json\/wp\/v2\/product_brand?post=3059"},{"taxonomy":"product_cat","embeddable":true,"href":"https:\/\/www.sertam.it\/fr\/wp-json\/wp\/v2\/product_cat?post=3059"},{"taxonomy":"product_tag","embeddable":true,"href":"https:\/\/www.sertam.it\/fr\/wp-json\/wp\/v2\/product_tag?post=3059"}],"curies":[{"name":"wp","href":"https:\/\/api.w.org\/{rel}","templated":true}]}}