{"id":3065,"date":"2020-05-26T17:53:17","date_gmt":"2020-05-26T15:53:17","guid":{"rendered":"http:\/\/smartwebmo.cloud:74\/sertam2020\/prodotto\/tamiz-vibrant-pour-barbotine\/"},"modified":"2020-05-26T17:53:17","modified_gmt":"2020-05-26T15:53:17","slug":"tamiz-vibrant-pour-barbotine","status":"publish","type":"product","link":"https:\/\/www.sertam.it\/fr\/prodotto\/tamiz-vibrant-pour-barbotine\/","title":{"rendered":"TAMIZ VIBRANT POUR BARBOTINE"},"content":{"rendered":"<div class=\"vgblk-rw-wrapper limit-wrapper\">\n<p>Tamis vibrant pour barbotine compos\u00e9 de:<\/p>\n<p>Bande sup\u00e9rieure anti-\u00e9claboussures H.350 mm en acier inoxydable AISI 304 avec \u00e9vacuation des d\u00e9chets \u00e0 canal ouvert.<\/p>\n<p>Anneau de serrage en deux parties pour demi-tirants.<\/p>\n<p>Anneau porte-filet \u00e0 double rainure avec anneaux de tension relatifs.<\/p>\n<p>Sceau \u00ab\u00a0V\u00a0\u00bb en nbr .<\/p>\n<p>Joint plat beige certifi\u00e9 FDA.<\/p>\n<p>Fond porte-moteur monolithique avec bride porte-vibrateur haute \u00e9paisseur et bonne bouche d&rsquo;\u00e9vacuation D. 160 mm.<\/p>\n<p>N. 8 ressorts en acier galvanis\u00e9 harmonique.<\/p>\n<p>N.16 patins \u00e0 ressort en sbr.<\/p>\n<p>Vibrateur \u00e9lectrique 1,25 kW, 230\/400 V, 50 Hz, 1500 tr \/ min, mod\u00e8le monolithique, force centrifuge 1500 kg. avec la possibilit\u00e9 de r\u00e9gler les masses excentriques.<\/p>\n<p>Base en acier inoxydable avec porte en ABS noir thermoform\u00e9 pour l&rsquo;acc\u00e8s au vibrateur.<\/p>\n<p>Bo\u00eete de jonction \u00e9lectrique avec support de fixation relatif.<\/p>\n<p>Interrupteur marche \/ arr\u00eat avec aimant thermique et bo\u00eetier en poly\u00e9thyl\u00e8ne et support de fixation relatif sur la machine en t\u00f4le d&rsquo;acier inoxydable;<\/p>\n<p>Mat\u00e9riau de construction en contact avec le produit: acier inoxydable AISI 304 L.<\/p>\n<p>Finition de surface: d\u00e9capage, passivation et micro grenaillage avec billes c\u00e9ramiques RA.1.6.<\/p>\n<p>N. deck 1\/2\/3.<\/p>\n<p>&nbsp;<\/p>\n<p>Optional<\/p>\n<p>Couvercle en acier inoxydable AISI 304 compos\u00e9 de:<\/p>\n<p>Diffuseur amovible en acier inoxydable AISI 304;<\/p>\n<p>Bouche d&rsquo;alimentation D. 200 mm;<\/p>\n<p>Orifices d&rsquo;inspection D. 200 mm avec couvercle de fermeture relatif;<\/p>\n<p>Bouche d&rsquo;aspiration D. 90mm;<\/p>\n<p>Sceau en \u00abV\u00bb en nbr;<\/p>\n<p>Semi-anneau de verrouillage en deux parties avec tirants.<\/p>\n<p>&nbsp;<\/p>\n<table style=\"height: 100px;\" width=\"803\">\n<tbody>\n<tr>\n<th style=\"text-align: center;\" width=\"400\">DIAMETER \u00d8<\/th>\n<\/tr>\n<tr>\n<td style=\"text-align: center;\">800 mm<\/td>\n<\/tr>\n<tr>\n<td style=\"text-align: center;\">900 mm<\/td>\n<\/tr>\n<tr>\n<td style=\"text-align: center;\">1200 mm<\/td>\n<\/tr>\n<tr>\n<td style=\"text-align: center;\">1500 mm<\/td>\n<\/tr>\n<tr>\n<td style=\"text-align: center;\">1800 mm<\/td>\n<\/tr>\n<\/tbody>\n<\/table>\n<\/div>\n<p><!-- .vgblk-rw-wrapper --><\/p>\n","protected":false},"excerpt":{"rendered":"<p>Tamis vibrant pour barbotine compos\u00e9 de: Bande sup\u00e9rieure anti-\u00e9claboussures H.350 mm en acier inoxydable AISI 304 avec \u00e9vacuation des d\u00e9chets \u00e0 canal ouvert. Anneau de serrage en deux parties pour demi-tirants. Anneau porte-filet \u00e0 double rainure avec anneaux de tension relatifs. Sceau \u00ab\u00a0V\u00a0\u00bb en nbr . Joint plat beige certifi\u00e9 FDA. Fond porte-moteur monolithique avec&#8230;<\/p>\n","protected":false},"featured_media":3066,"template":"","meta":[],"product_brand":[],"product_cat":[104],"product_tag":[],"class_list":{"0":"post-3065","1":"product","2":"type-product","3":"status-publish","4":"has-post-thumbnail","6":"product_cat-dispositifs-pour-lignes-demaillage","8":"first","9":"instock","10":"shipping-taxable","11":"product-type-simple"},"_links":{"self":[{"href":"https:\/\/www.sertam.it\/fr\/wp-json\/wp\/v2\/product\/3065","targetHints":{"allow":["GET"]}}],"collection":[{"href":"https:\/\/www.sertam.it\/fr\/wp-json\/wp\/v2\/product"}],"about":[{"href":"https:\/\/www.sertam.it\/fr\/wp-json\/wp\/v2\/types\/product"}],"wp:featuredmedia":[{"embeddable":true,"href":"https:\/\/www.sertam.it\/fr\/wp-json\/wp\/v2\/media\/3066"}],"wp:attachment":[{"href":"https:\/\/www.sertam.it\/fr\/wp-json\/wp\/v2\/media?parent=3065"}],"wp:term":[{"taxonomy":"product_brand","embeddable":true,"href":"https:\/\/www.sertam.it\/fr\/wp-json\/wp\/v2\/product_brand?post=3065"},{"taxonomy":"product_cat","embeddable":true,"href":"https:\/\/www.sertam.it\/fr\/wp-json\/wp\/v2\/product_cat?post=3065"},{"taxonomy":"product_tag","embeddable":true,"href":"https:\/\/www.sertam.it\/fr\/wp-json\/wp\/v2\/product_tag?post=3065"}],"curies":[{"name":"wp","href":"https:\/\/api.w.org\/{rel}","templated":true}]}}