{"id":3072,"date":"2020-05-26T17:40:53","date_gmt":"2020-05-26T15:40:53","guid":{"rendered":"http:\/\/smartwebmo.cloud:74\/sertam2020\/prodotto\/tamis-vibrant-en-acier-inoxydable-avec-bande\/"},"modified":"2020-05-26T17:40:53","modified_gmt":"2020-05-26T15:40:53","slug":"tamis-vibrant-en-acier-inoxydable-avec-bande","status":"publish","type":"product","link":"https:\/\/www.sertam.it\/fr\/prodotto\/tamis-vibrant-en-acier-inoxydable-avec-bande\/","title":{"rendered":"TAMIS VIBRANT EN ACIER INOXYDABLE AVEC BANDE"},"content":{"rendered":"<div class=\"vgblk-rw-wrapper limit-wrapper\">\n<p>Tamis vibrant pour \u00e9maux et engobes avec bande sup\u00e9rieure anti-\u00e9claboussures H.180 mm en acier inoxydable AISI 304 avec bouche d&rsquo;\u00e9vacuation des d\u00e9chets avec tampon en caoutchouc nbr correspondant compos\u00e9 de:<\/p>\n<p>Anneau de serrage en deux pi\u00e8ces avec tirants;<\/p>\n<p>Anneau de support de filet avec anneaux de tension relatifs et filet;<\/p>\n<p>Sceau \u00ab\u00a0V\u00a0\u00bb en nbr;<\/p>\n<p>Joint plat en caoutchouc certifi\u00e9 FDA;<\/p>\n<p>Fond porte-moteur monolithique avec bouche de refoulement D.140 mm et bride support vibrateur haute \u00e9paisseur;<\/p>\n<p>N.8 ressorts en acier galvanis\u00e9 harmonique;<\/p>\n<p>N.16 patins \u00e0 ressort en sbr;<\/p>\n<p>Vibrateur \u00e9lectrique 3000 tr \/ min, 230 \/ 400V, 50 Hz;<\/p>\n<p>Bride porte-ressort en acier galvanis\u00e9 FE 37.<\/p>\n<p>Chariot en acier inoxydable avec trois pieds r\u00e9glables en hauteur sur roues pour un d\u00e9placement facile.<\/p>\n<p>Interrupteur marche \/ arr\u00eat avec aimant thermique et bo\u00eetier en poly\u00e9thyl\u00e8ne et support de fixation relatif sur la machine en t\u00f4le d&rsquo;acier inoxydable.<\/p>\n<p>Mat\u00e9riau de construction en contact avec le produit Acier inoxydable AISI 304 L<\/p>\n<p>Etat de surface avec d\u00e9capage, passivation et micro grenaillage avec sph\u00e8res c\u00e9ramiques RA: 1.6.<\/p>\n<p>N. deck 1\/2\/3.<\/p>\n<p>&nbsp;<\/p>\n<table style=\"height: 100px;\" width=\"803\">\n<tbody>\n<tr>\n<th style=\"text-align: center;\" width=\"400\">DIAMETER \u00d8<\/th>\n<th style=\"text-align: center;\" width=\"400\">SCREENING SUFRACE<\/th>\n<\/tr>\n<tr>\n<td style=\"text-align: center;\">600 mm<\/td>\n<td style=\"text-align: center;\">0.265 Sq.Mt.<\/td>\n<\/tr>\n<tr>\n<td style=\"text-align: center;\">800 mm<\/td>\n<td style=\"text-align: center;\">0.377 Sq.Mt.<\/td>\n<\/tr>\n<tr>\n<td style=\"text-align: center;\">900 mm<\/td>\n<td style=\"text-align: center;\">0.588 Sq.Mt.<\/td>\n<\/tr>\n<tr>\n<td style=\"text-align: center;\">1200 mm<\/td>\n<td style=\"text-align: center;\">0.935 Sq.Mt.<\/td>\n<\/tr>\n<tr>\n<td style=\"text-align: center;\">1500 mm<\/td>\n<td style=\"text-align: center;\">1.575 Sq.Mt.<\/td>\n<\/tr>\n<\/tbody>\n<\/table>\n<\/div>\n<p><!-- .vgblk-rw-wrapper --><\/p>\n","protected":false},"excerpt":{"rendered":"<p>Tamis vibrant pour \u00e9maux et engobes avec bande sup\u00e9rieure anti-\u00e9claboussures H.180 mm en acier inoxydable AISI 304 avec bouche d&rsquo;\u00e9vacuation des d\u00e9chets avec tampon en caoutchouc nbr correspondant compos\u00e9 de: Anneau de serrage en deux pi\u00e8ces avec tirants; Anneau de support de filet avec anneaux de tension relatifs et filet; Sceau \u00ab\u00a0V\u00a0\u00bb en nbr; Joint&#8230;<\/p>\n","protected":false},"featured_media":3073,"template":"","meta":[],"product_brand":[],"product_cat":[104],"product_tag":[],"class_list":{"0":"post-3072","1":"product","2":"type-product","3":"status-publish","4":"has-post-thumbnail","6":"product_cat-dispositifs-pour-lignes-demaillage","8":"first","9":"instock","10":"shipping-taxable","11":"product-type-simple"},"_links":{"self":[{"href":"https:\/\/www.sertam.it\/fr\/wp-json\/wp\/v2\/product\/3072","targetHints":{"allow":["GET"]}}],"collection":[{"href":"https:\/\/www.sertam.it\/fr\/wp-json\/wp\/v2\/product"}],"about":[{"href":"https:\/\/www.sertam.it\/fr\/wp-json\/wp\/v2\/types\/product"}],"wp:featuredmedia":[{"embeddable":true,"href":"https:\/\/www.sertam.it\/fr\/wp-json\/wp\/v2\/media\/3073"}],"wp:attachment":[{"href":"https:\/\/www.sertam.it\/fr\/wp-json\/wp\/v2\/media?parent=3072"}],"wp:term":[{"taxonomy":"product_brand","embeddable":true,"href":"https:\/\/www.sertam.it\/fr\/wp-json\/wp\/v2\/product_brand?post=3072"},{"taxonomy":"product_cat","embeddable":true,"href":"https:\/\/www.sertam.it\/fr\/wp-json\/wp\/v2\/product_cat?post=3072"},{"taxonomy":"product_tag","embeddable":true,"href":"https:\/\/www.sertam.it\/fr\/wp-json\/wp\/v2\/product_tag?post=3072"}],"curies":[{"name":"wp","href":"https:\/\/api.w.org\/{rel}","templated":true}]}}