{"id":3118,"date":"2020-05-25T15:12:42","date_gmt":"2020-05-25T13:12:42","guid":{"rendered":"http:\/\/smartwebmo.cloud:74\/sertam2020\/prodotto\/mass-meter-semiautomatico-controllo-densita\/"},"modified":"2020-05-25T15:12:42","modified_gmt":"2020-05-25T13:12:42","slug":"mass-meter-semiautomatico-controllo-densita","status":"publish","type":"product","link":"https:\/\/www.sertam.it\/fr\/prodotto\/mass-meter-semiautomatico-controllo-densita\/","title":{"rendered":"MASS METER DENSITY CONTROL SEMIAUTOMATICO"},"content":{"rendered":"<div class=\"vgblk-rw-wrapper limit-wrapper\">\n<figure class=\"wp-block-embed wp-block-embed-youtube is-type-video is-provider-youtube epyt-figure\"><div class=\"wp-block-embed__wrapper\"><iframe loading=\"lazy\"  id=\"_ytid_40192\"  width=\"630\" height=\"300\"  data-origwidth=\"630\" data-origheight=\"300\" src=\"https:\/\/www.youtube.com\/embed\/P3Y26k3ZwyA?enablejsapi=1&autoplay=0&cc_load_policy=0&cc_lang_pref=&iv_load_policy=3&loop=1&playlist=P3Y26k3ZwyA&rel=1&fs=1&playsinline=0&autohide=2&theme=dark&color=red&controls=1&\" class=\"__youtube_prefs__  no-lazyload\" title=\"YouTube player\"  allow=\"fullscreen; accelerometer; autoplay; clipboard-write; encrypted-media; gyroscope; picture-in-picture\" allowfullscreen data-no-lazy=\"1\" data-skipgform_ajax_framebjll=\"\"><\/iframe><\/div><\/figure>\n<p>&nbsp;<\/p>\n<p class=\"p1\">Dispositif pour la gestion semi-automatique de la densit\u00e9 de l\u2019\u00e9mail.<\/p>\n<p class=\"p1\">Le Mass Meter Semi-Automatique doit \u00eatre branch\u00e9 d\u2019une cot\u00e9e \u00e0 l\u2019eau et de l\u2019autre \u00e0 une cuve de stockage qui contient de l\u2019\u00e9mail \u00e0 haute densit\u00e9.<\/p>\n<p class=\"p1\">L\u2019op\u00e9rateur configure sur le contr\u00f4leur la densit\u00e9 d\u00e9sir\u00e9e et, automatiquement, de l\u2019eau sera ajout\u00e9 au moyen d\u2019une \u00e9lectrovanne et la valeur configur\u00e9e sera atteinte. Le proc\u00e8s d\u2019addition d\u2019\u00e9mail \u00e0 haute densit\u00e9 restera manuel.<\/p>\n<\/div>\n<p><!-- .vgblk-rw-wrapper --><\/p>\n","protected":false},"excerpt":{"rendered":"<p>&nbsp; Dispositif pour la gestion semi-automatique de la densit\u00e9 de l\u2019\u00e9mail. Le Mass Meter Semi-Automatique doit \u00eatre branch\u00e9 d\u2019une cot\u00e9e \u00e0 l\u2019eau et de l\u2019autre \u00e0 une cuve de stockage qui contient de l\u2019\u00e9mail \u00e0 haute densit\u00e9. L\u2019op\u00e9rateur configure sur le contr\u00f4leur la densit\u00e9 d\u00e9sir\u00e9e et, automatiquement, de l\u2019eau sera ajout\u00e9 au moyen d\u2019une \u00e9lectrovanne&#8230;<\/p>\n","protected":false},"featured_media":3119,"template":"","meta":[],"product_brand":[],"product_cat":[104],"product_tag":[],"class_list":{"0":"post-3118","1":"product","2":"type-product","3":"status-publish","4":"has-post-thumbnail","6":"product_cat-dispositifs-pour-lignes-demaillage","8":"first","9":"instock","10":"shipping-taxable","11":"product-type-simple"},"_links":{"self":[{"href":"https:\/\/www.sertam.it\/fr\/wp-json\/wp\/v2\/product\/3118","targetHints":{"allow":["GET"]}}],"collection":[{"href":"https:\/\/www.sertam.it\/fr\/wp-json\/wp\/v2\/product"}],"about":[{"href":"https:\/\/www.sertam.it\/fr\/wp-json\/wp\/v2\/types\/product"}],"wp:featuredmedia":[{"embeddable":true,"href":"https:\/\/www.sertam.it\/fr\/wp-json\/wp\/v2\/media\/3119"}],"wp:attachment":[{"href":"https:\/\/www.sertam.it\/fr\/wp-json\/wp\/v2\/media?parent=3118"}],"wp:term":[{"taxonomy":"product_brand","embeddable":true,"href":"https:\/\/www.sertam.it\/fr\/wp-json\/wp\/v2\/product_brand?post=3118"},{"taxonomy":"product_cat","embeddable":true,"href":"https:\/\/www.sertam.it\/fr\/wp-json\/wp\/v2\/product_cat?post=3118"},{"taxonomy":"product_tag","embeddable":true,"href":"https:\/\/www.sertam.it\/fr\/wp-json\/wp\/v2\/product_tag?post=3118"}],"curies":[{"name":"wp","href":"https:\/\/api.w.org\/{rel}","templated":true}]}}