{"id":3124,"date":"2020-05-25T16:11:07","date_gmt":"2020-05-25T14:11:07","guid":{"rendered":"http:\/\/smartwebmo.cloud:74\/sertam2020\/prodotto\/mass-meter-automatico-controllo-densita\/"},"modified":"2020-05-25T16:11:07","modified_gmt":"2020-05-25T14:11:07","slug":"mass-meter-automatico-controllo-densita","status":"publish","type":"product","link":"https:\/\/www.sertam.it\/fr\/prodotto\/mass-meter-automatico-controllo-densita\/","title":{"rendered":"MASS METER DENSITY CONTROL AUTOMATICO"},"content":{"rendered":"<div class=\"vgblk-rw-wrapper limit-wrapper\">\n<figure class=\"wp-block-embed wp-block-embed-youtube is-type-video is-provider-youtube epyt-figure\"><div class=\"wp-block-embed__wrapper\"><iframe loading=\"lazy\"  id=\"_ytid_37033\"  width=\"630\" height=\"300\"  data-origwidth=\"630\" data-origheight=\"300\" src=\"https:\/\/www.youtube.com\/embed\/P3Y26k3ZwyA?enablejsapi=1&autoplay=0&cc_load_policy=0&cc_lang_pref=&iv_load_policy=3&loop=1&playlist=P3Y26k3ZwyA&rel=1&fs=1&playsinline=0&autohide=2&theme=dark&color=red&controls=1&\" class=\"__youtube_prefs__  no-lazyload\" title=\"YouTube player\"  allow=\"fullscreen; accelerometer; autoplay; clipboard-write; encrypted-media; gyroscope; picture-in-picture\" allowfullscreen data-no-lazy=\"1\" data-skipgform_ajax_framebjll=\"\"><\/iframe><\/div><\/figure>\n<p>&nbsp;<\/p>\n<p class=\"p1\">Dispositif pour la pr\u00e9paration automatique de la densit\u00e9 de l\u2019\u00e9mail.<\/p>\n<p class=\"p1\">Le Mass Meter Automatique doit \u00eatre connect\u00e9 avec le r\u00e9seau de l\u2019eau d\u2019une part et avec la cuve de stockage qui contient l\u2019\u00e9mail \u00e0 haute densit\u00e9, ou l\u2019\u00e9mail de base, de l\u2019autre. Une fois que la densit\u00e9 d\u00e9sir\u00e9e est configur\u00e9e sur le contr\u00f4leur, l\u2019ajustement aura lieu automatiquement par l\u2019ajout d\u2019eau et d\u2019\u00e9mail de base, par moyen de no 2 \u00e9lectrovannes. Gr\u00e2ce au Mass Meter Automatique toute la proc\u00e9dure de contr\u00f4le et correction de la densit\u00e9 deviendra automatique.<\/p>\n<\/div>\n<p><!-- .vgblk-rw-wrapper --><\/p>\n","protected":false},"excerpt":{"rendered":"<p>&nbsp; Dispositif pour la pr\u00e9paration automatique de la densit\u00e9 de l\u2019\u00e9mail. Le Mass Meter Automatique doit \u00eatre connect\u00e9 avec le r\u00e9seau de l\u2019eau d\u2019une part et avec la cuve de stockage qui contient l\u2019\u00e9mail \u00e0 haute densit\u00e9, ou l\u2019\u00e9mail de base, de l\u2019autre. Une fois que la densit\u00e9 d\u00e9sir\u00e9e est configur\u00e9e sur le contr\u00f4leur, l\u2019ajustement&#8230;<\/p>\n","protected":false},"featured_media":3126,"template":"","meta":[],"product_brand":[],"product_cat":[104],"product_tag":[],"class_list":{"0":"post-3124","1":"product","2":"type-product","3":"status-publish","4":"has-post-thumbnail","6":"product_cat-dispositifs-pour-lignes-demaillage","8":"first","9":"instock","10":"shipping-taxable","11":"product-type-simple"},"_links":{"self":[{"href":"https:\/\/www.sertam.it\/fr\/wp-json\/wp\/v2\/product\/3124","targetHints":{"allow":["GET"]}}],"collection":[{"href":"https:\/\/www.sertam.it\/fr\/wp-json\/wp\/v2\/product"}],"about":[{"href":"https:\/\/www.sertam.it\/fr\/wp-json\/wp\/v2\/types\/product"}],"wp:featuredmedia":[{"embeddable":true,"href":"https:\/\/www.sertam.it\/fr\/wp-json\/wp\/v2\/media\/3126"}],"wp:attachment":[{"href":"https:\/\/www.sertam.it\/fr\/wp-json\/wp\/v2\/media?parent=3124"}],"wp:term":[{"taxonomy":"product_brand","embeddable":true,"href":"https:\/\/www.sertam.it\/fr\/wp-json\/wp\/v2\/product_brand?post=3124"},{"taxonomy":"product_cat","embeddable":true,"href":"https:\/\/www.sertam.it\/fr\/wp-json\/wp\/v2\/product_cat?post=3124"},{"taxonomy":"product_tag","embeddable":true,"href":"https:\/\/www.sertam.it\/fr\/wp-json\/wp\/v2\/product_tag?post=3124"}],"curies":[{"name":"wp","href":"https:\/\/api.w.org\/{rel}","templated":true}]}}