{"id":3132,"date":"2020-05-25T12:33:15","date_gmt":"2020-05-25T10:33:15","guid":{"rendered":"http:\/\/smartwebmo.cloud:74\/sertam2020\/prodotto\/engobeuse-avec-rouleau-en-silicone\/"},"modified":"2020-05-25T12:33:15","modified_gmt":"2020-05-25T10:33:15","slug":"engobeuse-avec-rouleau-en-silicone","status":"publish","type":"product","link":"https:\/\/www.sertam.it\/fr\/prodotto\/engobeuse-avec-rouleau-en-silicone\/","title":{"rendered":"ENGOBEUSE AVEC ROULEAU EN SILICONE"},"content":{"rendered":"<div class=\"vgblk-rw-wrapper limit-wrapper\">\n<p class=\"p1\">Machine \u00e0 rouleaux pour l&rsquo;impression avec engobe dans la partie inf\u00e9rieure des carreaux en transit sur la lignes d&rsquo;\u00e9maillage .<\/p>\n<p class=\"p1\">L&rsquo;application d&rsquo;engobes sur le dos du carreau \u00e9vite les contaminations provoqu\u00e9es par le contact direct entre les rouleaux en c\u00e9ramique du four et le carreau pendant la cuisson.<\/p>\n<p class=\"p1\">Son utilisation \u00e9vite \u00e9galement la d\u00e9t\u00e9rioration rapide des rouleaux en c\u00e9ramique, la d\u00e9formation de la plan\u00e9it\u00e9 des carreaux et les accumulations ind\u00e9sirables de pi\u00e8ces dans le four.<\/p>\n<p class=\"p1\">Gr\u00e2ce au syst\u00e8me d&rsquo;application avec cylindre en silicone grav\u00e9 au laser, cette machine permet une application parfaite et homog\u00e8ne sur la face inf\u00e9rieure des pi\u00e8ces, avec la possibilit\u00e9 d&rsquo;avoir des poids contr\u00f4l\u00e9s. Il \u00e9vite tout gaspillage de produit, ne contamine pas les bords des carreaux, permet d&rsquo;imprimer des logos ou autres dessins.<\/p>\n<p class=\"p1\">Disponible avec une longueur de rouleau jusqu&rsquo;\u00e0 2000 mm.<\/p>\n<\/div>\n<p><!-- .vgblk-rw-wrapper --><\/p>\n","protected":false},"excerpt":{"rendered":"<p>Machine \u00e0 rouleaux pour l&rsquo;impression avec engobe dans la partie inf\u00e9rieure des carreaux en transit sur la lignes d&rsquo;\u00e9maillage . L&rsquo;application d&rsquo;engobes sur le dos du carreau \u00e9vite les contaminations provoqu\u00e9es par le contact direct entre les rouleaux en c\u00e9ramique du four et le carreau pendant la cuisson. Son utilisation \u00e9vite \u00e9galement la d\u00e9t\u00e9rioration rapide&#8230;<\/p>\n","protected":false},"featured_media":4581,"template":"","meta":[],"product_brand":[],"product_cat":[104],"product_tag":[],"class_list":{"0":"post-3132","1":"product","2":"type-product","3":"status-publish","4":"has-post-thumbnail","6":"product_cat-dispositifs-pour-lignes-demaillage","8":"first","9":"instock","10":"shipping-taxable","11":"product-type-simple"},"_links":{"self":[{"href":"https:\/\/www.sertam.it\/fr\/wp-json\/wp\/v2\/product\/3132","targetHints":{"allow":["GET"]}}],"collection":[{"href":"https:\/\/www.sertam.it\/fr\/wp-json\/wp\/v2\/product"}],"about":[{"href":"https:\/\/www.sertam.it\/fr\/wp-json\/wp\/v2\/types\/product"}],"wp:featuredmedia":[{"embeddable":true,"href":"https:\/\/www.sertam.it\/fr\/wp-json\/wp\/v2\/media\/4581"}],"wp:attachment":[{"href":"https:\/\/www.sertam.it\/fr\/wp-json\/wp\/v2\/media?parent=3132"}],"wp:term":[{"taxonomy":"product_brand","embeddable":true,"href":"https:\/\/www.sertam.it\/fr\/wp-json\/wp\/v2\/product_brand?post=3132"},{"taxonomy":"product_cat","embeddable":true,"href":"https:\/\/www.sertam.it\/fr\/wp-json\/wp\/v2\/product_cat?post=3132"},{"taxonomy":"product_tag","embeddable":true,"href":"https:\/\/www.sertam.it\/fr\/wp-json\/wp\/v2\/product_tag?post=3132"}],"curies":[{"name":"wp","href":"https:\/\/api.w.org\/{rel}","templated":true}]}}