{"id":3348,"date":"2020-04-03T10:01:48","date_gmt":"2020-04-03T08:01:48","guid":{"rendered":"http:\/\/smartwebmo.cloud:74\/sertam2020\/prodotto\/alignateur-electronique-automatique\/"},"modified":"2020-04-03T10:01:48","modified_gmt":"2020-04-03T08:01:48","slug":"alignateur-electronique-automatique","status":"publish","type":"product","link":"https:\/\/www.sertam.it\/fr\/prodotto\/alignateur-electronique-automatique\/","title":{"rendered":"ALIGNATEUR \u00c9LECTRONIQUE AUTOMATIQUE"},"content":{"rendered":"<div class=\"vgblk-rw-wrapper limit-wrapper\">\n<p>ALIGNATEUR \u00c9LECTRONIQUE AUTOMATIQUE est un appareil qui vous permet d&rsquo;\u00e9galiser les tuiles en transit.<br \/>Complet avec Nr. 2 motor\u00e9ducteurs et Nr. 2 ou 4 dispositifs de remorquage ind\u00e9pendants et r\u00e9glables avec courroies rev\u00eatues de Tenax \u00e0 coefficient de frottement \u00e9lev\u00e9.<br \/>Tableau \u00e9lectrique avec PLC et IHM, Nr. 2 onduleurs OMRON et Nr. 2 Photocellules pour le rognage.<br \/>Cadre et supports pour installation sur lignes d\u2019emaillage inclus.<\/p>\n<p>&nbsp;<\/p>\n<table style=\"height: 400px;\" width=\"710\">\n<tbody>\n<tr>\n<td style=\"text-align: center;\">MODEL<\/td>\n<\/tr>\n<tr>\n<td style=\"text-align: center;\">200<\/td>\n<\/tr>\n<tr>\n<td style=\"text-align: center;\">400<\/td>\n<\/tr>\n<tr>\n<td style=\"text-align: center;\">500<\/td>\n<\/tr>\n<tr>\n<td style=\"text-align: center;\">600<\/td>\n<\/tr>\n<\/tbody>\n<\/table>\n<\/div>\n<p><!-- .vgblk-rw-wrapper --><\/p>\n","protected":false},"excerpt":{"rendered":"<p>ALIGNATEUR \u00c9LECTRONIQUE AUTOMATIQUE est un appareil qui vous permet d&rsquo;\u00e9galiser les tuiles en transit.Complet avec Nr. 2 motor\u00e9ducteurs et Nr. 2 ou 4 dispositifs de remorquage ind\u00e9pendants et r\u00e9glables avec courroies rev\u00eatues de Tenax \u00e0 coefficient de frottement \u00e9lev\u00e9.Tableau \u00e9lectrique avec PLC et IHM, Nr. 2 onduleurs OMRON et Nr. 2 Photocellules pour le rognage.Cadre&#8230;<\/p>\n","protected":false},"featured_media":3349,"template":"","meta":[],"product_brand":[],"product_cat":[104],"product_tag":[],"class_list":{"0":"post-3348","1":"product","2":"type-product","3":"status-publish","4":"has-post-thumbnail","6":"product_cat-dispositifs-pour-lignes-demaillage","8":"first","9":"instock","10":"shipping-taxable","11":"product-type-simple"},"_links":{"self":[{"href":"https:\/\/www.sertam.it\/fr\/wp-json\/wp\/v2\/product\/3348","targetHints":{"allow":["GET"]}}],"collection":[{"href":"https:\/\/www.sertam.it\/fr\/wp-json\/wp\/v2\/product"}],"about":[{"href":"https:\/\/www.sertam.it\/fr\/wp-json\/wp\/v2\/types\/product"}],"wp:featuredmedia":[{"embeddable":true,"href":"https:\/\/www.sertam.it\/fr\/wp-json\/wp\/v2\/media\/3349"}],"wp:attachment":[{"href":"https:\/\/www.sertam.it\/fr\/wp-json\/wp\/v2\/media?parent=3348"}],"wp:term":[{"taxonomy":"product_brand","embeddable":true,"href":"https:\/\/www.sertam.it\/fr\/wp-json\/wp\/v2\/product_brand?post=3348"},{"taxonomy":"product_cat","embeddable":true,"href":"https:\/\/www.sertam.it\/fr\/wp-json\/wp\/v2\/product_cat?post=3348"},{"taxonomy":"product_tag","embeddable":true,"href":"https:\/\/www.sertam.it\/fr\/wp-json\/wp\/v2\/product_tag?post=3348"}],"curies":[{"name":"wp","href":"https:\/\/api.w.org\/{rel}","templated":true}]}}