{"id":3354,"date":"2020-04-02T17:16:48","date_gmt":"2020-04-02T15:16:48","guid":{"rendered":"http:\/\/smartwebmo.cloud:74\/sertam2020\/prodotto\/refroidisseur-automatique-pour-carreaux\/"},"modified":"2020-04-02T17:16:48","modified_gmt":"2020-04-02T15:16:48","slug":"refroidisseur-automatique-pour-carreaux","status":"publish","type":"product","link":"https:\/\/www.sertam.it\/fr\/prodotto\/refroidisseur-automatique-pour-carreaux\/","title":{"rendered":"REFROIDISSEUR AUTOMATIQUE POUR CARREAUX"},"content":{"rendered":"<div class=\"vgblk-rw-wrapper limit-wrapper\">\n<p>Refroidisseur automatique pour carreaux, \u00e0 placer sur la ligne de vitrage pour abaisser la temp\u00e9rature des pi\u00e8ces avant d\u00e9coration num\u00e9rique avec des machines de d\u00e9coration num\u00e9rique. Il facilite une d\u00e9coration uniforme et sans d\u00e9faut, prolonge la dur\u00e9e de vie des t\u00eates d&rsquo;impression et \u00e9limine les probl\u00e8mes li\u00e9s au d\u00e9gagement de vapeurs des carreaux en transit.\u00a0Il s&rsquo;agit d&rsquo;un appareil \u00e0 compresseur unique \u00abtout-en-un\u00bb qui ne n\u00e9cessite pas d&rsquo;unit\u00e9s de refroidissement ou de condensation externes. Il ne n\u00e9cessite pas de cycles de nettoyage pendant le fonctionnement car la machine n&rsquo;est pas \u00e9quip\u00e9e de filtres et utilise des dispositifs de nettoyage automatique pour les radiateurs de refroidissement.Il s&rsquo;installe en quelques minutes car il utilise le transport d\u00e9j\u00e0 existant en \u00e9vitant d&rsquo;autres travaux m\u00e9caniques suppl\u00e9mentaires tels que l&rsquo;interruption de la ligne ou l&rsquo;installation de la tuyauterie.<\/p>\n<p>&nbsp;<\/p>\n<table style=\"height: 64px;\" width=\"896\">\n<tbody>\n<tr>\n<td width=\"900\">\n<p style=\"text-align: center;\">MAX SIZE<\/p>\n<\/td>\n<td style=\"text-align: center;\" width=\"900\">KW<\/td>\n<td style=\"text-align: center;\" width=\"900\">MIN OUT TEMPERATURE<\/td>\n<\/tr>\n<tr>\n<td width=\"110\">\n<p style=\"text-align: center;\">1000 mm<\/p>\n<\/td>\n<td style=\"text-align: center;\" width=\"284\">13<\/td>\n<td style=\"text-align: center;\" width=\"298\">-5\u00b0<\/td>\n<\/tr>\n<\/tbody>\n<\/table>\n<\/div>\n<p><!-- .vgblk-rw-wrapper --><\/p>\n","protected":false},"excerpt":{"rendered":"<p>Refroidisseur automatique pour carreaux, \u00e0 placer sur la ligne de vitrage pour abaisser la temp\u00e9rature des pi\u00e8ces avant d\u00e9coration num\u00e9rique avec des machines de d\u00e9coration num\u00e9rique. Il facilite une d\u00e9coration uniforme et sans d\u00e9faut, prolonge la dur\u00e9e de vie des t\u00eates d&rsquo;impression et \u00e9limine les probl\u00e8mes li\u00e9s au d\u00e9gagement de vapeurs des carreaux en transit.\u00a0Il&#8230;<\/p>\n","protected":false},"featured_media":3355,"template":"","meta":[],"product_brand":[],"product_cat":[104],"product_tag":[],"class_list":{"0":"post-3354","1":"product","2":"type-product","3":"status-publish","4":"has-post-thumbnail","6":"product_cat-dispositifs-pour-lignes-demaillage","8":"first","9":"instock","10":"shipping-taxable","11":"product-type-simple"},"_links":{"self":[{"href":"https:\/\/www.sertam.it\/fr\/wp-json\/wp\/v2\/product\/3354","targetHints":{"allow":["GET"]}}],"collection":[{"href":"https:\/\/www.sertam.it\/fr\/wp-json\/wp\/v2\/product"}],"about":[{"href":"https:\/\/www.sertam.it\/fr\/wp-json\/wp\/v2\/types\/product"}],"wp:featuredmedia":[{"embeddable":true,"href":"https:\/\/www.sertam.it\/fr\/wp-json\/wp\/v2\/media\/3355"}],"wp:attachment":[{"href":"https:\/\/www.sertam.it\/fr\/wp-json\/wp\/v2\/media?parent=3354"}],"wp:term":[{"taxonomy":"product_brand","embeddable":true,"href":"https:\/\/www.sertam.it\/fr\/wp-json\/wp\/v2\/product_brand?post=3354"},{"taxonomy":"product_cat","embeddable":true,"href":"https:\/\/www.sertam.it\/fr\/wp-json\/wp\/v2\/product_cat?post=3354"},{"taxonomy":"product_tag","embeddable":true,"href":"https:\/\/www.sertam.it\/fr\/wp-json\/wp\/v2\/product_tag?post=3354"}],"curies":[{"name":"wp","href":"https:\/\/api.w.org\/{rel}","templated":true}]}}