{"id":3402,"date":"2019-09-26T17:51:35","date_gmt":"2019-09-26T15:51:35","guid":{"rendered":"http:\/\/smartwebmo.cloud:74\/sertam2020\/prodotto\/lignes-completes-du-troisieme-feu\/"},"modified":"2019-09-26T17:51:35","modified_gmt":"2019-09-26T15:51:35","slug":"lignes-completes-du-troisieme-feu","status":"publish","type":"product","link":"https:\/\/www.sertam.it\/fr\/prodotto\/lignes-completes-du-troisieme-feu\/","title":{"rendered":"LIGNES COMPL\u00c8TES DU TROISI\u00c8ME FEU"},"content":{"rendered":"<div class=\"vgblk-rw-wrapper limit-wrapper\">\n<p>SERTAM fabrique des lignes compl\u00e8tes pour la d\u00e9coration de carreaux de troisi\u00e8me cuisson.<\/p>\n<p>Toutes les lignes sont personnalis\u00e9es selon les sp\u00e9cifications du client.<\/p>\n<\/div>\n<p><!-- .vgblk-rw-wrapper --><\/p>\n","protected":false},"excerpt":{"rendered":"<p>SERTAM fabrique des lignes compl\u00e8tes pour la d\u00e9coration de carreaux de troisi\u00e8me cuisson. Toutes les lignes sont personnalis\u00e9es selon les sp\u00e9cifications du client.<\/p>\n","protected":false},"featured_media":3403,"template":"","meta":[],"product_brand":[],"product_cat":[134],"product_tag":[],"class_list":{"0":"post-3402","1":"product","2":"type-product","3":"status-publish","4":"has-post-thumbnail","6":"product_cat-installations-completes","8":"first","9":"instock","10":"shipping-taxable","11":"product-type-simple"},"_links":{"self":[{"href":"https:\/\/www.sertam.it\/fr\/wp-json\/wp\/v2\/product\/3402","targetHints":{"allow":["GET"]}}],"collection":[{"href":"https:\/\/www.sertam.it\/fr\/wp-json\/wp\/v2\/product"}],"about":[{"href":"https:\/\/www.sertam.it\/fr\/wp-json\/wp\/v2\/types\/product"}],"wp:featuredmedia":[{"embeddable":true,"href":"https:\/\/www.sertam.it\/fr\/wp-json\/wp\/v2\/media\/3403"}],"wp:attachment":[{"href":"https:\/\/www.sertam.it\/fr\/wp-json\/wp\/v2\/media?parent=3402"}],"wp:term":[{"taxonomy":"product_brand","embeddable":true,"href":"https:\/\/www.sertam.it\/fr\/wp-json\/wp\/v2\/product_brand?post=3402"},{"taxonomy":"product_cat","embeddable":true,"href":"https:\/\/www.sertam.it\/fr\/wp-json\/wp\/v2\/product_cat?post=3402"},{"taxonomy":"product_tag","embeddable":true,"href":"https:\/\/www.sertam.it\/fr\/wp-json\/wp\/v2\/product_tag?post=3402"}],"curies":[{"name":"wp","href":"https:\/\/api.w.org\/{rel}","templated":true}]}}