{"id":3430,"date":"2019-09-26T17:48:53","date_gmt":"2019-09-26T15:48:53","guid":{"rendered":"http:\/\/smartwebmo.cloud:74\/sertam2020\/prodotto\/hd-code-printer-2\/"},"modified":"2020-12-10T09:14:19","modified_gmt":"2020-12-10T08:14:19","slug":"hd-code-printer-2","status":"publish","type":"product","link":"https:\/\/www.sertam.it\/fr\/prodotto\/hd-code-printer-2\/","title":{"rendered":"HD CODE PRINTER"},"content":{"rendered":"<div class=\"vgblk-rw-wrapper limit-wrapper\">\n<p>Le syst\u00e8me d\u2019impression \u00e0 haute d\u00e9finition et \u00e0 jet d\u2019encre mod\u00e8le HD permet l\u2019impression de tout type d\u2019emballage ou objet en mouvement par des textes alphanum\u00e9riques \u00e9crites, codes \u00e0 barres lin\u00e9aires, logos et cliparts. Les encres \u00e0 base d\u2019huile permettent l\u2019application sur des surfaces poreuses comme papier et carton blanc ou color\u00e9 (kraft brun), \u00e0 condition qu\u2019ils ne soient pas couch\u00e9s. Ce syst\u00e8me se sert de l\u2019utilisation de t\u00eates d\u2019impression de 128, 384 et 512 points, avec une r\u00e9solution de 180 DPI (points par pouce), ce qui d\u00e9termine une hauteur de la zone d\u2019impression de 16, 54 et 72 mm pour chaque t\u00e8te. Fiable et polyvalent gr\u00e2ce \u00e0 l\u2019utilisation de la technologie pi\u00e9zo\u00e9lectrique, il repr\u00e9sente la solution id\u00e9ale pour r\u00e9pondre aux diff\u00e9rents besoins d\u2019impression et il offre \u00e9galement la possibilit\u00e9 de g\u00e9rer jusqu\u2019\u00e0 2 t\u00eates d\u2019impression, \u00e0 la fois ind\u00e9pendantes et coupl\u00e9es. Cette derni\u00e8re option permet d\u2019\u00e9tendre la hauteur jusqu\u2019\u00e0 144 mm et, en outre, traiter le lay-out d\u2019impression comme une seule entit\u00e9. En effet, le software s\u2019occupe de partager le lay-out d\u2019impression en bandes et \u00e0 les transmettre aux t\u00eates d\u2019impression de mani\u00e8re \u00e0 ne pas cr\u00e9er des d\u00e9fauts dans les lignes de contact entre ces derni\u00e8res. Avec ses dimensions compactes et la position d\u2019installation universelle, il peut \u00eatre facilement int\u00e9gr\u00e9 sur installations et lignes de production de tout type. Le pupitre de programmation est simple et intuitif, ce qui permet aux op\u00e9rateurs d\u2019obtenir rapidement une ma\u00eetrise compl\u00e8te des syst\u00e8mes d\u2019impression HD.<\/p>\n<\/div>\n<p><!-- .vgblk-rw-wrapper --><\/p>\n","protected":false},"excerpt":{"rendered":"<p>Le syst\u00e8me d\u2019impression \u00e0 haute d\u00e9finition et \u00e0 jet d\u2019encre mod\u00e8le HD permet l\u2019impression de tout type d\u2019emballage ou objet en mouvement par des textes alphanum\u00e9riques \u00e9crites, codes \u00e0 barres lin\u00e9aires, logos et cliparts. Les encres \u00e0 base d\u2019huile permettent l\u2019application sur des surfaces poreuses comme papier et carton blanc ou color\u00e9 (kraft brun), \u00e0&#8230;<\/p>\n","protected":false},"featured_media":3435,"template":"","meta":[],"product_brand":[],"product_cat":[107],"product_tag":[],"class_list":{"0":"post-3430","1":"product","2":"type-product","3":"status-publish","4":"has-post-thumbnail","6":"product_cat-lignes-de-tri","8":"first","9":"instock","10":"shipping-taxable","11":"product-type-simple"},"_links":{"self":[{"href":"https:\/\/www.sertam.it\/fr\/wp-json\/wp\/v2\/product\/3430","targetHints":{"allow":["GET"]}}],"collection":[{"href":"https:\/\/www.sertam.it\/fr\/wp-json\/wp\/v2\/product"}],"about":[{"href":"https:\/\/www.sertam.it\/fr\/wp-json\/wp\/v2\/types\/product"}],"wp:featuredmedia":[{"embeddable":true,"href":"https:\/\/www.sertam.it\/fr\/wp-json\/wp\/v2\/media\/3435"}],"wp:attachment":[{"href":"https:\/\/www.sertam.it\/fr\/wp-json\/wp\/v2\/media?parent=3430"}],"wp:term":[{"taxonomy":"product_brand","embeddable":true,"href":"https:\/\/www.sertam.it\/fr\/wp-json\/wp\/v2\/product_brand?post=3430"},{"taxonomy":"product_cat","embeddable":true,"href":"https:\/\/www.sertam.it\/fr\/wp-json\/wp\/v2\/product_cat?post=3430"},{"taxonomy":"product_tag","embeddable":true,"href":"https:\/\/www.sertam.it\/fr\/wp-json\/wp\/v2\/product_tag?post=3430"}],"curies":[{"name":"wp","href":"https:\/\/api.w.org\/{rel}","templated":true}]}}