{"id":3478,"date":"2019-09-26T17:44:30","date_gmt":"2019-09-26T15:44:30","guid":{"rendered":"http:\/\/smartwebmo.cloud:74\/sertam2020\/prodotto\/sky\/"},"modified":"2020-12-10T09:16:20","modified_gmt":"2020-12-10T08:16:20","slug":"sky","status":"publish","type":"product","link":"https:\/\/www.sertam.it\/fr\/prodotto\/sky\/","title":{"rendered":"SKY"},"content":{"rendered":"<div class=\"vgblk-rw-wrapper limit-wrapper\">\n<p>SMART ENGINEERING<\/p>\n<p>MACHINE ROTATIVE <\/p>\n<p>Les quatre t\u00eates d\u00e8coratrices permettent de choisir entre quatre modes de travail:<\/p>\n<p>RANDOM &#8211; d\u00e9coration de type casuel avec graphique en continu et ind\u00e9pendance totale entre les t\u00eates individuelles.<\/p>\n<p>SYNCHRONIS\u00c9E RANDOM &#8211; d\u00e9coration de type casuel avec graphique en continu et mouvement synchronis\u00e9: les carreaux sont d\u00e9cor\u00e9s par une portion  casuelle di 1er rouleaux, les rouleaux restants sont synchronis\u00e9 avec le 1er et entre eux. Les carreaux produits pr\u00e9sentent des graphiques complexes toujours diff\u00e9rentes mais centr\u00e9es et superpos\u00e9es parfaitement.<\/p>\n<p>IMMAGE &#8211; d\u00e9coration traditionnelle qui implique l&rsquo;utilisation de cylindres avec des reproductions graphiques d\u00e9finies \u00e9gale au format en phase de travail. <\/p>\n<p>STAND-BY &#8211; il permet d&rsquo;exclure l&rsquo;activit\u00e9 d&rsquo;une ou plusieurs t\u00eates pr\u00e9s\u00e9lectionn\u00e9es en maintenant les autres en fonction. <\/p>\n<\/div>\n<p><!-- .vgblk-rw-wrapper --><\/p>\n","protected":false},"excerpt":{"rendered":"<p>SMART ENGINEERING MACHINE ROTATIVE Les quatre t\u00eates d\u00e8coratrices permettent de choisir entre quatre modes de travail: RANDOM &#8211; d\u00e9coration de type casuel avec graphique en continu et ind\u00e9pendance totale entre les t\u00eates individuelles. SYNCHRONIS\u00c9E RANDOM &#8211; d\u00e9coration de type casuel avec graphique en continu et mouvement synchronis\u00e9: les carreaux sont d\u00e9cor\u00e9s par une portion casuelle&#8230;<\/p>\n","protected":false},"featured_media":3479,"template":"","meta":[],"product_brand":[],"product_cat":[138,143],"product_tag":[],"class_list":{"0":"post-3478","1":"product","2":"type-product","3":"status-publish","4":"has-post-thumbnail","6":"product_cat-machines-a-serigraphier-rotatives","7":"product_cat-4-tetes","9":"first","10":"instock","11":"shipping-taxable","12":"product-type-simple"},"_links":{"self":[{"href":"https:\/\/www.sertam.it\/fr\/wp-json\/wp\/v2\/product\/3478","targetHints":{"allow":["GET"]}}],"collection":[{"href":"https:\/\/www.sertam.it\/fr\/wp-json\/wp\/v2\/product"}],"about":[{"href":"https:\/\/www.sertam.it\/fr\/wp-json\/wp\/v2\/types\/product"}],"wp:featuredmedia":[{"embeddable":true,"href":"https:\/\/www.sertam.it\/fr\/wp-json\/wp\/v2\/media\/3479"}],"wp:attachment":[{"href":"https:\/\/www.sertam.it\/fr\/wp-json\/wp\/v2\/media?parent=3478"}],"wp:term":[{"taxonomy":"product_brand","embeddable":true,"href":"https:\/\/www.sertam.it\/fr\/wp-json\/wp\/v2\/product_brand?post=3478"},{"taxonomy":"product_cat","embeddable":true,"href":"https:\/\/www.sertam.it\/fr\/wp-json\/wp\/v2\/product_cat?post=3478"},{"taxonomy":"product_tag","embeddable":true,"href":"https:\/\/www.sertam.it\/fr\/wp-json\/wp\/v2\/product_tag?post=3478"}],"curies":[{"name":"wp","href":"https:\/\/api.w.org\/{rel}","templated":true}]}}