{"id":3502,"date":"2019-09-26T17:37:06","date_gmt":"2019-09-26T15:37:06","guid":{"rendered":"http:\/\/smartwebmo.cloud:74\/sertam2020\/prodotto\/tableaux-electriques\/"},"modified":"2019-09-26T17:37:06","modified_gmt":"2019-09-26T15:37:06","slug":"tableaux-electriques","status":"publish","type":"product","link":"https:\/\/www.sertam.it\/fr\/prodotto\/tableaux-electriques\/","title":{"rendered":"TABLEAUX \u00c9LECTRIQUES"},"content":{"rendered":"<div class=\"vgblk-rw-wrapper limit-wrapper\">\n<p>Conception, c\u00e2blage et installation de tableaux de commande \u00e9lectriques pour le fonctionnement et le contr\u00f4le automatique et semi-automatique d&rsquo;automatismes industriels.<\/p>\n<p>Tout le c\u00e2blage est r\u00e9alis\u00e9 dans notre laboratoire, en accordant une attention particuli\u00e8re \u00e0 la mise au point des d\u00e9tails. Nous tenons \u00e0 pr\u00e9ciser que les composants utilis\u00e9s pour l&rsquo;assemblage sont des meilleures marques et avec le marquage CE.<\/p>\n<p>Tous les panneaux \u00e9lectriques incluent le sch\u00e9ma de c\u00e2blage \u00abCE\u00bb et le manuel d&rsquo;utilisation personnalis\u00e9 selon les demandes du client.<\/p>\n<\/div>\n<p><!-- .vgblk-rw-wrapper --><\/p>\n","protected":false},"excerpt":{"rendered":"<p>Conception, c\u00e2blage et installation de tableaux de commande \u00e9lectriques pour le fonctionnement et le contr\u00f4le automatique et semi-automatique d&rsquo;automatismes industriels. Tout le c\u00e2blage est r\u00e9alis\u00e9 dans notre laboratoire, en accordant une attention particuli\u00e8re \u00e0 la mise au point des d\u00e9tails. Nous tenons \u00e0 pr\u00e9ciser que les composants utilis\u00e9s pour l&rsquo;assemblage sont des meilleures marques et&#8230;<\/p>\n","protected":false},"featured_media":3414,"template":"","meta":[],"product_brand":[],"product_cat":[147,148],"product_tag":[],"class_list":{"0":"post-3502","1":"product","2":"type-product","3":"status-publish","4":"has-post-thumbnail","6":"product_cat-automations-fr","7":"product_cat-panneaux-et-systemes-electriques","9":"first","10":"instock","11":"shipping-taxable","12":"product-type-simple"},"_links":{"self":[{"href":"https:\/\/www.sertam.it\/fr\/wp-json\/wp\/v2\/product\/3502","targetHints":{"allow":["GET"]}}],"collection":[{"href":"https:\/\/www.sertam.it\/fr\/wp-json\/wp\/v2\/product"}],"about":[{"href":"https:\/\/www.sertam.it\/fr\/wp-json\/wp\/v2\/types\/product"}],"wp:featuredmedia":[{"embeddable":true,"href":"https:\/\/www.sertam.it\/fr\/wp-json\/wp\/v2\/media\/3414"}],"wp:attachment":[{"href":"https:\/\/www.sertam.it\/fr\/wp-json\/wp\/v2\/media?parent=3502"}],"wp:term":[{"taxonomy":"product_brand","embeddable":true,"href":"https:\/\/www.sertam.it\/fr\/wp-json\/wp\/v2\/product_brand?post=3502"},{"taxonomy":"product_cat","embeddable":true,"href":"https:\/\/www.sertam.it\/fr\/wp-json\/wp\/v2\/product_cat?post=3502"},{"taxonomy":"product_tag","embeddable":true,"href":"https:\/\/www.sertam.it\/fr\/wp-json\/wp\/v2\/product_tag?post=3502"}],"curies":[{"name":"wp","href":"https:\/\/api.w.org\/{rel}","templated":true}]}}