{"id":3537,"date":"2019-09-23T19:52:25","date_gmt":"2019-09-23T17:52:25","guid":{"rendered":"http:\/\/smartwebmo.cloud:74\/sertam2020\/prodotto\/tr-tf-2\/"},"modified":"2019-09-23T19:52:25","modified_gmt":"2019-09-23T17:52:25","slug":"tr-tf-2","status":"publish","type":"product","link":"https:\/\/www.sertam.it\/fr\/prodotto\/tr-tf-2\/","title":{"rendered":"TR-TF"},"content":{"rendered":"<div class=\"vgblk-rw-wrapper limit-wrapper\">\n<p>Machines a serigraphier pour la decoration des carreaux en troisi\u00e8me feu, bicuisson et plaques de verre.<br \/>D\u00e9coration longitudinale par rapport au sens d\u2019avancement des carreaux avec mouvement sur des guides lin\u00e9aires.<br \/>Positionnement du mat\u00e9riel par remorquage de la ligne de production.<br \/>Machine \u00e9quip\u00e9e d\u2019une but\u00e9e m\u00e9canique.<br \/>Gestion \u00e9lectronique en trois versions:<br \/>avec PLC OMRON<br \/>avec PLC SCHNEIDER<br \/>avec PLC RENESAS 32 Bit<\/p>\n<table style=\"height: 403px;\" width=\"803\">\n<tbody>\n<tr>\n<th style=\"text-align: center;\" width=\"400\">MODEL<\/th>\n<th style=\"text-align: center;\" width=\"400\">MIN. SIZE<\/th>\n<th style=\"text-align: center;\" width=\"400\">MAX. SIZE<\/th>\n<\/tr>\n<tr>\n<td style=\"text-align: center;\">15\/45<\/td>\n<td style=\"text-align: center;\">100&#215;100 mm<\/td>\n<td style=\"text-align: center;\">450&#215;450 mm<\/td>\n<\/tr>\n<tr>\n<td style=\"text-align: center;\">20\/60<\/td>\n<td style=\"text-align: center;\">200&#215;200 mm<\/td>\n<td style=\"text-align: center;\">600&#215;600 mm<\/td>\n<\/tr>\n<tr>\n<td style=\"text-align: center;\">60\/70<\/td>\n<td style=\"text-align: center;\">100&#215;100 mm<\/td>\n<td style=\"text-align: center;\">600&#215;700 mm<\/td>\n<\/tr>\n<tr>\n<td style=\"text-align: center;\">45\/70<\/td>\n<td style=\"text-align: center;\">200&#215;200 mm<\/td>\n<td style=\"text-align: center;\">450&#215;450 mm<\/td>\n<\/tr>\n<tr>\n<td style=\"text-align: center;\">60\/90<\/td>\n<td style=\"text-align: center;\">200&#215;200 mm<\/td>\n<td style=\"text-align: center;\">660&#215;660 mm<\/td>\n<\/tr>\n<tr>\n<td style=\"text-align: center;\">90\/90<\/td>\n<td style=\"text-align: center;\">200&#215;200 mm<\/td>\n<td style=\"text-align: center;\">900&#215;900 mm<\/td>\n<\/tr>\n<tr>\n<td style=\"text-align: center;\">60\/120<\/td>\n<td style=\"text-align: center;\">200&#215;200 mm<\/td>\n<td style=\"text-align: center;\">450&#215;450 mm<\/td>\n<\/tr>\n<tr>\n<td style=\"text-align: center;\">100\/100<\/td>\n<td style=\"text-align: center;\">200&#215;200 mm<\/td>\n<td style=\"text-align: center;\">660&#215;660 mm<\/td>\n<\/tr>\n<tr>\n<td style=\"text-align: center;\">100\/120<\/td>\n<td style=\"text-align: center;\">200&#215;200 mm<\/td>\n<td style=\"text-align: center;\">900&#215;900 mm<\/td>\n<\/tr>\n<tr>\n<td style=\"text-align: center;\">120\/120<\/td>\n<td style=\"text-align: center;\">200&#215;200 mm<\/td>\n<td style=\"text-align: center;\">450&#215;450 mm<\/td>\n<\/tr>\n<tr>\n<td style=\"text-align: center;\">60\/150<\/td>\n<td style=\"text-align: center;\">200&#215;200 mm<\/td>\n<td style=\"text-align: center;\">600&#215;1500 mm<\/td>\n<\/tr>\n<tr>\n<td style=\"text-align: center;\">150\/300<\/td>\n<td style=\"text-align: center;\">500&#215;500 mm<\/td>\n<td style=\"text-align: center;\">1500&#215;3000 mm<\/td>\n<\/tr>\n<\/tbody>\n<\/table>\n<\/div>\n<p><!-- .vgblk-rw-wrapper --><\/p>\n","protected":false},"excerpt":{"rendered":"<p>Machines a serigraphier pour la decoration des carreaux en troisi\u00e8me feu, bicuisson et plaques de verre.D\u00e9coration longitudinale par rapport au sens d\u2019avancement des carreaux avec mouvement sur des guides lin\u00e9aires.Positionnement du mat\u00e9riel par remorquage de la ligne de production.Machine \u00e9quip\u00e9e d\u2019une but\u00e9e m\u00e9canique.Gestion \u00e9lectronique en trois versions:avec PLC OMRONavec PLC SCHNEIDERavec PLC RENESAS 32 Bit&#8230;<\/p>\n","protected":false},"featured_media":3538,"template":"","meta":[],"product_brand":[],"product_cat":[117,122],"product_tag":[],"class_list":{"0":"post-3537","1":"product","2":"type-product","3":"status-publish","4":"has-post-thumbnail","6":"product_cat-machines-a-serigraphier-planes","7":"product_cat-machines-a-serigraphier-planes-supreme","9":"first","10":"instock","11":"shipping-taxable","12":"product-type-simple"},"_links":{"self":[{"href":"https:\/\/www.sertam.it\/fr\/wp-json\/wp\/v2\/product\/3537","targetHints":{"allow":["GET"]}}],"collection":[{"href":"https:\/\/www.sertam.it\/fr\/wp-json\/wp\/v2\/product"}],"about":[{"href":"https:\/\/www.sertam.it\/fr\/wp-json\/wp\/v2\/types\/product"}],"wp:featuredmedia":[{"embeddable":true,"href":"https:\/\/www.sertam.it\/fr\/wp-json\/wp\/v2\/media\/3538"}],"wp:attachment":[{"href":"https:\/\/www.sertam.it\/fr\/wp-json\/wp\/v2\/media?parent=3537"}],"wp:term":[{"taxonomy":"product_brand","embeddable":true,"href":"https:\/\/www.sertam.it\/fr\/wp-json\/wp\/v2\/product_brand?post=3537"},{"taxonomy":"product_cat","embeddable":true,"href":"https:\/\/www.sertam.it\/fr\/wp-json\/wp\/v2\/product_cat?post=3537"},{"taxonomy":"product_tag","embeddable":true,"href":"https:\/\/www.sertam.it\/fr\/wp-json\/wp\/v2\/product_tag?post=3537"}],"curies":[{"name":"wp","href":"https:\/\/api.w.org\/{rel}","templated":true}]}}