{"id":3544,"date":"2019-09-23T19:52:03","date_gmt":"2019-09-23T17:52:03","guid":{"rendered":"http:\/\/smartwebmo.cloud:74\/sertam2020\/prodotto\/s-tr-2\/"},"modified":"2019-09-23T19:52:03","modified_gmt":"2019-09-23T17:52:03","slug":"s-tr-2","status":"publish","type":"product","link":"https:\/\/www.sertam.it\/fr\/prodotto\/s-tr-2\/","title":{"rendered":"S-TR"},"content":{"rendered":"<div class=\"vgblk-rw-wrapper limit-wrapper\">\n<p>D\u00e9corateur humide pour cuisson simple, double et troisi\u00e8me.<br \/>\nD\u00e9coration longitudinale par rapport au sens d\u2019avancement des carreaux avec mouvement sur des guides lin\u00e9aires.<br \/>\nPositionnement du mat\u00e9riau au moyen de courroies lat\u00e9rales g\u00e9r\u00e9es par des moteurs pas \u00e0 pas ou des moteurs brushless.<br \/>\nGestion \u00e9lectronique en trois versions:<br \/>\navec PLC OMRON<br \/>\navec PLC SCHNEIDER<br \/>\navec PLC RENESAS 32 Bit<\/p>\n<p>&nbsp;<\/p>\n<table>\n<tbody>\n<tr>\n<th style=\"text-align: center;\" width=\"400\">MODEL<\/th>\n<th style=\"text-align: center;\" width=\"400\">MIN. SIZE<\/th>\n<th style=\"text-align: center;\" width=\"400\">MAX. SIZE<\/th>\n<\/tr>\n<tr>\n<td style=\"text-align: center;\">10\/45<\/td>\n<td style=\"text-align: center;\">100&#215;100 mm<\/td>\n<td style=\"text-align: center;\">450&#215;450 mm<\/td>\n<\/tr>\n<tr>\n<td style=\"text-align: center;\">20\/60<\/td>\n<td style=\"text-align: center;\">200&#215;200 mm<\/td>\n<td style=\"text-align: center;\">600&#215;600 mm<\/td>\n<\/tr>\n<tr>\n<td style=\"text-align: center;\">60\/90<\/td>\n<td style=\"text-align: center;\">200&#215;200 mm<\/td>\n<td style=\"text-align: center;\">660&#215;900 mm<\/td>\n<\/tr>\n<\/tbody>\n<\/table>\n<\/div>\n<p><!-- .vgblk-rw-wrapper --><\/p>\n","protected":false},"excerpt":{"rendered":"<p>D\u00e9corateur humide pour cuisson simple, double et troisi\u00e8me. D\u00e9coration longitudinale par rapport au sens d\u2019avancement des carreaux avec mouvement sur des guides lin\u00e9aires. Positionnement du mat\u00e9riau au moyen de courroies lat\u00e9rales g\u00e9r\u00e9es par des moteurs pas \u00e0 pas ou des moteurs brushless. Gestion \u00e9lectronique en trois versions: avec PLC OMRON avec PLC SCHNEIDER avec PLC&#8230;<\/p>\n","protected":false},"featured_media":3545,"template":"","meta":[],"product_brand":[],"product_cat":[117,122],"product_tag":[],"class_list":{"0":"post-3544","1":"product","2":"type-product","3":"status-publish","4":"has-post-thumbnail","6":"product_cat-machines-a-serigraphier-planes","7":"product_cat-machines-a-serigraphier-planes-supreme","9":"first","10":"instock","11":"shipping-taxable","12":"product-type-simple"},"_links":{"self":[{"href":"https:\/\/www.sertam.it\/fr\/wp-json\/wp\/v2\/product\/3544","targetHints":{"allow":["GET"]}}],"collection":[{"href":"https:\/\/www.sertam.it\/fr\/wp-json\/wp\/v2\/product"}],"about":[{"href":"https:\/\/www.sertam.it\/fr\/wp-json\/wp\/v2\/types\/product"}],"wp:featuredmedia":[{"embeddable":true,"href":"https:\/\/www.sertam.it\/fr\/wp-json\/wp\/v2\/media\/3545"}],"wp:attachment":[{"href":"https:\/\/www.sertam.it\/fr\/wp-json\/wp\/v2\/media?parent=3544"}],"wp:term":[{"taxonomy":"product_brand","embeddable":true,"href":"https:\/\/www.sertam.it\/fr\/wp-json\/wp\/v2\/product_brand?post=3544"},{"taxonomy":"product_cat","embeddable":true,"href":"https:\/\/www.sertam.it\/fr\/wp-json\/wp\/v2\/product_cat?post=3544"},{"taxonomy":"product_tag","embeddable":true,"href":"https:\/\/www.sertam.it\/fr\/wp-json\/wp\/v2\/product_tag?post=3544"}],"curies":[{"name":"wp","href":"https:\/\/api.w.org\/{rel}","templated":true}]}}