{"id":3571,"date":"2019-09-23T19:49:56","date_gmt":"2019-09-23T17:49:56","guid":{"rendered":"http:\/\/smartwebmo.cloud:74\/sertam2020\/prodotto\/cfa-98\/"},"modified":"2019-09-23T19:49:56","modified_gmt":"2019-09-23T17:49:56","slug":"cfa-98","status":"publish","type":"product","link":"https:\/\/www.sertam.it\/fr\/prodotto\/cfa-98\/","title":{"rendered":"CFA 98"},"content":{"rendered":"<div class=\"vgblk-rw-wrapper limit-wrapper\">\n<p>DECORATOR POUR LA PRODUCTION DE MONOCUISSON, BICUISSON, MONOPOREUSE ET PORCELAINE CARREAUX.<\/p>\n<p>Avancement et positionnement du mat\u00e9riel au moyen de bandes de transport lat\u00e9rales actionn\u00e9es par des moteurs pas \u00e0 pas, tableau \u00e9lectrique avec programmation num\u00e9rique pour le changement de format. Inverseur pour le contr\u00f4le des mouvements de la spatule.<\/p>\n<p>MOD.45 pour carreaux de 100&#215;100 mm \u00e0 450&#215;450 mm.<\/p>\n<p>MOD.60 pour carreaux de 150x150mm \u00e0 660x660mm.<\/p>\n<\/div>\n<p><!-- .vgblk-rw-wrapper --><\/p>\n","protected":false},"excerpt":{"rendered":"<p>DECORATOR POUR LA PRODUCTION DE MONOCUISSON, BICUISSON, MONOPOREUSE ET PORCELAINE CARREAUX. Avancement et positionnement du mat\u00e9riel au moyen de bandes de transport lat\u00e9rales actionn\u00e9es par des moteurs pas \u00e0 pas, tableau \u00e9lectrique avec programmation num\u00e9rique pour le changement de format. Inverseur pour le contr\u00f4le des mouvements de la spatule. MOD.45 pour carreaux de 100&#215;100 mm&#8230;<\/p>\n","protected":false},"featured_media":3572,"template":"","meta":[],"product_brand":[],"product_cat":[117,155],"product_tag":[],"class_list":{"0":"post-3571","1":"product","2":"type-product","3":"status-publish","4":"has-post-thumbnail","6":"product_cat-machines-a-serigraphier-planes","7":"product_cat-modeles-classiques","9":"first","10":"instock","11":"shipping-taxable","12":"product-type-simple"},"_links":{"self":[{"href":"https:\/\/www.sertam.it\/fr\/wp-json\/wp\/v2\/product\/3571","targetHints":{"allow":["GET"]}}],"collection":[{"href":"https:\/\/www.sertam.it\/fr\/wp-json\/wp\/v2\/product"}],"about":[{"href":"https:\/\/www.sertam.it\/fr\/wp-json\/wp\/v2\/types\/product"}],"wp:featuredmedia":[{"embeddable":true,"href":"https:\/\/www.sertam.it\/fr\/wp-json\/wp\/v2\/media\/3572"}],"wp:attachment":[{"href":"https:\/\/www.sertam.it\/fr\/wp-json\/wp\/v2\/media?parent=3571"}],"wp:term":[{"taxonomy":"product_brand","embeddable":true,"href":"https:\/\/www.sertam.it\/fr\/wp-json\/wp\/v2\/product_brand?post=3571"},{"taxonomy":"product_cat","embeddable":true,"href":"https:\/\/www.sertam.it\/fr\/wp-json\/wp\/v2\/product_cat?post=3571"},{"taxonomy":"product_tag","embeddable":true,"href":"https:\/\/www.sertam.it\/fr\/wp-json\/wp\/v2\/product_tag?post=3571"}],"curies":[{"name":"wp","href":"https:\/\/api.w.org\/{rel}","templated":true}]}}