{"id":3616,"date":"2019-09-23T19:47:43","date_gmt":"2019-09-23T17:47:43","guid":{"rendered":"http:\/\/smartwebmo.cloud:74\/sertam2020\/prodotto\/fox-45-fox-60\/"},"modified":"2019-09-23T19:47:43","modified_gmt":"2019-09-23T17:47:43","slug":"fox-45-fox-60","status":"publish","type":"product","link":"https:\/\/www.sertam.it\/fr\/prodotto\/fox-45-fox-60\/","title":{"rendered":"FOX 45 &#038; FOX 60"},"content":{"rendered":"<div class=\"vgblk-rw-wrapper limit-wrapper\">\n<p>DECORATOR POUR LA PRODUCTION DE MONOCUISSON, BICUISSON, MONOPOREUSE ET PORCELAINE CARREAUX.<\/p>\n<p>MOD.45 pour carreaux de 100\u00d7100 mm \u00e0 450\u00d7450 mm.<\/p>\n<p>MOD.60 pour carreaux de 150x150mm \u00e0 660x660mm.<\/p>\n<\/div>\n<p><!-- .vgblk-rw-wrapper --><\/p>\n","protected":false},"excerpt":{"rendered":"<p>DECORATOR POUR LA PRODUCTION DE MONOCUISSON, BICUISSON, MONOPOREUSE ET PORCELAINE CARREAUX. MOD.45 pour carreaux de 100\u00d7100 mm \u00e0 450\u00d7450 mm. MOD.60 pour carreaux de 150x150mm \u00e0 660x660mm.<\/p>\n","protected":false},"featured_media":3617,"template":"","meta":[],"product_brand":[],"product_cat":[117,155],"product_tag":[],"class_list":{"0":"post-3616","1":"product","2":"type-product","3":"status-publish","4":"has-post-thumbnail","6":"product_cat-machines-a-serigraphier-planes","7":"product_cat-modeles-classiques","9":"first","10":"instock","11":"shipping-taxable","12":"product-type-simple"},"_links":{"self":[{"href":"https:\/\/www.sertam.it\/fr\/wp-json\/wp\/v2\/product\/3616","targetHints":{"allow":["GET"]}}],"collection":[{"href":"https:\/\/www.sertam.it\/fr\/wp-json\/wp\/v2\/product"}],"about":[{"href":"https:\/\/www.sertam.it\/fr\/wp-json\/wp\/v2\/types\/product"}],"wp:featuredmedia":[{"embeddable":true,"href":"https:\/\/www.sertam.it\/fr\/wp-json\/wp\/v2\/media\/3617"}],"wp:attachment":[{"href":"https:\/\/www.sertam.it\/fr\/wp-json\/wp\/v2\/media?parent=3616"}],"wp:term":[{"taxonomy":"product_brand","embeddable":true,"href":"https:\/\/www.sertam.it\/fr\/wp-json\/wp\/v2\/product_brand?post=3616"},{"taxonomy":"product_cat","embeddable":true,"href":"https:\/\/www.sertam.it\/fr\/wp-json\/wp\/v2\/product_cat?post=3616"},{"taxonomy":"product_tag","embeddable":true,"href":"https:\/\/www.sertam.it\/fr\/wp-json\/wp\/v2\/product_tag?post=3616"}],"curies":[{"name":"wp","href":"https:\/\/api.w.org\/{rel}","templated":true}]}}