{"id":3626,"date":"2019-09-23T19:46:51","date_gmt":"2019-09-23T17:46:51","guid":{"rendered":"http:\/\/smartwebmo.cloud:74\/sertam2020\/prodotto\/cfa-c11-90\/"},"modified":"2019-09-23T19:46:51","modified_gmt":"2019-09-23T17:46:51","slug":"cfa-c11-90","status":"publish","type":"product","link":"https:\/\/www.sertam.it\/fr\/prodotto\/cfa-c11-90\/","title":{"rendered":"CFA-C11 BIG SIZE"},"content":{"rendered":"<div class=\"vgblk-rw-wrapper limit-wrapper\">\n<figure class=\"wp-block-embed wp-block-embed-youtube is-type-video is-provider-youtube epyt-figure\"><div class=\"wp-block-embed__wrapper\"><iframe loading=\"lazy\"  id=\"_ytid_87307\"  width=\"630\" height=\"300\"  data-origwidth=\"630\" data-origheight=\"300\" src=\"https:\/\/www.youtube.com\/embed\/wKpB0_QnN8Q?enablejsapi=1&autoplay=0&cc_load_policy=0&cc_lang_pref=&iv_load_policy=3&loop=1&playlist=wKpB0_QnN8Q&rel=1&fs=1&playsinline=0&autohide=2&theme=dark&color=red&controls=1&\" class=\"__youtube_prefs__  no-lazyload\" title=\"YouTube player\"  allow=\"fullscreen; accelerometer; autoplay; clipboard-write; encrypted-media; gyroscope; picture-in-picture\" allowfullscreen data-no-lazy=\"1\" data-skipgform_ajax_framebjll=\"\"><\/iframe><\/div><\/figure>\n<p>&nbsp;<\/p>\n<p>Decorator pour la production de monocuisson, bicuisson, monoporeuse et porcelaine carreaux.<\/p>\n<p>\u00c9quip\u00e9 d&rsquo;une gestion \u00e9lectronique innovante, de nouveaux moteurs pas \u00e0 pas et driver capables de fonctionner m\u00eame dans les conditions les plus s\u00e9v\u00e8res, \u00e0 des temp\u00e9ratures \u00e9lev\u00e9es et d&rsquo;assurer moins d&rsquo;entretien.<\/p>\n<p>&nbsp;<\/p>\n<table>\n<tbody>\n<tr>\n<th style=\"text-align: center;\" width=\"170\">MODEL<\/th>\n<th style=\"text-align: center;\" width=\"170\">MIN. SIZE<\/th>\n<th style=\"text-align: center;\" width=\"170\">MAX. SIZE<\/th>\n<th style=\"text-align: center;\" colspan=\"2\" width=\"300\">MAX. SPEED<\/th>\n<\/tr>\n<tr>\n<td style=\"text-align: center;\">60\/120<\/td>\n<td style=\"text-align: center;\">150&#215;150 mm<\/td>\n<td style=\"text-align: center;\">660&#215;1200 mm<\/td>\n<td style=\"text-align: center;\">120 mt\/min<\/td>\n<td style=\"text-align: center;\">70 pz\/min<\/td>\n<\/tr>\n<tr>\n<td style=\"text-align: center;\">90\/90<\/td>\n<td style=\"text-align: center;\">300&#215;300 mm<\/td>\n<td style=\"text-align: center;\">900&#215;900 mm<\/td>\n<td style=\"text-align: center;\">120 mt\/min<\/td>\n<td style=\"text-align: center;\">80 pz\/min<\/td>\n<\/tr>\n<tr>\n<td style=\"text-align: center;\">100\/100<\/td>\n<td style=\"text-align: center;\">300&#215;300 mm<\/td>\n<td style=\"text-align: center;\">1000&#215;1000 mm<\/td>\n<td style=\"text-align: center;\">120 mt\/min<\/td>\n<td style=\"text-align: center;\">75 pz\/min<\/td>\n<\/tr>\n<tr>\n<td style=\"text-align: center;\">120\/120<\/td>\n<td style=\"text-align: center;\">300&#215;300 mm<\/td>\n<td style=\"text-align: center;\">1200&#215;1200 mm<\/td>\n<td style=\"text-align: center;\">120 mt\/min<\/td>\n<td style=\"text-align: center;\">65 pz\/min<\/td>\n<\/tr>\n<\/tbody>\n<\/table>\n<\/div>\n<p><!-- .vgblk-rw-wrapper --><\/p>\n","protected":false},"excerpt":{"rendered":"<p>&nbsp; Decorator pour la production de monocuisson, bicuisson, monoporeuse et porcelaine carreaux. \u00c9quip\u00e9 d&rsquo;une gestion \u00e9lectronique innovante, de nouveaux moteurs pas \u00e0 pas et driver capables de fonctionner m\u00eame dans les conditions les plus s\u00e9v\u00e8res, \u00e0 des temp\u00e9ratures \u00e9lev\u00e9es et d&rsquo;assurer moins d&rsquo;entretien. &nbsp; MODEL MIN. SIZE MAX. SIZE MAX. SPEED 60\/120 150&#215;150 mm 660&#215;1200&#8230;<\/p>\n","protected":false},"featured_media":3631,"template":"","meta":[],"product_brand":[],"product_cat":[117,158],"product_tag":[],"class_list":{"0":"post-3626","1":"product","2":"type-product","3":"status-publish","4":"has-post-thumbnail","6":"product_cat-machines-a-serigraphier-planes","7":"product_cat-cfa-c11-fr","9":"first","10":"instock","11":"shipping-taxable","12":"product-type-simple"},"_links":{"self":[{"href":"https:\/\/www.sertam.it\/fr\/wp-json\/wp\/v2\/product\/3626","targetHints":{"allow":["GET"]}}],"collection":[{"href":"https:\/\/www.sertam.it\/fr\/wp-json\/wp\/v2\/product"}],"about":[{"href":"https:\/\/www.sertam.it\/fr\/wp-json\/wp\/v2\/types\/product"}],"wp:featuredmedia":[{"embeddable":true,"href":"https:\/\/www.sertam.it\/fr\/wp-json\/wp\/v2\/media\/3631"}],"wp:attachment":[{"href":"https:\/\/www.sertam.it\/fr\/wp-json\/wp\/v2\/media?parent=3626"}],"wp:term":[{"taxonomy":"product_brand","embeddable":true,"href":"https:\/\/www.sertam.it\/fr\/wp-json\/wp\/v2\/product_brand?post=3626"},{"taxonomy":"product_cat","embeddable":true,"href":"https:\/\/www.sertam.it\/fr\/wp-json\/wp\/v2\/product_cat?post=3626"},{"taxonomy":"product_tag","embeddable":true,"href":"https:\/\/www.sertam.it\/fr\/wp-json\/wp\/v2\/product_tag?post=3626"}],"curies":[{"name":"wp","href":"https:\/\/api.w.org\/{rel}","templated":true}]}}