{"id":3645,"date":"2019-09-23T19:45:09","date_gmt":"2019-09-23T17:45:09","guid":{"rendered":"http:\/\/smartwebmo.cloud:74\/sertam2020\/prodotto\/cfa-c11-45-2\/"},"modified":"2019-09-23T19:45:09","modified_gmt":"2019-09-23T17:45:09","slug":"cfa-c11-45-2","status":"publish","type":"product","link":"https:\/\/www.sertam.it\/fr\/prodotto\/cfa-c11-45-2\/","title":{"rendered":"CFA-C11 45"},"content":{"rendered":"<div class=\"vgblk-rw-wrapper limit-wrapper\">\n<figure class=\"wp-block-embed wp-block-embed-youtube is-type-video is-provider-youtube epyt-figure\"><div class=\"wp-block-embed__wrapper\"><iframe loading=\"lazy\"  id=\"_ytid_25889\"  width=\"630\" height=\"300\"  data-origwidth=\"630\" data-origheight=\"300\" src=\"https:\/\/www.youtube.com\/embed\/wKpB0_QnN8Q?enablejsapi=1&autoplay=0&cc_load_policy=0&cc_lang_pref=&iv_load_policy=3&loop=1&playlist=wKpB0_QnN8Q&rel=1&fs=1&playsinline=0&autohide=2&theme=dark&color=red&controls=1&\" class=\"__youtube_prefs__  no-lazyload\" title=\"YouTube player\"  allow=\"fullscreen; accelerometer; autoplay; clipboard-write; encrypted-media; gyroscope; picture-in-picture\" allowfullscreen data-no-lazy=\"1\" data-skipgform_ajax_framebjll=\"\"><\/iframe><\/div><\/figure>\n<p>&nbsp;<\/p>\n<p>Decorator pour la production de monocuisson, bicuisson, monoporeuse et porcelaine carreaux.<\/p>\n<p>Pour carreaux de 100x100mm \u00e0 450x450mm.<\/p>\n<p>Vitesse maximale de la bande: 140 mt\/min.<\/p>\n<p>Vitesse de production maximale: 160 pcs\/min.<\/p>\n<p>\u00c9quip\u00e9 d\u2019une gestion \u00e9lectronique innovante, de nouveaux moteurs pas \u00e0 pas et driver capables de fonctionner m\u00eame dans les conditions les plus s\u00e9v\u00e8res, \u00e0 des temp\u00e9ratures \u00e9lev\u00e9es et d\u2019assurer moins d\u2019entretien.<\/p>\n<p>\u00c9galement disponible avec des moteurs brushless.<\/p>\n<\/div>\n<p><!-- .vgblk-rw-wrapper --><\/p>\n","protected":false},"excerpt":{"rendered":"<p>&nbsp; Decorator pour la production de monocuisson, bicuisson, monoporeuse et porcelaine carreaux. Pour carreaux de 100x100mm \u00e0 450x450mm. Vitesse maximale de la bande: 140 mt\/min. Vitesse de production maximale: 160 pcs\/min. \u00c9quip\u00e9 d\u2019une gestion \u00e9lectronique innovante, de nouveaux moteurs pas \u00e0 pas et driver capables de fonctionner m\u00eame dans les conditions les plus s\u00e9v\u00e8res, \u00e0&#8230;<\/p>\n","protected":false},"featured_media":2142,"template":"","meta":[],"product_brand":[],"product_cat":[117,158],"product_tag":[],"class_list":{"0":"post-3645","1":"product","2":"type-product","3":"status-publish","4":"has-post-thumbnail","6":"product_cat-machines-a-serigraphier-planes","7":"product_cat-cfa-c11-fr","9":"first","10":"instock","11":"shipping-taxable","12":"product-type-simple"},"_links":{"self":[{"href":"https:\/\/www.sertam.it\/fr\/wp-json\/wp\/v2\/product\/3645","targetHints":{"allow":["GET"]}}],"collection":[{"href":"https:\/\/www.sertam.it\/fr\/wp-json\/wp\/v2\/product"}],"about":[{"href":"https:\/\/www.sertam.it\/fr\/wp-json\/wp\/v2\/types\/product"}],"wp:featuredmedia":[{"embeddable":true,"href":"https:\/\/www.sertam.it\/fr\/wp-json\/wp\/v2\/media\/2142"}],"wp:attachment":[{"href":"https:\/\/www.sertam.it\/fr\/wp-json\/wp\/v2\/media?parent=3645"}],"wp:term":[{"taxonomy":"product_brand","embeddable":true,"href":"https:\/\/www.sertam.it\/fr\/wp-json\/wp\/v2\/product_brand?post=3645"},{"taxonomy":"product_cat","embeddable":true,"href":"https:\/\/www.sertam.it\/fr\/wp-json\/wp\/v2\/product_cat?post=3645"},{"taxonomy":"product_tag","embeddable":true,"href":"https:\/\/www.sertam.it\/fr\/wp-json\/wp\/v2\/product_tag?post=3645"}],"curies":[{"name":"wp","href":"https:\/\/api.w.org\/{rel}","templated":true}]}}