{"id":3649,"date":"2019-09-23T19:34:09","date_gmt":"2019-09-23T17:34:09","guid":{"rendered":"http:\/\/smartwebmo.cloud:74\/sertam2020\/prodotto\/accessoires\/"},"modified":"2019-09-23T19:34:09","modified_gmt":"2019-09-23T17:34:09","slug":"accessoires","status":"publish","type":"product","link":"https:\/\/www.sertam.it\/fr\/prodotto\/accessoires\/","title":{"rendered":"ACCESSOIRES"},"content":{"rendered":"<div class=\"vgblk-rw-wrapper limit-wrapper\">\n<p> Accessoires pour l&rsquo;automatisation industrielle: <\/p>\n<ul>\n<li> Cartes \u00e9lectroniques <\/li>\n<li> Blocs d&rsquo;alimentation <\/li>\n<li> Moteurs pas \u00e0 pas <\/li>\n<li> Moteurs brushless <\/li>\n<li> Onduleur <\/li>\n<li> Automates programm\u00e9s <\/li>\n<li> \u00c9crans tactiles programm\u00e9s <\/li>\n<li> Divers accessoires. <\/li>\n<\/ul>\n<\/div>\n<p><!-- .vgblk-rw-wrapper --><\/p>\n","protected":false},"excerpt":{"rendered":"<p>Accessoires pour l&rsquo;automatisation industrielle: Cartes \u00e9lectroniques Blocs d&rsquo;alimentation Moteurs pas \u00e0 pas Moteurs brushless Onduleur Automates programm\u00e9s \u00c9crans tactiles programm\u00e9s Divers accessoires.<\/p>\n","protected":false},"featured_media":3650,"template":"","meta":[],"product_brand":[],"product_cat":[147,161],"product_tag":[],"class_list":{"0":"post-3649","1":"product","2":"type-product","3":"status-publish","4":"has-post-thumbnail","6":"product_cat-automations-fr","7":"product_cat-cartes-et-accessoires-electroniques","9":"first","10":"instock","11":"shipping-taxable","12":"product-type-simple"},"_links":{"self":[{"href":"https:\/\/www.sertam.it\/fr\/wp-json\/wp\/v2\/product\/3649","targetHints":{"allow":["GET"]}}],"collection":[{"href":"https:\/\/www.sertam.it\/fr\/wp-json\/wp\/v2\/product"}],"about":[{"href":"https:\/\/www.sertam.it\/fr\/wp-json\/wp\/v2\/types\/product"}],"wp:featuredmedia":[{"embeddable":true,"href":"https:\/\/www.sertam.it\/fr\/wp-json\/wp\/v2\/media\/3650"}],"wp:attachment":[{"href":"https:\/\/www.sertam.it\/fr\/wp-json\/wp\/v2\/media?parent=3649"}],"wp:term":[{"taxonomy":"product_brand","embeddable":true,"href":"https:\/\/www.sertam.it\/fr\/wp-json\/wp\/v2\/product_brand?post=3649"},{"taxonomy":"product_cat","embeddable":true,"href":"https:\/\/www.sertam.it\/fr\/wp-json\/wp\/v2\/product_cat?post=3649"},{"taxonomy":"product_tag","embeddable":true,"href":"https:\/\/www.sertam.it\/fr\/wp-json\/wp\/v2\/product_tag?post=3649"}],"curies":[{"name":"wp","href":"https:\/\/api.w.org\/{rel}","templated":true}]}}