{"id":3833,"date":"2019-09-19T11:29:42","date_gmt":"2019-09-19T09:29:42","guid":{"rendered":"http:\/\/smartwebmo.cloud:74\/sertam2020\/prodotto\/sechoir-2-mt\/"},"modified":"2019-09-19T11:29:42","modified_gmt":"2019-09-19T09:29:42","slug":"sechoir-2-mt","status":"publish","type":"product","link":"https:\/\/www.sertam.it\/fr\/prodotto\/sechoir-2-mt\/","title":{"rendered":"SECHOIR 2 mt"},"content":{"rendered":"<div class=\"vgblk-rw-wrapper limit-wrapper\">\n<p>SECHOIR RAPIDE FLAMME INDIRECTE.<\/p>\n<p>R\u00e9alis\u00e9 en t\u00f4le vernie, complet avec ventilateur, br\u00fbleur, soupape m\u00e9langeuse, thermocouple pour le r\u00e9glage de la temp\u00e9rature, tableau \u00e9lectrique complet de r\u00e9glage de temp\u00e9rature, syst\u00e8me d&rsquo;entra\u00eenement dans le s\u00e9chage, tableau \u00e9lectrique avec r\u00e9glage de la temp\u00e9rature.<\/p>\n<p>Longueur: 2 mt.<\/p>\n<\/div>\n<p><!-- .vgblk-rw-wrapper --><\/p>\n","protected":false},"excerpt":{"rendered":"<p>SECHOIR RAPIDE FLAMME INDIRECTE. R\u00e9alis\u00e9 en t\u00f4le vernie, complet avec ventilateur, br\u00fbleur, soupape m\u00e9langeuse, thermocouple pour le r\u00e9glage de la temp\u00e9rature, tableau \u00e9lectrique complet de r\u00e9glage de temp\u00e9rature, syst\u00e8me d&rsquo;entra\u00eenement dans le s\u00e9chage, tableau \u00e9lectrique avec r\u00e9glage de la temp\u00e9rature. Longueur: 2 mt.<\/p>\n","protected":false},"featured_media":3834,"template":"","meta":[],"product_brand":[],"product_cat":[111,176],"product_tag":[],"class_list":{"0":"post-3833","1":"product","2":"type-product","3":"status-publish","4":"has-post-thumbnail","6":"product_cat-dispositifs-pour-le-troisieme-feu","7":"product_cat-sechoir-2-mt","9":"first","10":"instock","11":"shipping-taxable","12":"product-type-simple"},"_links":{"self":[{"href":"https:\/\/www.sertam.it\/fr\/wp-json\/wp\/v2\/product\/3833","targetHints":{"allow":["GET"]}}],"collection":[{"href":"https:\/\/www.sertam.it\/fr\/wp-json\/wp\/v2\/product"}],"about":[{"href":"https:\/\/www.sertam.it\/fr\/wp-json\/wp\/v2\/types\/product"}],"wp:featuredmedia":[{"embeddable":true,"href":"https:\/\/www.sertam.it\/fr\/wp-json\/wp\/v2\/media\/3834"}],"wp:attachment":[{"href":"https:\/\/www.sertam.it\/fr\/wp-json\/wp\/v2\/media?parent=3833"}],"wp:term":[{"taxonomy":"product_brand","embeddable":true,"href":"https:\/\/www.sertam.it\/fr\/wp-json\/wp\/v2\/product_brand?post=3833"},{"taxonomy":"product_cat","embeddable":true,"href":"https:\/\/www.sertam.it\/fr\/wp-json\/wp\/v2\/product_cat?post=3833"},{"taxonomy":"product_tag","embeddable":true,"href":"https:\/\/www.sertam.it\/fr\/wp-json\/wp\/v2\/product_tag?post=3833"}],"curies":[{"name":"wp","href":"https:\/\/api.w.org\/{rel}","templated":true}]}}