{"id":3844,"date":"2019-09-19T11:25:36","date_gmt":"2019-09-19T09:25:36","guid":{"rendered":"http:\/\/smartwebmo.cloud:74\/sertam2020\/prodotto\/machine-panneaux-multiplex-2\/"},"modified":"2019-09-19T11:25:36","modified_gmt":"2019-09-19T09:25:36","slug":"machine-panneaux-multiplex-2","status":"publish","type":"product","link":"https:\/\/www.sertam.it\/fr\/prodotto\/machine-panneaux-multiplex-2\/","title":{"rendered":"MACHINE PANNEAUX MULTIPLEX"},"content":{"rendered":"<div class=\"vgblk-rw-wrapper limit-wrapper\">\n<p>Machine de d\u00e9corateur semi-automatique pour s\u00e9rigraphie \u00e0 plat, compl\u00e8te avec table coulissante.<br \/>D\u00e9corateur semi-automatique pour s\u00e9rigraphie \u00e0 plat.<br \/>Cycle de travail compos\u00e9 de:<br \/>phase de chargement du mat\u00e9riau \u00e0 imprimer sur la surface de glissement; <br \/>traduction de la table dans la zone d\u2019impression;<br \/>impression du mat\u00e9riel;<br \/>sortie de table pour la phase de d\u00e9chargement du mat\u00e9riel par remorquage avec onduleur.<br \/>Un seul op\u00e9rateur est n\u00e9cessaire pour faire fonctionner la machine \u00e0 vitesse maximale.<br \/>Un seul op\u00e9rateur est n\u00e9cessaire pour faire fonctionner la machine \u00e0 vitesse maximale.<br \/>Structure de support de machine en acier tubulaire peint.<br \/>Support sur 4 pieds r\u00e9glables avec possibilit\u00e9 de fixation au sol avec des chevilles d\u2019expansion pour une stabilit\u00e9 optimale.<br \/>D\u00e9marrage automatique du cycle de travail.<br \/>Levage de l\u2019\u00e9cran, depuis la surface d\u2019impression, \u00e0 l\u2019aide de 2 v\u00e9rins pneumatiques.<br \/>Fonction de d\u00e9tachement progressif de l\u2019\u00e9cran de s\u00e9rigraphie pendant la phase d\u2019\u00e9criture. Activation ou d\u00e9sactivation de la fonction depuis le terminal.<br \/>Bloc \u00e9cran au moyen de 4 boutons et 4 cylindres pneumatiques.<br \/>Vitesse d\u2019application et d\u00e9coration de l\u2019\u00e9mail r\u00e9glable s\u00e9par\u00e9ment au moyen de potentiom\u00e8tres; entra\u00eenement avec onduleur.<br \/>D\u00e9coration pneumatique \u00e0 4 cylindres.<br \/>Course du chariot \u00e0 spatule r\u00e9glable depuis le terminal, avec fonction \u00ab auto-apprentissage \u00bb.<br \/>Gestion \u00e9lectronique par PLC \u2013 Terminal \u00e0 \u00e9cran tactile.<br \/>Comptage des pi\u00e8ces produites.<\/p>\n<\/div>\n<p><!-- .vgblk-rw-wrapper --><\/p>\n","protected":false},"excerpt":{"rendered":"<p>Machine de d\u00e9corateur semi-automatique pour s\u00e9rigraphie \u00e0 plat, compl\u00e8te avec table coulissante.D\u00e9corateur semi-automatique pour s\u00e9rigraphie \u00e0 plat.Cycle de travail compos\u00e9 de:phase de chargement du mat\u00e9riau \u00e0 imprimer sur la surface de glissement; traduction de la table dans la zone d\u2019impression;impression du mat\u00e9riel;sortie de table pour la phase de d\u00e9chargement du mat\u00e9riel par remorquage avec onduleur.Un&#8230;<\/p>\n","protected":false},"featured_media":3514,"template":"","meta":[],"product_brand":[],"product_cat":[111,179],"product_tag":[],"class_list":{"0":"post-3844","1":"product","2":"type-product","3":"status-publish","4":"has-post-thumbnail","6":"product_cat-dispositifs-pour-le-troisieme-feu","7":"product_cat-decorateurs-supreme","9":"first","10":"instock","11":"shipping-taxable","12":"product-type-simple"},"_links":{"self":[{"href":"https:\/\/www.sertam.it\/fr\/wp-json\/wp\/v2\/product\/3844","targetHints":{"allow":["GET"]}}],"collection":[{"href":"https:\/\/www.sertam.it\/fr\/wp-json\/wp\/v2\/product"}],"about":[{"href":"https:\/\/www.sertam.it\/fr\/wp-json\/wp\/v2\/types\/product"}],"wp:featuredmedia":[{"embeddable":true,"href":"https:\/\/www.sertam.it\/fr\/wp-json\/wp\/v2\/media\/3514"}],"wp:attachment":[{"href":"https:\/\/www.sertam.it\/fr\/wp-json\/wp\/v2\/media?parent=3844"}],"wp:term":[{"taxonomy":"product_brand","embeddable":true,"href":"https:\/\/www.sertam.it\/fr\/wp-json\/wp\/v2\/product_brand?post=3844"},{"taxonomy":"product_cat","embeddable":true,"href":"https:\/\/www.sertam.it\/fr\/wp-json\/wp\/v2\/product_cat?post=3844"},{"taxonomy":"product_tag","embeddable":true,"href":"https:\/\/www.sertam.it\/fr\/wp-json\/wp\/v2\/product_tag?post=3844"}],"curies":[{"name":"wp","href":"https:\/\/api.w.org\/{rel}","templated":true}]}}