{"id":3859,"date":"2019-09-19T11:23:43","date_gmt":"2019-09-19T09:23:43","guid":{"rendered":"http:\/\/smartwebmo.cloud:74\/sertam2020\/prodotto\/k\/"},"modified":"2019-09-19T11:23:43","modified_gmt":"2019-09-19T09:23:43","slug":"k","status":"publish","type":"product","link":"https:\/\/www.sertam.it\/fr\/prodotto\/k\/","title":{"rendered":"K"},"content":{"rendered":"<div class=\"vgblk-rw-wrapper limit-wrapper\">\n<p>Machines pour la d\u00e9coration de carreaux \u00e0 une seule cuisson, \u00e0 double cuisson et \u00e0 une troisi\u00e8me cuisson.<br \/>\nD\u00e9coration longitudinale avec bielle orient\u00e9e dans le sens d\u2019avancement des tuiles.<br \/>\nAvancement et positionnement des dalles au moyen de courroies lat\u00e9rales g\u00e9r\u00e9es par des moteurs pas \u00e0 pas ou des moteurs brushless.<br \/>\nGestion \u00e9lectronique en trois versions:<br \/>\navec PLC OMRON<br \/>\navec PLC SCHNEIDER<br \/>\navec PLC RENESAS<\/p>\n<table>\n<tbody>\n<tr>\n<th style=\"text-align: center;\" width=\"400\">MODEL<\/th>\n<th style=\"text-align: center;\" width=\"400\">MIN. SIZE<\/th>\n<th style=\"text-align: center;\" width=\"400\">MAX. SIZE<\/th>\n<\/tr>\n<tr>\n<td style=\"text-align: center;\">10\/45<\/td>\n<td style=\"text-align: center;\">100&#215;100 mm<\/td>\n<td style=\"text-align: center;\">450&#215;450 mm<\/td>\n<\/tr>\n<tr>\n<td style=\"text-align: center;\">20\/60<\/td>\n<td style=\"text-align: center;\">200X200 mm<\/td>\n<td style=\"text-align: center;\">600&#215;600 mm<\/td>\n<\/tr>\n<tr>\n<td style=\"text-align: center;\">60\/90<\/td>\n<td style=\"text-align: center;\">200X200 mm<\/td>\n<td style=\"text-align: center;\">600&#215;900 mm<\/td>\n<\/tr>\n<\/tbody>\n<\/table>\n<\/div>\n<p><!-- .vgblk-rw-wrapper --><\/p>\n","protected":false},"excerpt":{"rendered":"<p>Machines pour la d\u00e9coration de carreaux \u00e0 une seule cuisson, \u00e0 double cuisson et \u00e0 une troisi\u00e8me cuisson. D\u00e9coration longitudinale avec bielle orient\u00e9e dans le sens d\u2019avancement des tuiles. Avancement et positionnement des dalles au moyen de courroies lat\u00e9rales g\u00e9r\u00e9es par des moteurs pas \u00e0 pas ou des moteurs brushless. Gestion \u00e9lectronique en trois versions:&#8230;<\/p>\n","protected":false},"featured_media":3555,"template":"","meta":[],"product_brand":[],"product_cat":[111,179],"product_tag":[],"class_list":{"0":"post-3859","1":"product","2":"type-product","3":"status-publish","4":"has-post-thumbnail","6":"product_cat-dispositifs-pour-le-troisieme-feu","7":"product_cat-decorateurs-supreme","9":"first","10":"instock","11":"shipping-taxable","12":"product-type-simple"},"_links":{"self":[{"href":"https:\/\/www.sertam.it\/fr\/wp-json\/wp\/v2\/product\/3859","targetHints":{"allow":["GET"]}}],"collection":[{"href":"https:\/\/www.sertam.it\/fr\/wp-json\/wp\/v2\/product"}],"about":[{"href":"https:\/\/www.sertam.it\/fr\/wp-json\/wp\/v2\/types\/product"}],"wp:featuredmedia":[{"embeddable":true,"href":"https:\/\/www.sertam.it\/fr\/wp-json\/wp\/v2\/media\/3555"}],"wp:attachment":[{"href":"https:\/\/www.sertam.it\/fr\/wp-json\/wp\/v2\/media?parent=3859"}],"wp:term":[{"taxonomy":"product_brand","embeddable":true,"href":"https:\/\/www.sertam.it\/fr\/wp-json\/wp\/v2\/product_brand?post=3859"},{"taxonomy":"product_cat","embeddable":true,"href":"https:\/\/www.sertam.it\/fr\/wp-json\/wp\/v2\/product_cat?post=3859"},{"taxonomy":"product_tag","embeddable":true,"href":"https:\/\/www.sertam.it\/fr\/wp-json\/wp\/v2\/product_tag?post=3859"}],"curies":[{"name":"wp","href":"https:\/\/api.w.org\/{rel}","templated":true}]}}