{"id":3869,"date":"2019-09-19T11:12:49","date_gmt":"2019-09-19T09:12:49","guid":{"rendered":"http:\/\/smartwebmo.cloud:74\/sertam2020\/prodotto\/cabine-de-laboratoire\/"},"modified":"2019-09-19T11:12:49","modified_gmt":"2019-09-19T09:12:49","slug":"cabine-de-laboratoire","status":"publish","type":"product","link":"https:\/\/www.sertam.it\/fr\/prodotto\/cabine-de-laboratoire\/","title":{"rendered":"CABINE DE LABORATOIRE"},"content":{"rendered":"<div class=\"vgblk-rw-wrapper limit-wrapper\">\n<p>Cabine de laboratoire en acier inoxydable AISI 304 compos\u00e9e d&rsquo;un syst\u00e8me de recirculation d&rsquo;eau avec des buses pour la suppression des poussi\u00e8res qui forment un voile d&rsquo;eau \u00e0 l&rsquo;int\u00e9rieur de la cabine.<\/p>\n<p>Cabine compl\u00e8te avec:<\/p>\n<p>Ventilateur h\u00e9lico\u00efdal de 0,37 kW pour l&rsquo;aspiration;<\/p>\n<p>Pompe de recirculation d&rsquo;eau 0,75 kW;<\/p>\n<p>N\u00e9on interne;<\/p>\n<p>Panneau de commande pour allumer le ventilateur de la pompe et la lumi\u00e8re.<\/p>\n<\/div>\n<p><!-- .vgblk-rw-wrapper --><\/p>\n","protected":false},"excerpt":{"rendered":"<p>Cabine de laboratoire en acier inoxydable AISI 304 compos\u00e9e d&rsquo;un syst\u00e8me de recirculation d&rsquo;eau avec des buses pour la suppression des poussi\u00e8res qui forment un voile d&rsquo;eau \u00e0 l&rsquo;int\u00e9rieur de la cabine. Cabine compl\u00e8te avec: Ventilateur h\u00e9lico\u00efdal de 0,37 kW pour l&rsquo;aspiration; Pompe de recirculation d&rsquo;eau 0,75 kW; N\u00e9on interne; Panneau de commande pour allumer&#8230;<\/p>\n","protected":false},"featured_media":4502,"template":"","meta":[],"product_brand":[],"product_cat":[104],"product_tag":[],"class_list":{"0":"post-3869","1":"product","2":"type-product","3":"status-publish","4":"has-post-thumbnail","6":"product_cat-dispositifs-pour-lignes-demaillage","8":"first","9":"instock","10":"shipping-taxable","11":"product-type-simple"},"_links":{"self":[{"href":"https:\/\/www.sertam.it\/fr\/wp-json\/wp\/v2\/product\/3869","targetHints":{"allow":["GET"]}}],"collection":[{"href":"https:\/\/www.sertam.it\/fr\/wp-json\/wp\/v2\/product"}],"about":[{"href":"https:\/\/www.sertam.it\/fr\/wp-json\/wp\/v2\/types\/product"}],"wp:featuredmedia":[{"embeddable":true,"href":"https:\/\/www.sertam.it\/fr\/wp-json\/wp\/v2\/media\/4502"}],"wp:attachment":[{"href":"https:\/\/www.sertam.it\/fr\/wp-json\/wp\/v2\/media?parent=3869"}],"wp:term":[{"taxonomy":"product_brand","embeddable":true,"href":"https:\/\/www.sertam.it\/fr\/wp-json\/wp\/v2\/product_brand?post=3869"},{"taxonomy":"product_cat","embeddable":true,"href":"https:\/\/www.sertam.it\/fr\/wp-json\/wp\/v2\/product_cat?post=3869"},{"taxonomy":"product_tag","embeddable":true,"href":"https:\/\/www.sertam.it\/fr\/wp-json\/wp\/v2\/product_tag?post=3869"}],"curies":[{"name":"wp","href":"https:\/\/api.w.org\/{rel}","templated":true}]}}