{"id":3896,"date":"2019-09-19T11:11:46","date_gmt":"2019-09-19T09:11:46","guid":{"rendered":"http:\/\/smartwebmo.cloud:74\/sertam2020\/prodotto\/cellule-de-refroidissement-rapide\/"},"modified":"2020-12-17T08:53:55","modified_gmt":"2020-12-17T07:53:55","slug":"cellule-de-refroidissement-rapide","status":"publish","type":"product","link":"https:\/\/www.sertam.it\/fr\/prodotto\/cellule-de-refroidissement-rapide\/","title":{"rendered":"CELLULE DE REFROIDISSEMENT RAPIDE"},"content":{"rendered":"<div class=\"vgblk-rw-wrapper limit-wrapper\">\n<p>Le nouveau REFROIDISSEUR ET D\u00c9SHUMIDIFACATEUR:<\/p>\n<ul>\n<li>R\u00e9duit la temp\u00e9rature du carreau avant l\u2019impression digitale.<\/li>\n<li>Pr\u00e9vient et \u00e9limine la formation de vapeurs de condensation qui endommagent les t\u00eates d\u2019impression.<\/li>\n<li>Augmente la dur\u00e9e des t\u00eates.<\/li>\n<li>D\u00e9croit consid\u00e9rablement les co\u00fbts d\u2019entretien de la machine digitale.<\/li>\n<li>Installation simple et imm\u00e9diate, pas besoin de changements dans la ligne.<\/li>\n<li>Pas de co\u00fbts d\u2019entretien.<\/li>\n<\/ul>\n<p>La machine SERTAM est aliment\u00e9e par air comprim\u00e9, qui doit toujours \u00eatre disponible en proximit\u00e9 des machines pour l\u2019impression digitale.<\/p>\n<p>L\u2019air s\u00e9ch\u00e9 est refroidi par un refroidisseur sp\u00e9cial \u00e0 des temp\u00e9ratures autour de + 2 \u00b0 \/ + 4 \u00b0 C et dirig\u00e9 vers la surface du carreau par un ensemble de \u00ab\u00a0lames d&rsquo;air\u00a0\u00bb, qui consistent en des buses silencieuses sp\u00e9ciales \u00e0 faible consommation d&rsquo;\u00e9nergie, install\u00e9s sur le convoyeur \u00e0 bande \u00e0 proximit\u00e9 l&rsquo;entr\u00e9e de la machine digitale. Ce flux d&rsquo;air froid et sec r\u00e9duit consid\u00e9rablement la temp\u00e9rature de surface du carreau et \u00e9limine la formation de vapeurs de condensation.<\/p>\n<p>La machine est enti\u00e8rement \u00e9quip\u00e9e: elle est pourvue d&rsquo;une unit\u00e9 de refroidissement, compl\u00e8te avec des filtres d&rsquo;entr\u00e9e et de sortie, un panneau \u00e9lectronique avec photocellule, un collecteur pour la distribution de l&rsquo;air froid et sec et un ensemble de \u00ab\u00a0lames d&rsquo;air\u00a0\u00bb avec les dimensions requises par le format des carreaux \u00e0 refroidir.<\/p>\n<\/div>\n<p><!-- .vgblk-rw-wrapper --><\/p>\n","protected":false},"excerpt":{"rendered":"<p>Le nouveau REFROIDISSEUR ET D\u00c9SHUMIDIFACATEUR: R\u00e9duit la temp\u00e9rature du carreau avant l\u2019impression digitale. Pr\u00e9vient et \u00e9limine la formation de vapeurs de condensation qui endommagent les t\u00eates d\u2019impression. Augmente la dur\u00e9e des t\u00eates. D\u00e9croit consid\u00e9rablement les co\u00fbts d\u2019entretien de la machine digitale. Installation simple et imm\u00e9diate, pas besoin de changements dans la ligne. Pas de co\u00fbts&#8230;<\/p>\n","protected":false},"featured_media":3897,"template":"","meta":[],"product_brand":[],"product_cat":[104],"product_tag":[],"class_list":{"0":"post-3896","1":"product","2":"type-product","3":"status-publish","4":"has-post-thumbnail","6":"product_cat-dispositifs-pour-lignes-demaillage","8":"first","9":"instock","10":"shipping-taxable","11":"product-type-simple"},"_links":{"self":[{"href":"https:\/\/www.sertam.it\/fr\/wp-json\/wp\/v2\/product\/3896","targetHints":{"allow":["GET"]}}],"collection":[{"href":"https:\/\/www.sertam.it\/fr\/wp-json\/wp\/v2\/product"}],"about":[{"href":"https:\/\/www.sertam.it\/fr\/wp-json\/wp\/v2\/types\/product"}],"wp:featuredmedia":[{"embeddable":true,"href":"https:\/\/www.sertam.it\/fr\/wp-json\/wp\/v2\/media\/3897"}],"wp:attachment":[{"href":"https:\/\/www.sertam.it\/fr\/wp-json\/wp\/v2\/media?parent=3896"}],"wp:term":[{"taxonomy":"product_brand","embeddable":true,"href":"https:\/\/www.sertam.it\/fr\/wp-json\/wp\/v2\/product_brand?post=3896"},{"taxonomy":"product_cat","embeddable":true,"href":"https:\/\/www.sertam.it\/fr\/wp-json\/wp\/v2\/product_cat?post=3896"},{"taxonomy":"product_tag","embeddable":true,"href":"https:\/\/www.sertam.it\/fr\/wp-json\/wp\/v2\/product_tag?post=3896"}],"curies":[{"name":"wp","href":"https:\/\/api.w.org\/{rel}","templated":true}]}}