{"id":3990,"date":"2019-09-19T11:07:41","date_gmt":"2019-09-19T09:07:41","guid":{"rendered":"http:\/\/smartwebmo.cloud:74\/sertam2020\/prodotto\/cabines-de-nebulisation\/"},"modified":"2019-09-19T11:07:41","modified_gmt":"2019-09-19T09:07:41","slug":"cabines-de-nebulisation","status":"publish","type":"product","link":"https:\/\/www.sertam.it\/fr\/prodotto\/cabines-de-nebulisation\/","title":{"rendered":"CABINES DE NEBULISATION"},"content":{"rendered":"<div class=\"vgblk-rw-wrapper limit-wrapper\">\n<p>Cabines de nebulisation<\/p>\n<p>Cabines de nebulisation pour effets flamboyants avec \u00e9mail ou engobe.<\/p>\n<p>Disponible en versions avec:<\/p>\n<ul>\n<li>tableau \u00e9lectrique avec PLC et avec motor\u00e9ducteurs et inverseurs<\/li>\n<li>tableau \u00e9lectrique avec PLC et avec moteurs pas \u00e0 pas<\/li>\n<\/ul>\n<p>les deux versions peuvent \u00eatre \u00e9quip\u00e9es de 1, 2, 3, 4 ou 6 moteurs ind\u00e9pendants.<\/p>\n<p>&nbsp;<\/p>\n<p>DIMENSIONS LES PLUS UTILIS\u00c9ES:<\/p>\n<ul>\n<li>Format maximum 450 mm<\/li>\n<li>Format maximum 660 mm<\/li>\n<li>Format maximum 900 mm<\/li>\n<\/ul>\n<p>&nbsp;<\/p>\n<p>Optional: software a\u00e9rographe<\/p>\n<p>software cr\u00e9\u00e9 par Sertam pour la gestion des cabines flamboyantes depuis un PC.<\/p>\n<p>Simulation PC du processus de d\u00e9coration et transmission des \u00ab\u00a0recettes\u00a0\u00bb sur le tableau \u00e9lectrique (via s\u00e9rie RS232).<\/p>\n<p>Les logiciels con\u00e7us pour le secteur de la c\u00e9ramique trouvent une application dans tous les secteurs qui n\u00e9cessitent l&rsquo;aide de la d\u00e9coration \u00e0 l&rsquo;a\u00e9rographe.<\/p>\n<\/div>\n<p><!-- .vgblk-rw-wrapper --><\/p>\n","protected":false},"excerpt":{"rendered":"<p>Cabines de nebulisation Cabines de nebulisation pour effets flamboyants avec \u00e9mail ou engobe. Disponible en versions avec: tableau \u00e9lectrique avec PLC et avec motor\u00e9ducteurs et inverseurs tableau \u00e9lectrique avec PLC et avec moteurs pas \u00e0 pas les deux versions peuvent \u00eatre \u00e9quip\u00e9es de 1, 2, 3, 4 ou 6 moteurs ind\u00e9pendants. &nbsp; DIMENSIONS LES PLUS&#8230;<\/p>\n","protected":false},"featured_media":3995,"template":"","meta":[],"product_brand":[],"product_cat":[104],"product_tag":[],"class_list":{"0":"post-3990","1":"product","2":"type-product","3":"status-publish","4":"has-post-thumbnail","6":"product_cat-dispositifs-pour-lignes-demaillage","8":"first","9":"instock","10":"shipping-taxable","11":"product-type-simple"},"_links":{"self":[{"href":"https:\/\/www.sertam.it\/fr\/wp-json\/wp\/v2\/product\/3990","targetHints":{"allow":["GET"]}}],"collection":[{"href":"https:\/\/www.sertam.it\/fr\/wp-json\/wp\/v2\/product"}],"about":[{"href":"https:\/\/www.sertam.it\/fr\/wp-json\/wp\/v2\/types\/product"}],"wp:featuredmedia":[{"embeddable":true,"href":"https:\/\/www.sertam.it\/fr\/wp-json\/wp\/v2\/media\/3995"}],"wp:attachment":[{"href":"https:\/\/www.sertam.it\/fr\/wp-json\/wp\/v2\/media?parent=3990"}],"wp:term":[{"taxonomy":"product_brand","embeddable":true,"href":"https:\/\/www.sertam.it\/fr\/wp-json\/wp\/v2\/product_brand?post=3990"},{"taxonomy":"product_cat","embeddable":true,"href":"https:\/\/www.sertam.it\/fr\/wp-json\/wp\/v2\/product_cat?post=3990"},{"taxonomy":"product_tag","embeddable":true,"href":"https:\/\/www.sertam.it\/fr\/wp-json\/wp\/v2\/product_tag?post=3990"}],"curies":[{"name":"wp","href":"https:\/\/api.w.org\/{rel}","templated":true}]}}