{"id":4010,"date":"2019-09-19T10:55:38","date_gmt":"2019-09-19T08:55:38","guid":{"rendered":"http:\/\/smartwebmo.cloud:74\/sertam2020\/prodotto\/pompe-electrique-pour-eau-et-fixateur\/"},"modified":"2019-09-19T10:55:38","modified_gmt":"2019-09-19T08:55:38","slug":"pompe-electrique-pour-eau-et-fixateur","status":"publish","type":"product","link":"https:\/\/www.sertam.it\/fr\/prodotto\/pompe-electrique-pour-eau-et-fixateur\/","title":{"rendered":"POMPE \u00c9LECTRIQUE POUR EAU ET FIXATEUR"},"content":{"rendered":"<div class=\"vgblk-rw-wrapper limit-wrapper\">\n<p>La pompe airless \u00e9lectrique pour l&rsquo;application d&rsquo;eau et la fixation de liquides compos\u00e9e de:<\/p>\n<p>Groupe de pompage 95 Bar avec moteur \u00e9lectrique 1,5 Kw 400V;<\/p>\n<p>R\u00e9gulateur de pression;<\/p>\n<p>4 sorties haute pression;<\/p>\n<p>Filtre \u00e0 air;<\/p>\n<p>Panneau de commande \u00e9lectrique;<\/p>\n<p>Panier.<\/p>\n<p>&nbsp;<\/p>\n<p>&nbsp;<\/p>\n<p><strong>CARACT\u00c9RISTIQUES TECHNIQUES<\/strong><\/p>\n<p>&nbsp;<\/p>\n<p>Nombre de sorties: 4<\/p>\n<p>Pression de service: 10 \u00f7 40 Bar<\/p>\n<p>Pression max: 95 Bar<\/p>\n<p>Pression max: 11 Lt\/min<\/p>\n<p>Puissance install\u00e9e max: 1,5 Kw<\/p>\n<p>Tension: 400 V<\/p>\n<p>La fr\u00e9quence: 50\/60 Hz<\/p>\n<\/div>\n<p><!-- .vgblk-rw-wrapper --><\/p>\n","protected":false},"excerpt":{"rendered":"<p>La pompe airless \u00e9lectrique pour l&rsquo;application d&rsquo;eau et la fixation de liquides compos\u00e9e de: Groupe de pompage 95 Bar avec moteur \u00e9lectrique 1,5 Kw 400V; R\u00e9gulateur de pression; 4 sorties haute pression; Filtre \u00e0 air; Panneau de commande \u00e9lectrique; Panier. &nbsp; &nbsp; CARACT\u00c9RISTIQUES TECHNIQUES &nbsp; Nombre de sorties: 4 Pression de service: 10 \u00f7 40&#8230;<\/p>\n","protected":false},"featured_media":4011,"template":"","meta":[],"product_brand":[],"product_cat":[104],"product_tag":[],"class_list":{"0":"post-4010","1":"product","2":"type-product","3":"status-publish","4":"has-post-thumbnail","6":"product_cat-dispositifs-pour-lignes-demaillage","8":"first","9":"instock","10":"shipping-taxable","11":"product-type-simple"},"_links":{"self":[{"href":"https:\/\/www.sertam.it\/fr\/wp-json\/wp\/v2\/product\/4010","targetHints":{"allow":["GET"]}}],"collection":[{"href":"https:\/\/www.sertam.it\/fr\/wp-json\/wp\/v2\/product"}],"about":[{"href":"https:\/\/www.sertam.it\/fr\/wp-json\/wp\/v2\/types\/product"}],"wp:featuredmedia":[{"embeddable":true,"href":"https:\/\/www.sertam.it\/fr\/wp-json\/wp\/v2\/media\/4011"}],"wp:attachment":[{"href":"https:\/\/www.sertam.it\/fr\/wp-json\/wp\/v2\/media?parent=4010"}],"wp:term":[{"taxonomy":"product_brand","embeddable":true,"href":"https:\/\/www.sertam.it\/fr\/wp-json\/wp\/v2\/product_brand?post=4010"},{"taxonomy":"product_cat","embeddable":true,"href":"https:\/\/www.sertam.it\/fr\/wp-json\/wp\/v2\/product_cat?post=4010"},{"taxonomy":"product_tag","embeddable":true,"href":"https:\/\/www.sertam.it\/fr\/wp-json\/wp\/v2\/product_tag?post=4010"}],"curies":[{"name":"wp","href":"https:\/\/api.w.org\/{rel}","templated":true}]}}