{"id":4022,"date":"2019-09-19T10:51:05","date_gmt":"2019-09-19T08:51:05","guid":{"rendered":"http:\/\/smartwebmo.cloud:74\/sertam2020\/prodotto\/pompe-verticale-en-email-en-acier-inoxydable\/"},"modified":"2019-09-19T10:51:05","modified_gmt":"2019-09-19T08:51:05","slug":"pompe-verticale-en-email-en-acier-inoxydable","status":"publish","type":"product","link":"https:\/\/www.sertam.it\/fr\/prodotto\/pompe-verticale-en-email-en-acier-inoxydable\/","title":{"rendered":"POMPE VERTICALE EN \u00c9MAIL EN ACIER INOXYDABLE"},"content":{"rendered":"<div class=\"vgblk-rw-wrapper limit-wrapper\">\n<p>Pompe centrifuge verticale en acier inoxydable pour gla\u00e7ure, engobe et produits abrasifs.<\/p>\n<p>Particuli\u00e8rement adapt\u00e9 pour l&rsquo;alimentation des cloches, voiles, cabines \u00e0 disques, engobers et pour le transport de liquides \u00e0 haute densit\u00e9, abrasifs et corrosifs m\u00eame avec des solides en suspension, au moyen d&rsquo;un pompage centrifuge.<\/p>\n<p>&nbsp;<\/p>\n<p>Disponible avec:<\/p>\n<p>Une ou deux vannes \u00e0 bille<\/p>\n<p>Moteur \u00e9lectrique de 48V &#8211; 230 V &#8211; 400V \/ 50 \u2013 60 Hz<\/p>\n<p>Avec ou sans joint \u00e9lastique<\/p>\n<table style=\"height: 403px;\" width=\"803\">\n<tbody>\n<tr>\n<td style=\"text-align: center;\" width=\"400\">HP<\/td>\n<td style=\"text-align: center;\" width=\"400\">KW<\/td>\n<\/tr>\n<tr>\n<td style=\"text-align: center;\">0,5<\/td>\n<td style=\"text-align: center;\">0,37<\/td>\n<\/tr>\n<tr>\n<td style=\"text-align: center;\">1<\/td>\n<td style=\"text-align: center;\">0,75<\/td>\n<\/tr>\n<tr>\n<td style=\"text-align: center;\">1,5<\/td>\n<td style=\"text-align: center;\">1,1<\/td>\n<\/tr>\n<tr>\n<td style=\"text-align: center;\">2<\/td>\n<td style=\"text-align: center;\">1,5<\/td>\n<\/tr>\n<tr>\n<td style=\"text-align: center;\">3<\/td>\n<td style=\"text-align: center;\">2,2<\/td>\n<\/tr>\n<tr>\n<td style=\"text-align: center;\">4<\/td>\n<td style=\"text-align: center;\">3<\/td>\n<\/tr>\n<\/tbody>\n<\/table>\n<\/div>\n<p><!-- .vgblk-rw-wrapper --><\/p>\n","protected":false},"excerpt":{"rendered":"<p>Pompe centrifuge verticale en acier inoxydable pour gla\u00e7ure, engobe et produits abrasifs. Particuli\u00e8rement adapt\u00e9 pour l&rsquo;alimentation des cloches, voiles, cabines \u00e0 disques, engobers et pour le transport de liquides \u00e0 haute densit\u00e9, abrasifs et corrosifs m\u00eame avec des solides en suspension, au moyen d&rsquo;un pompage centrifuge. &nbsp; Disponible avec: Une ou deux vannes \u00e0 bille&#8230;<\/p>\n","protected":false},"featured_media":4029,"template":"","meta":[],"product_brand":[],"product_cat":[104],"product_tag":[],"class_list":{"0":"post-4022","1":"product","2":"type-product","3":"status-publish","4":"has-post-thumbnail","6":"product_cat-dispositifs-pour-lignes-demaillage","8":"first","9":"instock","10":"shipping-taxable","11":"product-type-simple"},"_links":{"self":[{"href":"https:\/\/www.sertam.it\/fr\/wp-json\/wp\/v2\/product\/4022","targetHints":{"allow":["GET"]}}],"collection":[{"href":"https:\/\/www.sertam.it\/fr\/wp-json\/wp\/v2\/product"}],"about":[{"href":"https:\/\/www.sertam.it\/fr\/wp-json\/wp\/v2\/types\/product"}],"wp:featuredmedia":[{"embeddable":true,"href":"https:\/\/www.sertam.it\/fr\/wp-json\/wp\/v2\/media\/4029"}],"wp:attachment":[{"href":"https:\/\/www.sertam.it\/fr\/wp-json\/wp\/v2\/media?parent=4022"}],"wp:term":[{"taxonomy":"product_brand","embeddable":true,"href":"https:\/\/www.sertam.it\/fr\/wp-json\/wp\/v2\/product_brand?post=4022"},{"taxonomy":"product_cat","embeddable":true,"href":"https:\/\/www.sertam.it\/fr\/wp-json\/wp\/v2\/product_cat?post=4022"},{"taxonomy":"product_tag","embeddable":true,"href":"https:\/\/www.sertam.it\/fr\/wp-json\/wp\/v2\/product_tag?post=4022"}],"curies":[{"name":"wp","href":"https:\/\/api.w.org\/{rel}","templated":true}]}}