{"id":4062,"date":"2019-09-19T10:49:51","date_gmt":"2019-09-19T08:49:51","guid":{"rendered":"http:\/\/smartwebmo.cloud:74\/sertam2020\/prodotto\/engobeuse-a-rouleaux-motorise-avec-unique-reservoir-2\/"},"modified":"2019-09-19T10:49:51","modified_gmt":"2019-09-19T08:49:51","slug":"engobeuse-a-rouleaux-motorise-avec-unique-reservoir-2","status":"publish","type":"product","link":"https:\/\/www.sertam.it\/fr\/prodotto\/engobeuse-a-rouleaux-motorise-avec-unique-reservoir-2\/","title":{"rendered":"ENGOBEUSE \u00c0 ROULEAUX MOTORIS\u00c9 AVEC UNIQUE R\u00c9SERVOIR"},"content":{"rendered":"<div class=\"vgblk-rw-wrapper limit-wrapper\">\n<p class=\"p1\">Dispositif pour l\u2019application d\u2019engobe dans la partie inf\u00e9rieure des carreaux.<\/p>\n<p class=\"p1\">Complet avec 1 r\u00e9servoir en acier inoxydable AISI 304.<\/p>\n<p class=\"p1\">Spingum roleau.<\/p>\n<p class=\"p1\">Avec motor\u00e9ducteur.<\/p>\n<p>Optional: Rouleau de silicone.<\/p>\n<p>&nbsp;<\/p>\n<table style=\"height: 403px;\" width=\"803\">\n<tbody>\n<tr>\n<th style=\"text-align: center;\" width=\"400\">MODEL<\/th>\n<th style=\"text-align: center;\" width=\"400\">MIN. SIZE<\/th>\n<th style=\"text-align: center;\" width=\"400\">MAX. ENTRY SIZE<\/th>\n<\/tr>\n<tr>\n<td style=\"text-align: center;\">450<\/td>\n<td style=\"text-align: center;\">100 mm<\/td>\n<td style=\"text-align: center;\">450 mm<\/td>\n<\/tr>\n<tr>\n<td style=\"text-align: center;\">660<\/td>\n<td style=\"text-align: center;\">100 mm<\/td>\n<td style=\"text-align: center;\">660 mm<\/td>\n<\/tr>\n<tr>\n<td style=\"text-align: center;\">900<\/td>\n<td style=\"text-align: center;\">100 mm<\/td>\n<td style=\"text-align: center;\">900 mm<\/td>\n<\/tr>\n<tr>\n<td style=\"text-align: center;\">1100<\/td>\n<td style=\"text-align: center;\">100 mm<\/td>\n<td style=\"text-align: center;\">1100 mm<\/td>\n<\/tr>\n<tr>\n<td style=\"text-align: center;\">1300<\/td>\n<td style=\"text-align: center;\">100 mm<\/td>\n<td style=\"text-align: center;\">1300 mm<\/td>\n<\/tr>\n<tr>\n<td style=\"text-align: center;\">1500<\/td>\n<td style=\"text-align: center;\">100 mm<\/td>\n<td style=\"text-align: center;\">1500 mm<\/td>\n<\/tr>\n<tr>\n<td style=\"text-align: center;\">1850<\/td>\n<td style=\"text-align: center;\">100 mm<\/td>\n<td style=\"text-align: center;\">1850 mm<\/td>\n<\/tr>\n<\/tbody>\n<\/table>\n<\/div>\n<p><!-- .vgblk-rw-wrapper --><\/p>\n","protected":false},"excerpt":{"rendered":"<p>Dispositif pour l\u2019application d\u2019engobe dans la partie inf\u00e9rieure des carreaux. Complet avec 1 r\u00e9servoir en acier inoxydable AISI 304. Spingum roleau. Avec motor\u00e9ducteur. Optional: Rouleau de silicone. &nbsp; MODEL MIN. SIZE MAX. ENTRY SIZE 450 100 mm 450 mm 660 100 mm 660 mm 900 100 mm 900 mm 1100 100 mm 1100 mm 1300&#8230;<\/p>\n","protected":false},"featured_media":4485,"template":"","meta":[],"product_brand":[],"product_cat":[104],"product_tag":[],"class_list":{"0":"post-4062","1":"product","2":"type-product","3":"status-publish","4":"has-post-thumbnail","6":"product_cat-dispositifs-pour-lignes-demaillage","8":"first","9":"instock","10":"shipping-taxable","11":"product-type-simple"},"_links":{"self":[{"href":"https:\/\/www.sertam.it\/fr\/wp-json\/wp\/v2\/product\/4062","targetHints":{"allow":["GET"]}}],"collection":[{"href":"https:\/\/www.sertam.it\/fr\/wp-json\/wp\/v2\/product"}],"about":[{"href":"https:\/\/www.sertam.it\/fr\/wp-json\/wp\/v2\/types\/product"}],"wp:featuredmedia":[{"embeddable":true,"href":"https:\/\/www.sertam.it\/fr\/wp-json\/wp\/v2\/media\/4485"}],"wp:attachment":[{"href":"https:\/\/www.sertam.it\/fr\/wp-json\/wp\/v2\/media?parent=4062"}],"wp:term":[{"taxonomy":"product_brand","embeddable":true,"href":"https:\/\/www.sertam.it\/fr\/wp-json\/wp\/v2\/product_brand?post=4062"},{"taxonomy":"product_cat","embeddable":true,"href":"https:\/\/www.sertam.it\/fr\/wp-json\/wp\/v2\/product_cat?post=4062"},{"taxonomy":"product_tag","embeddable":true,"href":"https:\/\/www.sertam.it\/fr\/wp-json\/wp\/v2\/product_tag?post=4062"}],"curies":[{"name":"wp","href":"https:\/\/api.w.org\/{rel}","templated":true}]}}