{"id":4098,"date":"2019-09-19T10:47:41","date_gmt":"2019-09-19T08:47:41","guid":{"rendered":"http:\/\/smartwebmo.cloud:74\/sertam2020\/prodotto\/cabine-a-unique-disc-pour-emaux-et-engobes-2\/"},"modified":"2019-09-19T10:47:41","modified_gmt":"2019-09-19T08:47:41","slug":"cabine-a-unique-disc-pour-emaux-et-engobes-2","status":"publish","type":"product","link":"https:\/\/www.sertam.it\/fr\/prodotto\/cabine-a-unique-disc-pour-emaux-et-engobes-2\/","title":{"rendered":"CABINE A UNIQUE DISC POUR \u00c9MAUX ET ENGOBES"},"content":{"rendered":"<div class=\"vgblk-rw-wrapper limit-wrapper\">\n<p>Cabine a unique r\u00e9glable disc pour \u00e9maux et engobes.<br \/>Optional: Panneau \u00e9lectrique avec onduleur.<\/p>\n<p>&nbsp;<\/p>\n<table style=\"height: 403px;\" width=\"803\">\n<tbody>\n<tr>\n<td style=\"text-align: center;\" width=\"400\">MODEL<\/td>\n<td style=\"text-align: center;\" width=\"400\">MIN. SIZE<\/td>\n<td style=\"text-align: center;\" width=\"400\">MAX. SIZE<\/td>\n<\/tr>\n<tr>\n<td style=\"text-align: center;\">450<\/td>\n<td style=\"text-align: center;\">100&#215;100 mm<\/td>\n<td style=\"text-align: center;\">450&#215;450 mm<\/td>\n<\/tr>\n<tr>\n<td style=\"text-align: center;\">660<\/td>\n<td style=\"text-align: center;\">100&#215;100 mm<\/td>\n<td style=\"text-align: center;\">660&#215;660 mm<\/td>\n<\/tr>\n<tr>\n<td style=\"text-align: center;\">900<\/td>\n<td style=\"text-align: center;\">100&#215;100 mm<\/td>\n<td style=\"text-align: center;\">900&#215;900 mm<\/td>\n<\/tr>\n<tr>\n<td style=\"text-align: center;\">1000<\/td>\n<td style=\"text-align: center;\">100&#215;100 mm<\/td>\n<td style=\"text-align: center;\">1000&#215;1000 mm<\/td>\n<\/tr>\n<tr>\n<td style=\"text-align: center;\">1100<\/td>\n<td style=\"text-align: center;\">100&#215;100 mm<\/td>\n<td style=\"text-align: center;\">1100&#215;1100 mm<\/td>\n<\/tr>\n<tr>\n<td style=\"text-align: center;\">1200<\/td>\n<td style=\"text-align: center;\">100&#215;100 mm<\/td>\n<td style=\"text-align: center;\">1200&#215;1200 mm<\/td>\n<\/tr>\n<tr>\n<td style=\"text-align: center;\">1350<\/td>\n<td style=\"text-align: center;\">100&#215;100 mm<\/td>\n<td style=\"text-align: center;\">1350&#215;1350 mm<\/td>\n<\/tr>\n<\/tbody>\n<\/table>\n<\/div>\n<p><!-- .vgblk-rw-wrapper --><\/p>\n","protected":false},"excerpt":{"rendered":"<p>Cabine a unique r\u00e9glable disc pour \u00e9maux et engobes.Optional: Panneau \u00e9lectrique avec onduleur. &nbsp; MODEL MIN. SIZE MAX. SIZE 450 100&#215;100 mm 450&#215;450 mm 660 100&#215;100 mm 660&#215;660 mm 900 100&#215;100 mm 900&#215;900 mm 1000 100&#215;100 mm 1000&#215;1000 mm 1100 100&#215;100 mm 1100&#215;1100 mm 1200 100&#215;100 mm 1200&#215;1200 mm 1350 100&#215;100 mm 1350&#215;1350 mm<\/p>\n","protected":false},"featured_media":4105,"template":"","meta":[],"product_brand":[],"product_cat":[104],"product_tag":[],"class_list":{"0":"post-4098","1":"product","2":"type-product","3":"status-publish","4":"has-post-thumbnail","6":"product_cat-dispositifs-pour-lignes-demaillage","8":"first","9":"instock","10":"shipping-taxable","11":"product-type-simple"},"_links":{"self":[{"href":"https:\/\/www.sertam.it\/fr\/wp-json\/wp\/v2\/product\/4098","targetHints":{"allow":["GET"]}}],"collection":[{"href":"https:\/\/www.sertam.it\/fr\/wp-json\/wp\/v2\/product"}],"about":[{"href":"https:\/\/www.sertam.it\/fr\/wp-json\/wp\/v2\/types\/product"}],"wp:featuredmedia":[{"embeddable":true,"href":"https:\/\/www.sertam.it\/fr\/wp-json\/wp\/v2\/media\/4105"}],"wp:attachment":[{"href":"https:\/\/www.sertam.it\/fr\/wp-json\/wp\/v2\/media?parent=4098"}],"wp:term":[{"taxonomy":"product_brand","embeddable":true,"href":"https:\/\/www.sertam.it\/fr\/wp-json\/wp\/v2\/product_brand?post=4098"},{"taxonomy":"product_cat","embeddable":true,"href":"https:\/\/www.sertam.it\/fr\/wp-json\/wp\/v2\/product_cat?post=4098"},{"taxonomy":"product_tag","embeddable":true,"href":"https:\/\/www.sertam.it\/fr\/wp-json\/wp\/v2\/product_tag?post=4098"}],"curies":[{"name":"wp","href":"https:\/\/api.w.org\/{rel}","templated":true}]}}