{"id":4119,"date":"2019-09-19T10:47:22","date_gmt":"2019-09-19T08:47:22","guid":{"rendered":"http:\/\/smartwebmo.cloud:74\/sertam2020\/prodotto\/groupe-de-scrapage-avec-disques-en-feutre\/"},"modified":"2019-09-19T10:47:22","modified_gmt":"2019-09-19T08:47:22","slug":"groupe-de-scrapage-avec-disques-en-feutre","status":"publish","type":"product","link":"https:\/\/www.sertam.it\/fr\/prodotto\/groupe-de-scrapage-avec-disques-en-feutre\/","title":{"rendered":"GROUPE DE SCRAPAGE AVEC DISQUES EN FEUTRE"},"content":{"rendered":"<div class=\"vgblk-rw-wrapper limit-wrapper\">\n<p>Machine pour enlever l\u2019\u00e9mail ou les bavures sur les c\u00f4t\u00e9s des carreaux en monocuisson ou double cuisson avec:<br \/>\u2022 Disques en feutre moyennement dur;;<br \/>\u2022 Unit\u00e9s de motorisation 0,37 Kw;<br \/>\u2022 Base de support avec barres coulissantes axiales chrom\u00e9es et vis de positionnement anti-blocage avec bo\u00eetier en acier inoxydable AISI 304;<br \/>\u2022 Possibilit\u00e9 d\u2019ajuster la hauteur et l\u2019angle des disques \u00e0 l\u2019aide des poign\u00e9e.<br \/>Les unit\u00e9s moteur et disque peuvent \u00eatre r\u00e9gl\u00e9es en ouverture et en fermeture ind\u00e9pendamment l\u2019une de l\u2019autre, le r\u00e9glage peut \u00eatre effectu\u00e9 des deux c\u00f4t\u00e9s de la machine, pouvant ainsi s\u2019adapter au format des carreaux et au niveau de consommation des disques. <br \/>La machine est \u00e9quip\u00e9e de n. 2 moteurs 0.37 Kw, tension 230 \/ 380 \/ 400 \/ 415 \/ 440 V, fr\u00e9quence 50 \/ 60 Hz<\/p>\n<p>Optional: panneau \u00e9lectrique avec 2 inverseurs pour r\u00e9gler la vitesse des disques en feutre.<\/p>\n<table style=\"height: 403px;\" width=\"803\">\n<tbody>\n<tr>\n<th style=\"text-align: center;\" width=\"400\">MODEL<\/th>\n<th style=\"text-align: center;\" width=\"400\">MIN. SIZE<\/th>\n<th style=\"text-align: center;\" width=\"400\">MAX. ENTRY SIZE<\/th>\n<\/tr>\n<tr>\n<td style=\"text-align: center;\">450<\/td>\n<td style=\"text-align: center;\">100 mm<\/td>\n<td style=\"text-align: center;\">450 mm<\/td>\n<\/tr>\n<tr>\n<td style=\"text-align: center;\">660<\/td>\n<td style=\"text-align: center;\">100 mm<\/td>\n<td style=\"text-align: center;\">660 mm<\/td>\n<\/tr>\n<tr>\n<td style=\"text-align: center;\">900<\/td>\n<td style=\"text-align: center;\">100 mm<\/td>\n<td style=\"text-align: center;\">900 mm<\/td>\n<\/tr>\n<tr>\n<td style=\"text-align: center;\">1100<\/td>\n<td style=\"text-align: center;\">100 mm<\/td>\n<td style=\"text-align: center;\">1100 mm<\/td>\n<\/tr>\n<tr>\n<td style=\"text-align: center;\">1300<\/td>\n<td style=\"text-align: center;\">100 mm<\/td>\n<td style=\"text-align: center;\">1300 mm<\/td>\n<\/tr>\n<tr>\n<td style=\"text-align: center;\">1500<\/td>\n<td style=\"text-align: center;\">100 mm<\/td>\n<td style=\"text-align: center;\">1500 mm<\/td>\n<\/tr>\n<tr>\n<td style=\"text-align: center;\">1850<\/td>\n<td style=\"text-align: center;\">100 mm<\/td>\n<td style=\"text-align: center;\">1850 mm<\/td>\n<\/tr>\n<\/tbody>\n<\/table>\n<\/div>\n<p><!-- .vgblk-rw-wrapper --><\/p>\n","protected":false},"excerpt":{"rendered":"<p>Machine pour enlever l\u2019\u00e9mail ou les bavures sur les c\u00f4t\u00e9s des carreaux en monocuisson ou double cuisson avec:\u2022 Disques en feutre moyennement dur;;\u2022 Unit\u00e9s de motorisation 0,37 Kw;\u2022 Base de support avec barres coulissantes axiales chrom\u00e9es et vis de positionnement anti-blocage avec bo\u00eetier en acier inoxydable AISI 304;\u2022 Possibilit\u00e9 d\u2019ajuster la hauteur et l\u2019angle des&#8230;<\/p>\n","protected":false},"featured_media":4120,"template":"","meta":[],"product_brand":[],"product_cat":[104],"product_tag":[],"class_list":{"0":"post-4119","1":"product","2":"type-product","3":"status-publish","4":"has-post-thumbnail","6":"product_cat-dispositifs-pour-lignes-demaillage","8":"first","9":"instock","10":"shipping-taxable","11":"product-type-simple"},"_links":{"self":[{"href":"https:\/\/www.sertam.it\/fr\/wp-json\/wp\/v2\/product\/4119","targetHints":{"allow":["GET"]}}],"collection":[{"href":"https:\/\/www.sertam.it\/fr\/wp-json\/wp\/v2\/product"}],"about":[{"href":"https:\/\/www.sertam.it\/fr\/wp-json\/wp\/v2\/types\/product"}],"wp:featuredmedia":[{"embeddable":true,"href":"https:\/\/www.sertam.it\/fr\/wp-json\/wp\/v2\/media\/4120"}],"wp:attachment":[{"href":"https:\/\/www.sertam.it\/fr\/wp-json\/wp\/v2\/media?parent=4119"}],"wp:term":[{"taxonomy":"product_brand","embeddable":true,"href":"https:\/\/www.sertam.it\/fr\/wp-json\/wp\/v2\/product_brand?post=4119"},{"taxonomy":"product_cat","embeddable":true,"href":"https:\/\/www.sertam.it\/fr\/wp-json\/wp\/v2\/product_cat?post=4119"},{"taxonomy":"product_tag","embeddable":true,"href":"https:\/\/www.sertam.it\/fr\/wp-json\/wp\/v2\/product_tag?post=4119"}],"curies":[{"name":"wp","href":"https:\/\/api.w.org\/{rel}","templated":true}]}}