{"id":4150,"date":"2019-09-19T10:44:46","date_gmt":"2019-09-19T08:44:46","guid":{"rendered":"http:\/\/smartwebmo.cloud:74\/sertam2020\/prodotto\/master-cuve-avec-pompe-et-melange-par-lames\/"},"modified":"2019-09-19T10:44:46","modified_gmt":"2019-09-19T08:44:46","slug":"master-cuve-avec-pompe-et-melange-par-lames","status":"publish","type":"product","link":"https:\/\/www.sertam.it\/fr\/prodotto\/master-cuve-avec-pompe-et-melange-par-lames\/","title":{"rendered":"MASTER CUVE AVEC POMPE ET M\u00c9LANGE PAR LAMES"},"content":{"rendered":"<div class=\"vgblk-rw-wrapper limit-wrapper\">\n<p>Master cuve avec pompe et m\u00e9lange par lames<\/p>\n<p class=\"p1\">Capacit\u00e9 60 Lt\/min;<\/p>\n<p class=\"p1\">Pr\u00e9valence 4,5m;<\/p>\n<p class=\"p1\">Moteur pompe;<\/p>\n<p class=\"p1\">Moteur agitateur;<\/p>\n<p class=\"p1\">Support en aluminium avec deux roulements et joint d&rsquo;huile;<\/p>\n<p class=\"p1\">Cuve, tube, arbre, pales d\u2019agitateur en acier inoxydable AISI 304;<\/p>\n<p class=\"p1\">Pompe \u00e0 rev\u00eatement Vulkollan, roue en nylon gauche.<\/p>\n<p class=\"p1\">Optionals:<\/p>\n<p class=\"p1\">Couvertures CE;<\/p>\n<p class=\"p1\">Protections r\u00e9seau;<\/p>\n<p class=\"p1\">Double sortie;<\/p>\n<p class=\"p1\">Tamis D.250 mm;<\/p>\n<p>R\u00e2teau lames.<\/p>\n<p>&nbsp;<\/p>\n<table style=\"height: 403px;\" width=\"803\">\n<tbody>\n<tr>\n<th style=\"text-align: center;\" width=\"400\">DIAMETER \u00d8<\/th>\n<th style=\"text-align: center;\" width=\"400\">CAPACITY IN LITERS<\/th>\n<\/tr>\n<tr>\n<td style=\"text-align: center;\">600 mm<\/td>\n<td style=\"text-align: center;\">124 L<\/td>\n<\/tr>\n<tr>\n<td style=\"text-align: center;\">800 mm<\/td>\n<td style=\"text-align: center;\">210 L<\/td>\n<\/tr>\n<tr>\n<td style=\"text-align: center;\">900 mm<\/td>\n<td style=\"text-align: center;\">265 L<\/td>\n<\/tr>\n<tr>\n<td style=\"text-align: center;\">1000 mm<\/td>\n<td style=\"text-align: center;\">330 L<\/td>\n<\/tr>\n<tr>\n<td style=\"text-align: center;\">1200 mm<\/td>\n<td style=\"text-align: center;\">500 L<\/td>\n<\/tr>\n<\/tbody>\n<\/table>\n<\/div>\n<p><!-- .vgblk-rw-wrapper --><\/p>\n","protected":false},"excerpt":{"rendered":"<p>Master cuve avec pompe et m\u00e9lange par lames Capacit\u00e9 60 Lt\/min; Pr\u00e9valence 4,5m; Moteur pompe; Moteur agitateur; Support en aluminium avec deux roulements et joint d&rsquo;huile; Cuve, tube, arbre, pales d\u2019agitateur en acier inoxydable AISI 304; Pompe \u00e0 rev\u00eatement Vulkollan, roue en nylon gauche. Optionals: Couvertures CE; Protections r\u00e9seau; Double sortie; Tamis D.250 mm; R\u00e2teau&#8230;<\/p>\n","protected":false},"featured_media":4155,"template":"","meta":[],"product_brand":[],"product_cat":[104],"product_tag":[],"class_list":{"0":"post-4150","1":"product","2":"type-product","3":"status-publish","4":"has-post-thumbnail","6":"product_cat-dispositifs-pour-lignes-demaillage","8":"first","9":"instock","10":"shipping-taxable","11":"product-type-simple"},"_links":{"self":[{"href":"https:\/\/www.sertam.it\/fr\/wp-json\/wp\/v2\/product\/4150","targetHints":{"allow":["GET"]}}],"collection":[{"href":"https:\/\/www.sertam.it\/fr\/wp-json\/wp\/v2\/product"}],"about":[{"href":"https:\/\/www.sertam.it\/fr\/wp-json\/wp\/v2\/types\/product"}],"wp:featuredmedia":[{"embeddable":true,"href":"https:\/\/www.sertam.it\/fr\/wp-json\/wp\/v2\/media\/4155"}],"wp:attachment":[{"href":"https:\/\/www.sertam.it\/fr\/wp-json\/wp\/v2\/media?parent=4150"}],"wp:term":[{"taxonomy":"product_brand","embeddable":true,"href":"https:\/\/www.sertam.it\/fr\/wp-json\/wp\/v2\/product_brand?post=4150"},{"taxonomy":"product_cat","embeddable":true,"href":"https:\/\/www.sertam.it\/fr\/wp-json\/wp\/v2\/product_cat?post=4150"},{"taxonomy":"product_tag","embeddable":true,"href":"https:\/\/www.sertam.it\/fr\/wp-json\/wp\/v2\/product_tag?post=4150"}],"curies":[{"name":"wp","href":"https:\/\/api.w.org\/{rel}","templated":true}]}}