{"id":4167,"date":"2019-09-19T10:43:43","date_gmt":"2019-09-19T08:43:43","guid":{"rendered":"http:\/\/smartwebmo.cloud:74\/sertam2020\/prodotto\/cutting-glaze\/"},"modified":"2021-01-05T11:30:26","modified_gmt":"2021-01-05T10:30:26","slug":"cutting-glaze","status":"publish","type":"product","link":"https:\/\/www.sertam.it\/fr\/prodotto\/cutting-glaze\/","title":{"rendered":"CUTTING GLAZE"},"content":{"rendered":"<div class=\"vgblk-rw-wrapper limit-wrapper\">\n<p>Appareil \u00e0 utiliser avec la velatrice ou la cloche, pour \u00e9viter de salir les courroies et par cons\u00e9quent le dessous des carreaux et les rouleaux du four. <\/p>\n<p>De cette fa\u00e7on cutting glaze permet de r\u00e9duire le gaspillage de l\u2019\u00e9mail et les co\u00fbts d\u2019entretien. <\/p>\n<p>Nombre de courroies: 2 \/ 4<\/p>\n<\/div>\n<p><!-- .vgblk-rw-wrapper --><\/p>\n","protected":false},"excerpt":{"rendered":"<p>Appareil \u00e0 utiliser avec la velatrice ou la cloche, pour \u00e9viter de salir les courroies et par cons\u00e9quent le dessous des carreaux et les rouleaux du four. De cette fa\u00e7on cutting glaze permet de r\u00e9duire le gaspillage de l\u2019\u00e9mail et les co\u00fbts d\u2019entretien. Nombre de courroies: 2 \/ 4<\/p>\n","protected":false},"featured_media":4171,"template":"","meta":[],"product_brand":[],"product_cat":[104],"product_tag":[],"class_list":{"0":"post-4167","1":"product","2":"type-product","3":"status-publish","4":"has-post-thumbnail","6":"product_cat-dispositifs-pour-lignes-demaillage","8":"first","9":"instock","10":"shipping-taxable","11":"product-type-simple"},"_links":{"self":[{"href":"https:\/\/www.sertam.it\/fr\/wp-json\/wp\/v2\/product\/4167","targetHints":{"allow":["GET"]}}],"collection":[{"href":"https:\/\/www.sertam.it\/fr\/wp-json\/wp\/v2\/product"}],"about":[{"href":"https:\/\/www.sertam.it\/fr\/wp-json\/wp\/v2\/types\/product"}],"wp:featuredmedia":[{"embeddable":true,"href":"https:\/\/www.sertam.it\/fr\/wp-json\/wp\/v2\/media\/4171"}],"wp:attachment":[{"href":"https:\/\/www.sertam.it\/fr\/wp-json\/wp\/v2\/media?parent=4167"}],"wp:term":[{"taxonomy":"product_brand","embeddable":true,"href":"https:\/\/www.sertam.it\/fr\/wp-json\/wp\/v2\/product_brand?post=4167"},{"taxonomy":"product_cat","embeddable":true,"href":"https:\/\/www.sertam.it\/fr\/wp-json\/wp\/v2\/product_cat?post=4167"},{"taxonomy":"product_tag","embeddable":true,"href":"https:\/\/www.sertam.it\/fr\/wp-json\/wp\/v2\/product_tag?post=4167"}],"curies":[{"name":"wp","href":"https:\/\/api.w.org\/{rel}","templated":true}]}}